{"id":41295,"date":"2023-12-23T02:47:40","date_gmt":"2023-12-23T02:47:40","guid":{"rendered":"https:\/\/e.kosmolat.eu\/product\/vollare-men-pretgrumbu-nakts-sejas-krems-viriesiem-50-ml\/"},"modified":"2026-04-11T18:13:45","modified_gmt":"2026-04-11T18:13:45","slug":"vollare-men-pretgrumbu-nakts-sejas-krems-viriesiem-50-ml","status":"publish","type":"product","link":"https:\/\/e.kosmolat.eu\/lt\/produktas\/vollare-men-pretgrumbu-nakts-sejas-krems-viriesiem-50-ml\/","title":{"rendered":"VOLLARE Naktinis veido kremas nuo rauk\u0161li\u0173 vyrams, 50 ml"},"content":{"rendered":"<p>Pastebimai suma\u017eina rauk&scaron;li\u0173 atsiradim\u0105 ir l\u0117tina odos sen\u0117jimo proces\u0105. Sud\u0117tyje yra gaivinan\u010dio apyni\u0173 ekstrakto, valomosios anglies ir stiprinan\u010dio raudon\u0173j\u0173 dumbli\u0173 ekstrakto.<\/p>\n<p><strong>Naudojimas: <\/strong>Tepkite ant &scaron;varios odos ir sukamaisiais judesiais masa\u017euokite.<br \/>\n&nbsp;<\/p>\n","protected":false},"excerpt":{"rendered":"<p>Pastebimai suma\u017eina rauk&scaron;li\u0173 atsiradim\u0105 ir l\u0117tina odos sen\u0117jimo proces\u0105. Sud\u0117tyje yra gaivinan\u010dio apyni\u0173 ekstrakto, valomosios anglies ir stiprinan\u010dio raudon\u0173j\u0173 dumbli\u0173 ekstrakto. Naudojimas: Tepkite ant &scaron;varios odos ir sukamaisiais judesiais masa\u017euokite. &nbsp;<\/p>\n","protected":false},"featured_media":87430,"template":"","meta":[],"product_cat":[1678],"product_tag":[],"class_list":{"0":"post-41295","1":"product","2":"type-product","3":"status-publish","4":"has-post-thumbnail","6":"product_brand-sale-lt","7":"product_cat-veido-prieziurai","9":"first","10":"instock","11":"taxable","12":"shipping-taxable","13":"product-type-simple"},"_links":{"self":[{"href":"https:\/\/e.kosmolat.eu\/lt\/wp-json\/wp\/v2\/product\/41295","targetHints":{"allow":["GET"]}}],"collection":[{"href":"https:\/\/e.kosmolat.eu\/lt\/wp-json\/wp\/v2\/product"}],"about":[{"href":"https:\/\/e.kosmolat.eu\/lt\/wp-json\/wp\/v2\/types\/product"}],"wp:featuredmedia":[{"embeddable":true,"href":"https:\/\/e.kosmolat.eu\/lt\/wp-json\/wp\/v2\/media\/87430"}],"wp:attachment":[{"href":"https:\/\/e.kosmolat.eu\/lt\/wp-json\/wp\/v2\/media?parent=41295"}],"wp:term":[{"taxonomy":"product_cat","embeddable":true,"href":"https:\/\/e.kosmolat.eu\/lt\/wp-json\/wp\/v2\/product_cat?post=41295"},{"taxonomy":"product_tag","embeddable":true,"href":"https:\/\/e.kosmolat.eu\/lt\/wp-json\/wp\/v2\/product_tag?post=41295"}],"curies":[{"name":"wp","href":"https:\/\/api.w.org\/{rel}","templated":true}]}}