{"id":41275,"date":"2023-12-23T02:45:47","date_gmt":"2023-12-23T02:45:47","guid":{"rendered":"https:\/\/e.kosmolat.eu\/product\/vollare-mitrin-un-izlidzinoss-roku-un-nagu-krems-100-ml\/"},"modified":"2025-09-19T23:47:33","modified_gmt":"2025-09-19T23:47:33","slug":"vollare-mitrin-un-izlidzinoss-roku-un-nagu-krems-100-ml","status":"publish","type":"product","link":"https:\/\/e.kosmolat.eu\/lt\/produktas\/vollare-mitrin-un-izlidzinoss-roku-un-nagu-krems-100-ml\/","title":{"rendered":"VOLLARE Dr\u0117kinamasis ir glotninamasis kremas rankoms ir nagams, 100 ml"},"content":{"rendered":"<p>Kasdienei sausos ir elastingos odos prie\u017ei\u016brai. Hialurono r\u016bg&scaron;tis palaiko optimal\u0173 hidratacijos lyg\u012f. Baltymai d\u0117l geb\u0117jimo suformuoti pl\u0117vel\u0119 stangrina ir daro od\u0105 elastingesn\u0119. Kolagenas suteikia odai elastingumo ir ilgai maitina.<\/p>\n<p><strong>Naudojimas: <\/strong>nedidel\u012f kiek\u012f kremo u\u017etepkite ant &scaron;varios rank\u0173 ir nag\u0173 odos ir lengvais masa\u017euojamaisiais judesiais \u012ftrinkite.<br \/>\n&nbsp;<\/p>\n","protected":false},"excerpt":{"rendered":"<p>Kasdienei sausos ir elastingos odos prie\u017ei\u016brai. Hialurono r\u016bg&scaron;tis palaiko optimal\u0173 hidratacijos lyg\u012f. Baltymai d\u0117l geb\u0117jimo suformuoti pl\u0117vel\u0119 stangrina ir daro od\u0105 elastingesn\u0119. Kolagenas suteikia odai elastingumo ir ilgai maitina. Naudojimas: nedidel\u012f kiek\u012f kremo u\u017etepkite ant &scaron;varios rank\u0173 ir nag\u0173 odos ir lengvais masa\u017euojamaisiais judesiais \u012ftrinkite. &nbsp;<\/p>\n","protected":false},"featured_media":87406,"template":"","meta":[],"product_cat":[1304],"product_tag":[],"class_list":{"0":"post-41275","1":"product","2":"type-product","3":"status-publish","4":"has-post-thumbnail","6":"product_brand-verona_pl-lt","7":"product_cat-ranku-prieziuros-kosmetika","9":"first","10":"outofstock","11":"taxable","12":"shipping-taxable","13":"product-type-simple"},"_links":{"self":[{"href":"https:\/\/e.kosmolat.eu\/lt\/wp-json\/wp\/v2\/product\/41275","targetHints":{"allow":["GET"]}}],"collection":[{"href":"https:\/\/e.kosmolat.eu\/lt\/wp-json\/wp\/v2\/product"}],"about":[{"href":"https:\/\/e.kosmolat.eu\/lt\/wp-json\/wp\/v2\/types\/product"}],"wp:featuredmedia":[{"embeddable":true,"href":"https:\/\/e.kosmolat.eu\/lt\/wp-json\/wp\/v2\/media\/87406"}],"wp:attachment":[{"href":"https:\/\/e.kosmolat.eu\/lt\/wp-json\/wp\/v2\/media?parent=41275"}],"wp:term":[{"taxonomy":"product_cat","embeddable":true,"href":"https:\/\/e.kosmolat.eu\/lt\/wp-json\/wp\/v2\/product_cat?post=41275"},{"taxonomy":"product_tag","embeddable":true,"href":"https:\/\/e.kosmolat.eu\/lt\/wp-json\/wp\/v2\/product_tag?post=41275"}],"curies":[{"name":"wp","href":"https:\/\/api.w.org\/{rel}","templated":true}]}}