{"id":41271,"date":"2023-12-23T02:45:21","date_gmt":"2023-12-23T02:45:21","guid":{"rendered":"https:\/\/e.kosmolat.eu\/product\/vollare-sejas-maska-maksimala-atjaunosana-2-x-5-ml\/"},"modified":"2025-09-19T23:47:18","modified_gmt":"2025-09-19T23:47:18","slug":"vollare-sejas-maska-maksimala-atjaunosana-2-x-5-ml","status":"publish","type":"product","link":"https:\/\/e.kosmolat.eu\/lt\/produktas\/vollare-sejas-maska-maksimala-atjaunosana-2-x-5-ml\/","title":{"rendered":"VOLLARE Veido kauk\u0117 Maksimalus atk\u016brimas, 2 x 5 ml"},"content":{"rendered":"<p>Giliai regeneruoja od\u0105 ir apsaugo nuo i&scaron;saus\u0117jimo, kur\u012f sukelia per didelis dr\u0117gm\u0117s praradimas. Sud\u0117tyje yra keramid\u0173 ir maitinam\u0173j\u0173 nat\u016brali\u0173 aliej\u0173, kurie dr\u0117kina ir kondicionuoja od\u0105, kartu apsaugant j\u0105 nuo aplinkos agresori\u0173. Produktas skirtas bet kokio tipo brand\u017eiai odai.<\/p>\n<p><strong>Naudojimas: <\/strong>U\u017etepkite stor\u0105 kauk\u0117s sluoksn\u012f ant &scaron;varios veido, kaklo ir dekolt\u0117 odos, vengdami aki\u0173 ir l\u016bp\u0173. Palikite 10-15 min. Kauk\u0117s pertekli\u0173 \u012fmasa\u017euokite \u012f od\u0105 arba nuvalykite vatos diskeliu. Po kauk\u0117s tepkite krem\u0105, atitinkant\u012f j\u016bs\u0173 odos tip\u0105.<br \/>\n&nbsp;<\/p>\n","protected":false},"excerpt":{"rendered":"<p>Giliai regeneruoja od\u0105 ir apsaugo nuo i&scaron;saus\u0117jimo, kur\u012f sukelia per didelis dr\u0117gm\u0117s praradimas. Sud\u0117tyje yra keramid\u0173 ir maitinam\u0173j\u0173 nat\u016brali\u0173 aliej\u0173, kurie dr\u0117kina ir kondicionuoja od\u0105, kartu apsaugant j\u0105 nuo aplinkos agresori\u0173. Produktas skirtas bet kokio tipo brand\u017eiai odai. Naudojimas: U\u017etepkite stor\u0105 kauk\u0117s sluoksn\u012f ant &scaron;varios veido, kaklo ir dekolt\u0117 odos, vengdami aki\u0173 ir l\u016bp\u0173. Palikite [&#8230;]\n","protected":false},"featured_media":87402,"template":"","meta":[],"product_cat":[1369],"product_tag":[],"class_list":{"0":"post-41271","1":"product","2":"type-product","3":"status-publish","4":"has-post-thumbnail","6":"product_brand-malina-akcija-lt","7":"product_cat-veido-kaukes","9":"first","10":"outofstock","11":"taxable","12":"shipping-taxable","13":"product-type-simple"},"_links":{"self":[{"href":"https:\/\/e.kosmolat.eu\/lt\/wp-json\/wp\/v2\/product\/41271","targetHints":{"allow":["GET"]}}],"collection":[{"href":"https:\/\/e.kosmolat.eu\/lt\/wp-json\/wp\/v2\/product"}],"about":[{"href":"https:\/\/e.kosmolat.eu\/lt\/wp-json\/wp\/v2\/types\/product"}],"wp:featuredmedia":[{"embeddable":true,"href":"https:\/\/e.kosmolat.eu\/lt\/wp-json\/wp\/v2\/media\/87402"}],"wp:attachment":[{"href":"https:\/\/e.kosmolat.eu\/lt\/wp-json\/wp\/v2\/media?parent=41271"}],"wp:term":[{"taxonomy":"product_cat","embeddable":true,"href":"https:\/\/e.kosmolat.eu\/lt\/wp-json\/wp\/v2\/product_cat?post=41271"},{"taxonomy":"product_tag","embeddable":true,"href":"https:\/\/e.kosmolat.eu\/lt\/wp-json\/wp\/v2\/product_tag?post=41271"}],"curies":[{"name":"wp","href":"https:\/\/api.w.org\/{rel}","templated":true}]}}