{"id":41267,"date":"2023-12-23T02:44:56","date_gmt":"2023-12-23T02:44:56","guid":{"rendered":"https:\/\/e.kosmolat.eu\/product\/vollare-sejas-maska-ideals-gludums-2-x-5-ml\/"},"modified":"2025-09-19T23:47:01","modified_gmt":"2025-09-19T23:47:01","slug":"vollare-sejas-maska-ideals-gludums-2-x-5-ml","status":"publish","type":"product","link":"https:\/\/e.kosmolat.eu\/lt\/produktas\/vollare-sejas-maska-ideals-gludums-2-x-5-ml\/","title":{"rendered":"VOLLARE Veido kauk\u0117 Idealus lygumas, 2 x 5 ml"},"content":{"rendered":"<p>Akimirksniu padaro od\u0105 elasting\u0105, atkuria ir gr\u0105\u017eina komforto jausm\u0105. Argano aliejus, 24 karat\u0173 auksas ir raudon\u0173j\u0173 dumbli\u0173 ekstraktas pasi\u017eymi stipriu antioksidaciniu poveikiu d\u0117l savo sen\u0117jim\u0105 stabdan\u010di\u0173 savybi\u0173. Veido oda \u012fgauna elastingumo, spindesio ir tampa sudr\u0117kinta.<br \/>\n&nbsp;<br \/>\n<strong>Naudojimas:<\/strong> U\u017etepkite stor\u0105 kauk\u0117s sluoksn\u012f ant &scaron;varios veido, kaklo ir dekolt\u0117 odos, vengdami aki\u0173 ir l\u016bp\u0173. Palikite 10-15 min. Kauk\u0117s pertekli\u0173 \u012fmasa\u017euokite \u012f od\u0105 arba nuvalykite vatos diskeliu. Po kauk\u0117s tepkite krem\u0105, atitinkant\u012f j\u016bs\u0173 odos tip\u0105.<br \/>\n&nbsp;<\/p>\n","protected":false},"excerpt":{"rendered":"<p>Akimirksniu padaro od\u0105 elasting\u0105, atkuria ir gr\u0105\u017eina komforto jausm\u0105. Argano aliejus, 24 karat\u0173 auksas ir raudon\u0173j\u0173 dumbli\u0173 ekstraktas pasi\u017eymi stipriu antioksidaciniu poveikiu d\u0117l savo sen\u0117jim\u0105 stabdan\u010di\u0173 savybi\u0173. Veido oda \u012fgauna elastingumo, spindesio ir tampa sudr\u0117kinta. &nbsp; Naudojimas: U\u017etepkite stor\u0105 kauk\u0117s sluoksn\u012f ant &scaron;varios veido, kaklo ir dekolt\u0117 odos, vengdami aki\u0173 ir l\u016bp\u0173. Palikite 10-15 min. [&#8230;]\n","protected":false},"featured_media":87398,"template":"","meta":[],"product_cat":[1369],"product_tag":[],"class_list":{"0":"post-41267","1":"product","2":"type-product","3":"status-publish","4":"has-post-thumbnail","6":"product_brand-malina-akcija-lt","7":"product_cat-veido-kaukes","9":"first","10":"outofstock","11":"taxable","12":"shipping-taxable","13":"product-type-simple"},"_links":{"self":[{"href":"https:\/\/e.kosmolat.eu\/lt\/wp-json\/wp\/v2\/product\/41267","targetHints":{"allow":["GET"]}}],"collection":[{"href":"https:\/\/e.kosmolat.eu\/lt\/wp-json\/wp\/v2\/product"}],"about":[{"href":"https:\/\/e.kosmolat.eu\/lt\/wp-json\/wp\/v2\/types\/product"}],"wp:featuredmedia":[{"embeddable":true,"href":"https:\/\/e.kosmolat.eu\/lt\/wp-json\/wp\/v2\/media\/87398"}],"wp:attachment":[{"href":"https:\/\/e.kosmolat.eu\/lt\/wp-json\/wp\/v2\/media?parent=41267"}],"wp:term":[{"taxonomy":"product_cat","embeddable":true,"href":"https:\/\/e.kosmolat.eu\/lt\/wp-json\/wp\/v2\/product_cat?post=41267"},{"taxonomy":"product_tag","embeddable":true,"href":"https:\/\/e.kosmolat.eu\/lt\/wp-json\/wp\/v2\/product_tag?post=41267"}],"curies":[{"name":"wp","href":"https:\/\/api.w.org\/{rel}","templated":true}]}}