{"id":41263,"date":"2023-12-23T02:44:26","date_gmt":"2023-12-23T02:44:26","guid":{"rendered":"https:\/\/e.kosmolat.eu\/product\/vollare-sejas-maska-momentana-tvirtuma-atjaunos-2-x-5-ml\/"},"modified":"2025-09-19T23:46:46","modified_gmt":"2025-09-19T23:46:46","slug":"vollare-sejas-maska-momentana-tvirtuma-atjaunos-2-x-5-ml","status":"publish","type":"product","link":"https:\/\/e.kosmolat.eu\/lt\/produktas\/vollare-sejas-maska-momentana-tvirtuma-atjaunos-2-x-5-ml\/","title":{"rendered":"VOLLARE Veido kauk\u0117 Stangrumo atk\u016brimas akimirksniu, 2 x 5 ml"},"content":{"rendered":"<p>I&scaron;lygina od\u0105 ir intensyviai j\u0105 dr\u0117kina, kad pasiekt\u0173 puik\u0173 atjauninant\u012f poveik\u012f. Sud\u0117tyje esan\u010dio tara med\u017eio ekstrakto, mineral\u0173 ir peptid\u0173 d\u0117ka jis pasi\u017eymi tausojan\u010diomis savyb\u0117mis, kurios leid\u017eia odai atgauti jaunatvi&scaron;k\u0105 spindes\u012f. Produktas skirtas bet kokio tipo brand\u017eiai odai.<\/p>\n<p><strong>Naudojimas:<\/strong> U\u017etepkite kauk\u0119 storu sluoksniu ant &scaron;varios veido, kaklo ir dekolt\u0117 odos, vengiant aki\u0173 ir l\u016bp\u0173. Palikite 10-15 min. Kauk\u0117s pertekli\u0173 \u012fmasa\u017euokite \u012f od\u0105 arba nuvalykite vatos diskeliu. U\u017etepkite krem\u0105, atitinkant\u012f j\u016bs\u0173 odos tip\u0105.<br \/>\n&nbsp;<\/p>\n","protected":false},"excerpt":{"rendered":"<p>I&scaron;lygina od\u0105 ir intensyviai j\u0105 dr\u0117kina, kad pasiekt\u0173 puik\u0173 atjauninant\u012f poveik\u012f. Sud\u0117tyje esan\u010dio tara med\u017eio ekstrakto, mineral\u0173 ir peptid\u0173 d\u0117ka jis pasi\u017eymi tausojan\u010diomis savyb\u0117mis, kurios leid\u017eia odai atgauti jaunatvi&scaron;k\u0105 spindes\u012f. Produktas skirtas bet kokio tipo brand\u017eiai odai. Naudojimas: U\u017etepkite kauk\u0119 storu sluoksniu ant &scaron;varios veido, kaklo ir dekolt\u0117 odos, vengiant aki\u0173 ir l\u016bp\u0173. Palikite 10-15 [&#8230;]\n","protected":false},"featured_media":87394,"template":"","meta":[],"product_cat":[1369],"product_tag":[],"class_list":{"0":"post-41263","1":"product","2":"type-product","3":"status-publish","4":"has-post-thumbnail","6":"product_brand-malina-akcija-lt","7":"product_cat-veido-kaukes","9":"first","10":"outofstock","11":"taxable","12":"shipping-taxable","13":"product-type-simple"},"_links":{"self":[{"href":"https:\/\/e.kosmolat.eu\/lt\/wp-json\/wp\/v2\/product\/41263","targetHints":{"allow":["GET"]}}],"collection":[{"href":"https:\/\/e.kosmolat.eu\/lt\/wp-json\/wp\/v2\/product"}],"about":[{"href":"https:\/\/e.kosmolat.eu\/lt\/wp-json\/wp\/v2\/types\/product"}],"wp:featuredmedia":[{"embeddable":true,"href":"https:\/\/e.kosmolat.eu\/lt\/wp-json\/wp\/v2\/media\/87394"}],"wp:attachment":[{"href":"https:\/\/e.kosmolat.eu\/lt\/wp-json\/wp\/v2\/media?parent=41263"}],"wp:term":[{"taxonomy":"product_cat","embeddable":true,"href":"https:\/\/e.kosmolat.eu\/lt\/wp-json\/wp\/v2\/product_cat?post=41263"},{"taxonomy":"product_tag","embeddable":true,"href":"https:\/\/e.kosmolat.eu\/lt\/wp-json\/wp\/v2\/product_tag?post=41263"}],"curies":[{"name":"wp","href":"https:\/\/api.w.org\/{rel}","templated":true}]}}