{"id":41259,"date":"2023-12-23T02:44:08","date_gmt":"2023-12-23T02:44:08","guid":{"rendered":"https:\/\/e.kosmolat.eu\/product\/vollare-age-creator-stiprin-pretgrumbu-kr-50-lifting-creator-50-ml\/"},"modified":"2025-09-19T23:46:04","modified_gmt":"2025-09-19T23:46:04","slug":"vollare-age-creator-stiprin-pretgrumbu-kr-50-lifting-creator-50-ml","status":"publish","type":"product","link":"https:\/\/e.kosmolat.eu\/lt\/produktas\/vollare-age-creator-stiprin-pretgrumbu-kr-50-lifting-creator-50-ml\/","title":{"rendered":"VOLLARE Age Creator Stangrinantis kremas nuo rauk\u0161li\u0173 50+ Lifting Creator, 50 ml"},"content":{"rendered":"<p>Dieninis ir naktinis veido kremas nuo rauk&scaron;li\u0173 stangrinantis, sukurtas kaip kasdien\u0117s odos prie\u017ei\u016bros elementas moterims nuo 50 met\u0173, nepriklausomai nuo j\u0173 odos tipo. Kremas ma\u017eina rauk&scaron;les ir atgaivina od\u0105. I&scaron;lygina odos atspalv\u012f, kad atrodyt\u0173 spindinti ir apsaugot\u0173 nuo \u017ealingo laisv\u0173j\u0173 radikal\u0173 poveikio.<\/p>\n<ul>\n<li>SNAP-8 yra peptidas, kuris neutralizuoja nuolatin\u0119 odos \u012ftamp\u0105, ma\u017eina rauk&scaron;li\u0173 atsiradim\u0105.<\/li>\n<li>Hialurono r\u016bg&scaron;tis &ndash; intensyviai dr\u0117kina ir lygina od\u0105, taip pat didina elastingum\u0105 ir suteikia ilgalaik\u012f stangrinimo efekt\u0105.<\/li>\n<li>Vitaminas E &ndash; efektyviai apsaugo od\u0105 nuo \u017ealingo laisv\u0173j\u0173 radikal\u0173 poveikio. Taip pat \u017einomas kaip jaunyst\u0117s vitaminas d\u0117l savo geb\u0117jimo pailginti odos jaunatvi&scaron;kum\u0105.<\/li>\n<\/ul>\n<p><strong>Naudojimas: <\/strong>tepkite krem\u0105 ant &scaron;varios veido, kaklo ir dekolt\u0117 odos ryte ir vakare.<br \/>\n&nbsp;<\/p>\n","protected":false},"excerpt":{"rendered":"<p>Dieninis ir naktinis veido kremas nuo rauk&scaron;li\u0173 stangrinantis, sukurtas kaip kasdien\u0117s odos prie\u017ei\u016bros elementas moterims nuo 50 met\u0173, nepriklausomai nuo j\u0173 odos tipo. Kremas ma\u017eina rauk&scaron;les ir atgaivina od\u0105. I&scaron;lygina odos atspalv\u012f, kad atrodyt\u0173 spindinti ir apsaugot\u0173 nuo \u017ealingo laisv\u0173j\u0173 radikal\u0173 poveikio. SNAP-8 yra peptidas, kuris neutralizuoja nuolatin\u0119 odos \u012ftamp\u0105, ma\u017eina rauk&scaron;li\u0173 atsiradim\u0105. Hialurono r\u016bg&scaron;tis [&#8230;]\n","protected":false},"featured_media":87382,"template":"","meta":[],"product_cat":[1322],"product_tag":[],"class_list":{"0":"post-41259","1":"product","2":"type-product","3":"status-publish","4":"has-post-thumbnail","6":"product_brand-verona_pl-lt","7":"product_cat-veido-kremai","9":"first","10":"outofstock","11":"taxable","12":"shipping-taxable","13":"product-type-simple"},"_links":{"self":[{"href":"https:\/\/e.kosmolat.eu\/lt\/wp-json\/wp\/v2\/product\/41259","targetHints":{"allow":["GET"]}}],"collection":[{"href":"https:\/\/e.kosmolat.eu\/lt\/wp-json\/wp\/v2\/product"}],"about":[{"href":"https:\/\/e.kosmolat.eu\/lt\/wp-json\/wp\/v2\/types\/product"}],"wp:featuredmedia":[{"embeddable":true,"href":"https:\/\/e.kosmolat.eu\/lt\/wp-json\/wp\/v2\/media\/87382"}],"wp:attachment":[{"href":"https:\/\/e.kosmolat.eu\/lt\/wp-json\/wp\/v2\/media?parent=41259"}],"wp:term":[{"taxonomy":"product_cat","embeddable":true,"href":"https:\/\/e.kosmolat.eu\/lt\/wp-json\/wp\/v2\/product_cat?post=41259"},{"taxonomy":"product_tag","embeddable":true,"href":"https:\/\/e.kosmolat.eu\/lt\/wp-json\/wp\/v2\/product_tag?post=41259"}],"curies":[{"name":"wp","href":"https:\/\/api.w.org\/{rel}","templated":true}]}}