{"id":41203,"date":"2023-12-23T02:40:15","date_gmt":"2023-12-23T02:40:15","guid":{"rendered":"https:\/\/e.kosmolat.eu\/product\/cl-stiprin-samp-visiem-matu-tipiem-natre-390-ml\/"},"modified":"2025-09-19T23:41:35","modified_gmt":"2025-09-19T23:41:35","slug":"cl-stiprin-samp-visiem-matu-tipiem-natre-390-ml","status":"publish","type":"product","link":"https:\/\/e.kosmolat.eu\/lt\/produktas\/cl-stiprin-samp-visiem-matu-tipiem-natre-390-ml\/","title":{"rendered":"\u010cISTAJA LINIJA \u0160amp\u016bnas stiprinantis \u017eoleli\u0173 nuoviro pagrindu, visiems plauk\u0173 tipams Dilg\u0117l\u0117, 390 ml"},"content":{"rendered":"<p>Nauja formul\u0117 su Nature Plus Essence 5 ekstraktais ir aliejais (verben\u0173, \u0161alavij\u0173 &nbsp;er\u0161k\u0117tuogi\u0173 ekstraktai, migdol\u0173 ir lin\u0173 aliejus). Aktyv\u016bs nat\u016bral\u016bs ingredientai apsaugo nuo plauk\u0173 slinkimo, maitina ir saugo plaukus nuo pa\u017eeidim\u0173. Dviguba dilg\u0117l\u0117s koncentracija, stiprina plauk\u0173 \u0161aknis, skatina j\u0173 augim\u0105, apsaugo nuo slinkimo. 97% nat\u016bralios kilm\u0117s komponent\u0173.<\/p>\n<p><strong>Naudojimo b\u016bdas:<\/strong> nu\u017etepkite ant dr\u0117gn\u0173 plauk\u0173, sukelkite putas, tada nuplaukite vandeniu.&nbsp;Patekus \u012f akis, kruop\u0161\u010diai nuplaukite vandeniu.<\/p>\n<p>Laikyti nuo +5 &deg;C iki +25 &deg;C temperat\u016broje.<\/p>\n","protected":false},"excerpt":{"rendered":"<p>Nauja formul\u0117 su Nature Plus Essence 5 ekstraktais ir aliejais (verben\u0173, \u0161alavij\u0173 &nbsp;er\u0161k\u0117tuogi\u0173 ekstraktai, migdol\u0173 ir lin\u0173 aliejus). Aktyv\u016bs nat\u016bral\u016bs ingredientai apsaugo nuo plauk\u0173 slinkimo, maitina ir saugo plaukus nuo pa\u017eeidim\u0173. Dviguba dilg\u0117l\u0117s koncentracija, stiprina plauk\u0173 \u0161aknis, skatina j\u0173 augim\u0105, apsaugo nuo slinkimo. 97% nat\u016bralios kilm\u0117s komponent\u0173. Naudojimo b\u016bdas: nu\u017etepkite ant dr\u0117gn\u0173 plauk\u0173, sukelkite putas, [&#8230;]\n","protected":false},"featured_media":87302,"template":"","meta":[],"product_cat":[1251],"product_tag":[],"class_list":{"0":"post-41203","1":"product","2":"type-product","3":"status-publish","4":"has-post-thumbnail","6":"product_brand-unilever-ua-lt","7":"product_cat-sampunai","9":"first","10":"outofstock","11":"taxable","12":"shipping-taxable","13":"product-type-simple"},"_links":{"self":[{"href":"https:\/\/e.kosmolat.eu\/lt\/wp-json\/wp\/v2\/product\/41203","targetHints":{"allow":["GET"]}}],"collection":[{"href":"https:\/\/e.kosmolat.eu\/lt\/wp-json\/wp\/v2\/product"}],"about":[{"href":"https:\/\/e.kosmolat.eu\/lt\/wp-json\/wp\/v2\/types\/product"}],"wp:featuredmedia":[{"embeddable":true,"href":"https:\/\/e.kosmolat.eu\/lt\/wp-json\/wp\/v2\/media\/87302"}],"wp:attachment":[{"href":"https:\/\/e.kosmolat.eu\/lt\/wp-json\/wp\/v2\/media?parent=41203"}],"wp:term":[{"taxonomy":"product_cat","embeddable":true,"href":"https:\/\/e.kosmolat.eu\/lt\/wp-json\/wp\/v2\/product_cat?post=41203"},{"taxonomy":"product_tag","embeddable":true,"href":"https:\/\/e.kosmolat.eu\/lt\/wp-json\/wp\/v2\/product_tag?post=41203"}],"curies":[{"name":"wp","href":"https:\/\/api.w.org\/{rel}","templated":true}]}}