{"id":41151,"date":"2023-12-23T02:36:57","date_gmt":"2023-12-23T02:36:57","guid":{"rendered":"https:\/\/e.kosmolat.eu\/product\/multi-action-zobu-birste-32-perles-936-c\/"},"modified":"2026-04-10T11:28:49","modified_gmt":"2026-04-10T11:28:49","slug":"multi-action-zobu-birste-32-perles-936-c","status":"publish","type":"product","link":"https:\/\/e.kosmolat.eu\/lt\/produktas\/multi-action-zobu-birste-32-perles-936-c\/","title":{"rendered":"32 PEARLAI dant\u0173 \u0161epet\u0117lis Multi Action vidutinio kietumo"},"content":{"rendered":"<p>Auk\u0161tos kokyb\u0117s vidutinio kietumo \u0161ereliai su u\u017eapvalintais &nbsp;galiukais ir guminiais intarpais \u0161epet\u0117lio galvut\u0117s \u0161onuose u\u017etikrina aktyv\u0173 sunkiai pasiekiam\u0173 burnos ertm\u0117s viet\u0173 valym\u0105 nuo apna\u0161\u0173.&nbsp;Gumin\u0117s pagalv\u0117l\u0117s ant rankenos neleid\u017eia \u0161epet\u0117liui slysti rankoje naudojimo metu.<\/p>\n<p>Laikykite \u0161epet\u012f vertikalioje pad\u0117tyje, darbine dalimi \u012f vir\u0161\u0173.<\/p>\n<p>Prie\u0161 naudodami nauj\u0105 \u0161epet\u012f nuplaukite \u0161iltu vandeniu.<\/p>\n<p><strong>Geriausias: <\/strong>5 metai nuo pagaminimo datos<br \/>\n&nbsp;<\/p>\n","protected":false},"excerpt":{"rendered":"<p>Auk\u0161tos kokyb\u0117s vidutinio kietumo \u0161ereliai su u\u017eapvalintais &nbsp;galiukais ir guminiais intarpais \u0161epet\u0117lio galvut\u0117s \u0161onuose u\u017etikrina aktyv\u0173 sunkiai pasiekiam\u0173 burnos ertm\u0117s viet\u0173 valym\u0105 nuo apna\u0161\u0173.&nbsp;Gumin\u0117s pagalv\u0117l\u0117s ant rankenos neleid\u017eia \u0161epet\u0117liui slysti rankoje naudojimo metu. Laikykite \u0161epet\u012f vertikalioje pad\u0117tyje, darbine dalimi \u012f vir\u0161\u0173. Prie\u0161 naudodami nauj\u0105 \u0161epet\u012f nuplaukite \u0161iltu vandeniu. Geriausias: 5 metai nuo pagaminimo datos &nbsp;<\/p>\n","protected":false},"featured_media":99449,"template":"","meta":[],"product_cat":[1354],"product_tag":[],"class_list":{"0":"post-41151","1":"product","2":"type-product","3":"status-publish","4":"has-post-thumbnail","6":"product_brand-modum_by-lt","7":"product_cat-dantu-sepeteliai","9":"first","10":"instock","11":"taxable","12":"shipping-taxable","13":"product-type-simple"},"_links":{"self":[{"href":"https:\/\/e.kosmolat.eu\/lt\/wp-json\/wp\/v2\/product\/41151","targetHints":{"allow":["GET"]}}],"collection":[{"href":"https:\/\/e.kosmolat.eu\/lt\/wp-json\/wp\/v2\/product"}],"about":[{"href":"https:\/\/e.kosmolat.eu\/lt\/wp-json\/wp\/v2\/types\/product"}],"wp:featuredmedia":[{"embeddable":true,"href":"https:\/\/e.kosmolat.eu\/lt\/wp-json\/wp\/v2\/media\/99449"}],"wp:attachment":[{"href":"https:\/\/e.kosmolat.eu\/lt\/wp-json\/wp\/v2\/media?parent=41151"}],"wp:term":[{"taxonomy":"product_cat","embeddable":true,"href":"https:\/\/e.kosmolat.eu\/lt\/wp-json\/wp\/v2\/product_cat?post=41151"},{"taxonomy":"product_tag","embeddable":true,"href":"https:\/\/e.kosmolat.eu\/lt\/wp-json\/wp\/v2\/product_tag?post=41151"}],"curies":[{"name":"wp","href":"https:\/\/api.w.org\/{rel}","templated":true}]}}