{"id":41111,"date":"2023-12-23T02:32:32","date_gmt":"2023-12-23T02:32:32","guid":{"rendered":"https:\/\/e.kosmolat.eu\/product\/ld-green-care-sej-maska-3min-sos-mitrin-ar-alvejas-zel-75-g\/"},"modified":"2025-05-16T08:18:32","modified_gmt":"2025-05-16T08:18:32","slug":"ld-green-care-sej-maska-3min-sos-mitrin-ar-alvejas-zel-75-g","status":"publish","type":"product","link":"https:\/\/e.kosmolat.eu\/lt\/produktas\/ld-green-care-sej-maska-3min-sos-mitrin-ar-alvejas-zel-75-g\/","title":{"rendered":"LIV DELANO GREEN CARE Trij\u0173 minu\u010di\u0173 veido kauk\u0117 SOS dr\u0117kinanti su Aloe Vera geliu, 75 g"},"content":{"rendered":"<p>Kauk\u0117 giliai dr\u0117kina ir suteikia nuostab\u0173 &scaron;vytin\u010dios odos efekt\u0105 i&scaron; vidaus. Kauk\u0117 maitina od\u0105, sustiprina jos apsaugines funkcijas, suteikia komforto ir dr\u0117gm\u0117s prisotinimo poj\u016bt\u012f.<\/p>\n<ul>\n<li>Alavij\u0173 gelyje gausu vitamin\u0173 A, C, E, B, ferment\u0173, amino r\u016bg&scaron;\u010di\u0173 ir daugyb\u0117s mineral\u0173 bei mikroelement\u0173, o tai u\u017etikrina kompleksin\u012f jo poveik\u012f odai: antioksidacinis, dr\u0117kinantis, raminantis.<\/li>\n<li>Hydrovance&trade; nat\u016bralus dr\u0117kinamasis kompleksas u\u017etikrina odos dr\u0117kinim\u0105 d\u0117l geb\u0117jimo prasiskverbti net \u012f giliausius epidermio sluoksnius. Suteikia apsaug\u0105 jautriai odai, pagerina jos tonus\u0105 ir elastingum\u0105.<\/li>\n<li>Prebiotikas Bioecolia&reg; padeda atkurti ir palaikyti sveik\u0105 odos mikrobiomo pusiausvyr\u0105, ma\u017eina dirginimo rizik\u0105.<\/li>\n<li>Fucogel 1% (fruktoz\u0117s pagrindo polisacharidas) ramina sudirgusi\u0105 ir itin jautri\u0105 od\u0105, akimirksniu gr\u0105\u017eindamas komforto jausm\u0105. Stimuliuodamas &bdquo;jaunyst\u0117s baltymus&ldquo; apsaugo nuo prie&scaron;laikinio sen\u0117jimo.<\/li>\n<\/ul>\n<p><strong>Naudojimas: <\/strong>Gausiai u\u017etepkite kauk\u0119 ant veido, po trij\u0173 minu\u010di\u0173 nuvalykite pertekli\u0173 servet\u0117le. Naudoti vakare 1-2 kartus per savait\u0119 po valymo.<\/p>\n<p>Laikyti nuo 0 &ordm;C iki +25 &ordm;C temperat\u016broje.<\/p>\n<p><strong>Geriausia: <\/strong>30 m\u0117nesi\u0173 nuo pagaminimo datos.<br \/>\n&nbsp;<\/p>\n","protected":false},"excerpt":{"rendered":"<p>Kauk\u0117 giliai dr\u0117kina ir suteikia nuostab\u0173 &scaron;vytin\u010dios odos efekt\u0105 i&scaron; vidaus. Kauk\u0117 maitina od\u0105, sustiprina jos apsaugines funkcijas, suteikia komforto ir dr\u0117gm\u0117s prisotinimo poj\u016bt\u012f. Alavij\u0173 gelyje gausu vitamin\u0173 A, C, E, B, ferment\u0173, amino r\u016bg&scaron;\u010di\u0173 ir daugyb\u0117s mineral\u0173 bei mikroelement\u0173, o tai u\u017etikrina kompleksin\u012f jo poveik\u012f odai: antioksidacinis, dr\u0117kinantis, raminantis. Hydrovance&trade; nat\u016bralus dr\u0117kinamasis kompleksas u\u017etikrina [&#8230;]\n","protected":false},"featured_media":10164,"template":"","meta":[],"product_cat":[1369],"product_tag":[],"class_list":{"0":"post-41111","1":"product","2":"type-product","3":"status-publish","4":"has-post-thumbnail","6":"product_brand-belgates_by-lt","7":"product_cat-veido-kaukes","9":"first","10":"outofstock","11":"taxable","12":"shipping-taxable","13":"product-type-simple"},"_links":{"self":[{"href":"https:\/\/e.kosmolat.eu\/lt\/wp-json\/wp\/v2\/product\/41111","targetHints":{"allow":["GET"]}}],"collection":[{"href":"https:\/\/e.kosmolat.eu\/lt\/wp-json\/wp\/v2\/product"}],"about":[{"href":"https:\/\/e.kosmolat.eu\/lt\/wp-json\/wp\/v2\/types\/product"}],"wp:featuredmedia":[{"embeddable":true,"href":"https:\/\/e.kosmolat.eu\/lt\/wp-json\/wp\/v2\/media\/10164"}],"wp:attachment":[{"href":"https:\/\/e.kosmolat.eu\/lt\/wp-json\/wp\/v2\/media?parent=41111"}],"wp:term":[{"taxonomy":"product_cat","embeddable":true,"href":"https:\/\/e.kosmolat.eu\/lt\/wp-json\/wp\/v2\/product_cat?post=41111"},{"taxonomy":"product_tag","embeddable":true,"href":"https:\/\/e.kosmolat.eu\/lt\/wp-json\/wp\/v2\/product_tag?post=41111"}],"curies":[{"name":"wp","href":"https:\/\/api.w.org\/{rel}","templated":true}]}}