{"id":41091,"date":"2023-12-23T02:30:19","date_gmt":"2023-12-23T02:30:19","guid":{"rendered":"https:\/\/e.kosmolat.eu\/product\/ld-superfood-dusas-zel-tomats-un-biete-250-ml\/"},"modified":"2025-03-24T06:34:21","modified_gmt":"2025-03-24T06:34:21","slug":"ld-superfood-dusas-zel-tomats-un-biete-250-ml","status":"publish","type":"product","link":"https:\/\/e.kosmolat.eu\/lt\/produktas\/ld-superfood-dusas-zel-tomats-un-biete-250-ml\/","title":{"rendered":"!LIV DELANO SUPERFOOD Du\u0161o \u017eel\u0117 Pomidorai ir burok\u0117liai, 250 ml"},"content":{"rendered":"<p>Ne\u012fprasto aromato &scaron;velni du&scaron;o \u017eel\u0117 akimirksniu virsta tir&scaron;tomis putomis, &scaron;velniai valo od\u0105. Sud\u0117tyje yra BeauPlex VH &ndash; unikalus vitamin\u0173 kompleksas, susidedantis i&scaron; vitamin\u0173 E, B3, B5, B6 ir stabilios formos vitamino C. Pasi\u017eymi regeneruojan\u010diomis, dr\u0117kinan\u010diomis, maitinan\u010diomis ir antioksidacin\u0117mis savyb\u0117mis, padeda prat\u0119sti odos jaunyst\u0119 ir sveikat\u0105.<\/p>\n<p>Sorbitolis mink&scaron;tina ir dr\u0117kina od\u0105, veikia raminamai. Jis turi savyb\u0119 i&scaron;laikyti dr\u0117gm\u0119 vir&scaron;utiniuose odos sluoksniuose.<\/p>\n<p>Originalus aromatas su pomidor\u0173 ir burok\u0117li\u0173 natomis suteikia nauj\u0173 emocij\u0173 ir puikios nuotaikos.<\/p>\n<p><strong>Naudojimas: <\/strong>U\u017etepkite du&scaron;o \u017eel\u0117 ant dr\u0117gnos k\u016bno odos ar kempin\u0117le, &scaron;velniai \u012fmasa\u017euokite od\u0105 putomis, nuplaukite vandeniu.<\/p>\n<p>Laikyti nuo 0 &ordm;C iki +25 &ordm;C temperat\u016broje.<\/p>\n<p><strong>Geriausia: <\/strong>30 m\u0117nesi\u0173 nuo pagaminimo datos.<br \/>\n&nbsp;<\/p>\n","protected":false},"excerpt":{"rendered":"<p>Ne\u012fprasto aromato &scaron;velni du&scaron;o \u017eel\u0117 akimirksniu virsta tir&scaron;tomis putomis, &scaron;velniai valo od\u0105. Sud\u0117tyje yra BeauPlex VH &ndash; unikalus vitamin\u0173 kompleksas, susidedantis i&scaron; vitamin\u0173 E, B3, B5, B6 ir stabilios formos vitamino C. Pasi\u017eymi regeneruojan\u010diomis, dr\u0117kinan\u010diomis, maitinan\u010diomis ir antioksidacin\u0117mis savyb\u0117mis, padeda prat\u0119sti odos jaunyst\u0119 ir sveikat\u0105. Sorbitolis mink&scaron;tina ir dr\u0117kina od\u0105, veikia raminamai. Jis turi savyb\u0119 [&#8230;]\n","protected":false},"featured_media":10140,"template":"","meta":[],"product_cat":[1282],"product_tag":[],"class_list":{"0":"post-41091","1":"product","2":"type-product","3":"status-publish","4":"has-post-thumbnail","6":"product_brand-belgates_by-lt","7":"product_cat-duso-geliai-ir-duso-aliejai","9":"first","10":"outofstock","11":"taxable","12":"shipping-taxable","13":"product-type-simple"},"_links":{"self":[{"href":"https:\/\/e.kosmolat.eu\/lt\/wp-json\/wp\/v2\/product\/41091","targetHints":{"allow":["GET"]}}],"collection":[{"href":"https:\/\/e.kosmolat.eu\/lt\/wp-json\/wp\/v2\/product"}],"about":[{"href":"https:\/\/e.kosmolat.eu\/lt\/wp-json\/wp\/v2\/types\/product"}],"wp:featuredmedia":[{"embeddable":true,"href":"https:\/\/e.kosmolat.eu\/lt\/wp-json\/wp\/v2\/media\/10140"}],"wp:attachment":[{"href":"https:\/\/e.kosmolat.eu\/lt\/wp-json\/wp\/v2\/media?parent=41091"}],"wp:term":[{"taxonomy":"product_cat","embeddable":true,"href":"https:\/\/e.kosmolat.eu\/lt\/wp-json\/wp\/v2\/product_cat?post=41091"},{"taxonomy":"product_tag","embeddable":true,"href":"https:\/\/e.kosmolat.eu\/lt\/wp-json\/wp\/v2\/product_tag?post=41091"}],"curies":[{"name":"wp","href":"https:\/\/api.w.org\/{rel}","templated":true}]}}