{"id":41047,"date":"2023-12-23T02:24:45","date_gmt":"2023-12-23T02:24:45","guid":{"rendered":"https:\/\/e.kosmolat.eu\/product\/claire-mb-matejoss-krems-kopsana-norm-komb-adai-50-ml\/"},"modified":"2025-09-02T14:16:53","modified_gmt":"2025-09-02T14:16:53","slug":"claire-mb-matejoss-krems-kopsana-norm-komb-adai-50-ml","status":"publish","type":"product","link":"https:\/\/e.kosmolat.eu\/lt\/produktas\/claire-mb-matejoss-krems-kopsana-norm-komb-adai-50-ml\/","title":{"rendered":"CLAIRE Microbiome Balance Matinantis prebiotinis prie\u017ei\u016bros kremas normaliai ir mi\u0161riai odai, 50 ml"},"content":{"rendered":"","protected":false},"excerpt":{"rendered":"","protected":false},"featured_media":0,"template":"","meta":[],"product_cat":[1322],"product_tag":[],"class_list":{"0":"post-41047","1":"product","2":"type-product","3":"status-publish","5":"product_brand-dilis-kosmetik_by-lt","6":"product_cat-veido-kremai","8":"first","9":"instock","10":"taxable","11":"shipping-taxable","12":"product-type-simple"},"_links":{"self":[{"href":"https:\/\/e.kosmolat.eu\/lt\/wp-json\/wp\/v2\/product\/41047","targetHints":{"allow":["GET"]}}],"collection":[{"href":"https:\/\/e.kosmolat.eu\/lt\/wp-json\/wp\/v2\/product"}],"about":[{"href":"https:\/\/e.kosmolat.eu\/lt\/wp-json\/wp\/v2\/types\/product"}],"wp:attachment":[{"href":"https:\/\/e.kosmolat.eu\/lt\/wp-json\/wp\/v2\/media?parent=41047"}],"wp:term":[{"taxonomy":"product_cat","embeddable":true,"href":"https:\/\/e.kosmolat.eu\/lt\/wp-json\/wp\/v2\/product_cat?post=41047"},{"taxonomy":"product_tag","embeddable":true,"href":"https:\/\/e.kosmolat.eu\/lt\/wp-json\/wp\/v2\/product_tag?post=41047"}],"curies":[{"name":"wp","href":"https:\/\/api.w.org\/{rel}","templated":true}]}}