{"id":41039,"date":"2023-12-23T02:23:43","date_gmt":"2023-12-23T02:23:43","guid":{"rendered":"https:\/\/e.kosmolat.eu\/product\/claire-mb-attir-sejas-kremzeleja-saus-jut-adai-150-ml\/"},"modified":"2025-05-06T05:10:32","modified_gmt":"2025-05-06T05:10:32","slug":"claire-mb-attir-sejas-kremzeleja-saus-jut-adai-150-ml","status":"publish","type":"product","link":"https:\/\/e.kosmolat.eu\/lt\/produktas\/claire-mb-attir-sejas-kremzeleja-saus-jut-adai-150-ml\/","title":{"rendered":"CLAIRE Microbiome Balance Kremas-gelis prausimuisi su prebiotik\u0173 kompleksu sausai ir jautriai odai,"},"content":{"rendered":"<p>Pamir\u0161kite sausum\u0105, tempimo jausm\u0105 ar \u0161erpetojim\u0105. Priemon\u0117 idealiai tinka sausos ir jautrios odos savinink\u0117ms. D\u0117l aktyvios sud\u0117ties ir lengvos kremin\u0117s tekst\u016bros kremas-gelis \u0161velniai ir subtiliai pa\u0161alina ne\u0161varumus ir daro od\u0105 aksomin\u0119.<\/p>\n<ul>\n<li>2 PREBIO. Unikalus dviej\u0173 prebiotik\u0173 derinys atkuria nat\u016bral\u0173 odos mikrobiom\u0105. Kompleksas suteikia palanki\u0105 maistin\u0119 terp\u0119 nauding\u0173 probiotik\u0173 vystymuisi ir augimui, taip slopindamas patogenini\u0173 bakterij\u0173 augim\u0105. Rezultatas &ndash; gra\u017ei ir sveika oda.<\/li>\n<li>Niacinamidas. Atkuria odos barjerines funkcijas, aktyvina savo kolageno ir elastino gamyb\u0105. Po prausimosi oda atrodo \u0161vari, sudr\u0117kinta ir pri\u017ei\u016br\u0117ta.<\/li>\n<\/ul>\n<p><strong>Naudojimas: <\/strong>nedidel\u012f produkto kiek\u012f delnais masa\u017euojamaisiais judesiais u\u017etepkite ant dr\u0117gnos veido ir kaklo odos. Kruop\u0161\u010diai nuplaukite vandeniu. Po plovimo rekomenduojama naudoti balansuojant\u012f tonik\u0105 Microbiome Balance.<\/p>\n<p>Laikyti nuo +5 &deg;C iki +25 &deg;C temperat\u016broje.<br \/>\n&nbsp;<\/p>\n","protected":false},"excerpt":{"rendered":"<p>Pamir\u0161kite sausum\u0105, tempimo jausm\u0105 ar \u0161erpetojim\u0105. Priemon\u0117 idealiai tinka sausos ir jautrios odos savinink\u0117ms. D\u0117l aktyvios sud\u0117ties ir lengvos kremin\u0117s tekst\u016bros kremas-gelis \u0161velniai ir subtiliai pa\u0161alina ne\u0161varumus ir daro od\u0105 aksomin\u0119. 2 PREBIO. Unikalus dviej\u0173 prebiotik\u0173 derinys atkuria nat\u016bral\u0173 odos mikrobiom\u0105. Kompleksas suteikia palanki\u0105 maistin\u0119 terp\u0119 nauding\u0173 probiotik\u0173 vystymuisi ir augimui, taip slopindamas patogenini\u0173 bakterij\u0173 [&#8230;]\n","protected":false},"featured_media":10036,"template":"","meta":[],"product_cat":[1577],"product_tag":[],"class_list":{"0":"post-41039","1":"product","2":"type-product","3":"status-publish","4":"has-post-thumbnail","6":"product_brand-dilis-kosmetik_by-lt","7":"product_cat-gelis","9":"first","10":"outofstock","11":"taxable","12":"shipping-taxable","13":"product-type-simple"},"_links":{"self":[{"href":"https:\/\/e.kosmolat.eu\/lt\/wp-json\/wp\/v2\/product\/41039","targetHints":{"allow":["GET"]}}],"collection":[{"href":"https:\/\/e.kosmolat.eu\/lt\/wp-json\/wp\/v2\/product"}],"about":[{"href":"https:\/\/e.kosmolat.eu\/lt\/wp-json\/wp\/v2\/types\/product"}],"wp:featuredmedia":[{"embeddable":true,"href":"https:\/\/e.kosmolat.eu\/lt\/wp-json\/wp\/v2\/media\/10036"}],"wp:attachment":[{"href":"https:\/\/e.kosmolat.eu\/lt\/wp-json\/wp\/v2\/media?parent=41039"}],"wp:term":[{"taxonomy":"product_cat","embeddable":true,"href":"https:\/\/e.kosmolat.eu\/lt\/wp-json\/wp\/v2\/product_cat?post=41039"},{"taxonomy":"product_tag","embeddable":true,"href":"https:\/\/e.kosmolat.eu\/lt\/wp-json\/wp\/v2\/product_tag?post=41039"}],"curies":[{"name":"wp","href":"https:\/\/api.w.org\/{rel}","templated":true}]}}