{"id":40999,"date":"2023-12-23T02:19:38","date_gmt":"2023-12-23T02:19:38","guid":{"rendered":"https:\/\/e.kosmolat.eu\/product\/dilis-parfim-udens-sievietem-moonlight-50-ml\/"},"modified":"2025-01-28T11:41:07","modified_gmt":"2025-01-28T11:41:07","slug":"dilis-parfim-udens-sievietem-moonlight-50-ml","status":"publish","type":"product","link":"https:\/\/e.kosmolat.eu\/lt\/produktas\/dilis-parfim-udens-sievietem-moonlight-50-ml\/","title":{"rendered":"DILIS SUNSHINE Parfumuotas vanduo moterims Moonlight, 50 ml"},"content":{"rendered":"<p>Laikyti nuo +5 &deg;C iki +25 &deg;C temperat\u016broje. Nelaikyti kvepal\u0173 esant tiesioginiam saul\u0117s spinduli\u0173 poveikiui ir \u0161alia \u0161ildymo prietais\u0173.<\/p>\n<p><strong>Atsargumo priemon\u0117s: <\/strong>Tik i\u0161oriniam naudojimui. Vengti patekimo \u012f akis. Nepurk\u0161kite \u0161alia atviros liepsnos. &Scaron;io produkto naudojimas maistui yra pavojingas gyvybei ir sveikatai.<\/p>\n<p>Etilo alkoholio t\u016brin\u0117 dalis yra 80%.<br \/>\n&nbsp;<\/p>\n","protected":false},"excerpt":{"rendered":"<p>Laikyti nuo +5 &deg;C iki +25 &deg;C temperat\u016broje. Nelaikyti kvepal\u0173 esant tiesioginiam saul\u0117s spinduli\u0173 poveikiui ir \u0161alia \u0161ildymo prietais\u0173. Atsargumo priemon\u0117s: Tik i\u0161oriniam naudojimui. Vengti patekimo \u012f akis. Nepurk\u0161kite \u0161alia atviros liepsnos. &Scaron;io produkto naudojimas maistui yra pavojingas gyvybei ir sveikatai. Etilo alkoholio t\u016brin\u0117 dalis yra 80%. &nbsp;<\/p>\n","protected":false},"featured_media":9924,"template":"","meta":[],"product_cat":[1447],"product_tag":[],"class_list":{"0":"post-40999","1":"product","2":"type-product","3":"status-publish","4":"has-post-thumbnail","6":"product_brand-dilis-kosmetik_by-lt","7":"product_cat-kvepalai-ir-tualetinis-vanduo-moterims","9":"first","10":"outofstock","11":"taxable","12":"shipping-taxable","13":"product-type-simple"},"_links":{"self":[{"href":"https:\/\/e.kosmolat.eu\/lt\/wp-json\/wp\/v2\/product\/40999","targetHints":{"allow":["GET"]}}],"collection":[{"href":"https:\/\/e.kosmolat.eu\/lt\/wp-json\/wp\/v2\/product"}],"about":[{"href":"https:\/\/e.kosmolat.eu\/lt\/wp-json\/wp\/v2\/types\/product"}],"wp:featuredmedia":[{"embeddable":true,"href":"https:\/\/e.kosmolat.eu\/lt\/wp-json\/wp\/v2\/media\/9924"}],"wp:attachment":[{"href":"https:\/\/e.kosmolat.eu\/lt\/wp-json\/wp\/v2\/media?parent=40999"}],"wp:term":[{"taxonomy":"product_cat","embeddable":true,"href":"https:\/\/e.kosmolat.eu\/lt\/wp-json\/wp\/v2\/product_cat?post=40999"},{"taxonomy":"product_tag","embeddable":true,"href":"https:\/\/e.kosmolat.eu\/lt\/wp-json\/wp\/v2\/product_tag?post=40999"}],"curies":[{"name":"wp","href":"https:\/\/api.w.org\/{rel}","templated":true}]}}