{"id":40995,"date":"2023-12-23T02:19:10","date_gmt":"2023-12-23T02:19:10","guid":{"rendered":"https:\/\/e.kosmolat.eu\/product\/dilis-nc-smarzu-ekstrakts-wild-water-50-ml\/"},"modified":"2026-02-18T06:38:08","modified_gmt":"2026-02-18T06:38:08","slug":"dilis-nc-smarzu-ekstrakts-wild-water-50-ml","status":"publish","type":"product","link":"https:\/\/e.kosmolat.eu\/lt\/produktas\/dilis-nc-smarzu-ekstrakts-wild-water-50-ml\/","title":{"rendered":"DILIS NICHE COLLECTION Kvepalai extra Wild Water, 50 ml"},"content":{"rendered":"<p><strong>Vir\u0161utin\u0117s natos: <\/strong>kadagiai, juodieji pipirai, bergamot\u0117s<br \/>\n<strong>&Scaron;irdies natos: <\/strong>pu\u0161\u0173 spygliai, juod\u0173j\u0173 serbent\u0173 pumpurai, vilkdalgiai<br \/>\n<strong>Pagrindin\u0117s natos:<\/strong> gintaras, vanil\u0117, pu\u0161\u0173 balzamas<\/p>\n<p>Laikyti nuo +5 &deg;C iki +25 &deg;C temperat\u016broje. Nelaikyti kvepal\u0173 esant tiesioginiam saul\u0117s spinduli\u0173 poveikiui ir \u0161alia \u0161ildymo prietais\u0173.<\/p>\n<p><strong>Atsargumo priemon\u0117s:<\/strong> Tik i\u0161oriniam naudojimui. Vengti patekimo \u012f akis. Nepurk\u0161kite \u0161alia atviros liepsnos. &Scaron;io produkto naudojimas maistui yra pavojingas gyvybei ir sveikatai.<\/p>\n<p>Etilo alkoholio t\u016brin\u0117 dalis yra 80%.<br \/>\n&nbsp;<\/p>\n","protected":false},"excerpt":{"rendered":"<p>Vir\u0161utin\u0117s natos: kadagiai, juodieji pipirai, bergamot\u0117s &Scaron;irdies natos: pu\u0161\u0173 spygliai, juod\u0173j\u0173 serbent\u0173 pumpurai, vilkdalgiai Pagrindin\u0117s natos: gintaras, vanil\u0117, pu\u0161\u0173 balzamas Laikyti nuo +5 &deg;C iki +25 &deg;C temperat\u016broje. Nelaikyti kvepal\u0173 esant tiesioginiam saul\u0117s spinduli\u0173 poveikiui ir \u0161alia \u0161ildymo prietais\u0173. Atsargumo priemon\u0117s: Tik i\u0161oriniam naudojimui. Vengti patekimo \u012f akis. Nepurk\u0161kite \u0161alia atviros liepsnos. &Scaron;io produkto naudojimas [&#8230;]\n","protected":false},"featured_media":101402,"template":"","meta":[],"product_cat":[1447],"product_tag":[],"class_list":{"0":"post-40995","1":"product","2":"type-product","3":"status-publish","4":"has-post-thumbnail","6":"product_brand-dilis-kosmetik_by-lt","7":"product_cat-kvepalai-ir-tualetinis-vanduo-moterims","9":"first","10":"outofstock","11":"taxable","12":"shipping-taxable","13":"product-type-simple"},"_links":{"self":[{"href":"https:\/\/e.kosmolat.eu\/lt\/wp-json\/wp\/v2\/product\/40995","targetHints":{"allow":["GET"]}}],"collection":[{"href":"https:\/\/e.kosmolat.eu\/lt\/wp-json\/wp\/v2\/product"}],"about":[{"href":"https:\/\/e.kosmolat.eu\/lt\/wp-json\/wp\/v2\/types\/product"}],"wp:featuredmedia":[{"embeddable":true,"href":"https:\/\/e.kosmolat.eu\/lt\/wp-json\/wp\/v2\/media\/101402"}],"wp:attachment":[{"href":"https:\/\/e.kosmolat.eu\/lt\/wp-json\/wp\/v2\/media?parent=40995"}],"wp:term":[{"taxonomy":"product_cat","embeddable":true,"href":"https:\/\/e.kosmolat.eu\/lt\/wp-json\/wp\/v2\/product_cat?post=40995"},{"taxonomy":"product_tag","embeddable":true,"href":"https:\/\/e.kosmolat.eu\/lt\/wp-json\/wp\/v2\/product_tag?post=40995"}],"curies":[{"name":"wp","href":"https:\/\/api.w.org\/{rel}","templated":true}]}}