{"id":40991,"date":"2023-12-23T02:18:46","date_gmt":"2023-12-23T02:18:46","guid":{"rendered":"https:\/\/e.kosmolat.eu\/product\/dilis-nc-smarzu-ekstrakts-flower-overdose-50-ml\/"},"modified":"2026-02-18T06:37:57","modified_gmt":"2026-02-18T06:37:57","slug":"dilis-nc-smarzu-ekstrakts-flower-overdose-50-ml","status":"publish","type":"product","link":"https:\/\/e.kosmolat.eu\/lt\/produktas\/dilis-nc-smarzu-ekstrakts-flower-overdose-50-ml\/","title":{"rendered":"DILIS NICHE COLLECTION Kvepalai  extra Flower Overdose, 50 ml"},"content":{"rendered":"<p><strong>Vir&scaron;utin\u0117s natos:<\/strong> bergamot\u0117s, persikai<br \/>\n<strong>&Scaron;irdies natos: <\/strong>jazminai, bij\u016bnas, apelsin\u0173 \u017eiedai<br \/>\n<strong>Pagrindin\u0117s natos:<\/strong> samanos, baltas muskusas<\/p>\n<p>Laikyti nuo +5 &deg;C iki +25 &deg;C temperat\u016broje. Nelaikyti kvepal\u0173 esant tiesioginiam saul\u0117s spinduli\u0173 poveikiui ir &scaron;alia &scaron;ildymo prietais\u0173.<\/p>\n<p><strong>Atsargumo priemon\u0117s: <\/strong>Tik i&scaron;oriniam naudojimui. Vengti patekimo \u012f akis. Nepurk&scaron;kite &scaron;alia atviros liepsnos. &Scaron;io produkto naudojimas maistui yra pavojingas gyvybei ir sveikatai.<\/p>\n<p>Etilo alkoholio t\u016brin\u0117 dalis yra 80%.<br \/>\n&nbsp;<\/p>\n","protected":false},"excerpt":{"rendered":"<p>Vir&scaron;utin\u0117s natos: bergamot\u0117s, persikai &Scaron;irdies natos: jazminai, bij\u016bnas, apelsin\u0173 \u017eiedai Pagrindin\u0117s natos: samanos, baltas muskusas Laikyti nuo +5 &deg;C iki +25 &deg;C temperat\u016broje. Nelaikyti kvepal\u0173 esant tiesioginiam saul\u0117s spinduli\u0173 poveikiui ir &scaron;alia &scaron;ildymo prietais\u0173. Atsargumo priemon\u0117s: Tik i&scaron;oriniam naudojimui. Vengti patekimo \u012f akis. Nepurk&scaron;kite &scaron;alia atviros liepsnos. &Scaron;io produkto naudojimas maistui yra pavojingas gyvybei ir [&#8230;]\n","protected":false},"featured_media":99578,"template":"","meta":[],"product_cat":[1447],"product_tag":[],"class_list":{"0":"post-40991","1":"product","2":"type-product","3":"status-publish","4":"has-post-thumbnail","6":"product_brand-dilis-kosmetik_by-lt","7":"product_cat-kvepalai-ir-tualetinis-vanduo-moterims","9":"first","10":"outofstock","11":"taxable","12":"shipping-taxable","13":"product-type-simple"},"_links":{"self":[{"href":"https:\/\/e.kosmolat.eu\/lt\/wp-json\/wp\/v2\/product\/40991","targetHints":{"allow":["GET"]}}],"collection":[{"href":"https:\/\/e.kosmolat.eu\/lt\/wp-json\/wp\/v2\/product"}],"about":[{"href":"https:\/\/e.kosmolat.eu\/lt\/wp-json\/wp\/v2\/types\/product"}],"wp:featuredmedia":[{"embeddable":true,"href":"https:\/\/e.kosmolat.eu\/lt\/wp-json\/wp\/v2\/media\/99578"}],"wp:attachment":[{"href":"https:\/\/e.kosmolat.eu\/lt\/wp-json\/wp\/v2\/media?parent=40991"}],"wp:term":[{"taxonomy":"product_cat","embeddable":true,"href":"https:\/\/e.kosmolat.eu\/lt\/wp-json\/wp\/v2\/product_cat?post=40991"},{"taxonomy":"product_tag","embeddable":true,"href":"https:\/\/e.kosmolat.eu\/lt\/wp-json\/wp\/v2\/product_tag?post=40991"}],"curies":[{"name":"wp","href":"https:\/\/api.w.org\/{rel}","templated":true}]}}