{"id":40983,"date":"2023-12-23T02:17:17","date_gmt":"2023-12-23T02:17:17","guid":{"rendered":"https:\/\/e.kosmolat.eu\/product\/nature-dusas-zeleja-piparmetra-un-gurkis-300-ml\/"},"modified":"2025-07-23T07:33:11","modified_gmt":"2025-07-23T07:33:11","slug":"nature-dusas-zeleja-piparmetra-un-gurkis-300-ml","status":"publish","type":"product","link":"https:\/\/e.kosmolat.eu\/lt\/produktas\/nature-dusas-zeleja-piparmetra-un-gurkis-300-ml\/","title":{"rendered":"NATURE Du\u0161o gelis M\u0117tos ir agurkai, 300 ml"},"content":{"rendered":"<p>Gelio formul\u0117 praturtinta agurk\u0173 ir m\u0117t\u0173 ekstraktais, kurie mink\u0161tina, ramina, gaivina ir dr\u0117kina od\u0105. Steb\u0117tinai malonios tekst\u016bros produktas lengvai virsta orin\u0117mis putomis, kurios \u0161velniai ir kruop\u0161\u010diai valo. Reguliariai naudojant, oda tampa gaivesn\u0117, elastingesn\u0117 ir stangresn\u0117. Tikras vitamin\u0173 kokteilis odos gro\u017eiui ir sveikatai.<\/p>\n<p><strong>Naudojimas:<\/strong> Tepkite ant odos masa\u017euojamaisiais judesiais, nuplaukite vandeniu.<\/p>\n<p><strong>Atsargumo priemon\u0117s: <\/strong>Tik i\u0161oriniam naudojimui. Saugoti nuo vaik\u0173 ir namini\u0173 gyv\u016bn\u0117li\u0173.<\/p>\n<p>Laikyti nuo +5 &deg;C iki +25 &deg;C temperat\u016broje.<\/p>\n<p><strong>Geriausias:<\/strong> 30 m\u0117nesi\u0173 nuo pagaminimo datos<br \/>\n&nbsp;<\/p>\n","protected":false},"excerpt":{"rendered":"<p>Gelio formul\u0117 praturtinta agurk\u0173 ir m\u0117t\u0173 ekstraktais, kurie mink\u0161tina, ramina, gaivina ir dr\u0117kina od\u0105. Steb\u0117tinai malonios tekst\u016bros produktas lengvai virsta orin\u0117mis putomis, kurios \u0161velniai ir kruop\u0161\u010diai valo. Reguliariai naudojant, oda tampa gaivesn\u0117, elastingesn\u0117 ir stangresn\u0117. Tikras vitamin\u0173 kokteilis odos gro\u017eiui ir sveikatai. Naudojimas: Tepkite ant odos masa\u017euojamaisiais judesiais, nuplaukite vandeniu. Atsargumo priemon\u0117s: Tik i\u0161oriniam naudojimui. [&#8230;]\n","protected":false},"featured_media":11805,"template":"","meta":[],"product_cat":[1282],"product_tag":[],"class_list":{"0":"post-40983","1":"product","2":"type-product","3":"status-publish","4":"has-post-thumbnail","6":"product_brand-bioton_ua-lt","7":"product_cat-duso-geliai-ir-duso-aliejai","9":"first","10":"outofstock","11":"taxable","12":"shipping-taxable","13":"product-type-simple"},"_links":{"self":[{"href":"https:\/\/e.kosmolat.eu\/lt\/wp-json\/wp\/v2\/product\/40983","targetHints":{"allow":["GET"]}}],"collection":[{"href":"https:\/\/e.kosmolat.eu\/lt\/wp-json\/wp\/v2\/product"}],"about":[{"href":"https:\/\/e.kosmolat.eu\/lt\/wp-json\/wp\/v2\/types\/product"}],"wp:featuredmedia":[{"embeddable":true,"href":"https:\/\/e.kosmolat.eu\/lt\/wp-json\/wp\/v2\/media\/11805"}],"wp:attachment":[{"href":"https:\/\/e.kosmolat.eu\/lt\/wp-json\/wp\/v2\/media?parent=40983"}],"wp:term":[{"taxonomy":"product_cat","embeddable":true,"href":"https:\/\/e.kosmolat.eu\/lt\/wp-json\/wp\/v2\/product_cat?post=40983"},{"taxonomy":"product_tag","embeddable":true,"href":"https:\/\/e.kosmolat.eu\/lt\/wp-json\/wp\/v2\/product_tag?post=40983"}],"curies":[{"name":"wp","href":"https:\/\/api.w.org\/{rel}","templated":true}]}}