{"id":40963,"date":"2023-12-23T02:15:30","date_gmt":"2023-12-23T02:15:30","guid":{"rendered":"https:\/\/e.kosmolat.eu\/product\/tresemme-keratin-smooth-matu-maska-440-ml\/"},"modified":"2026-03-23T13:07:47","modified_gmt":"2026-03-23T13:07:47","slug":"tresemme-keratin-smooth-matu-maska-440-ml","status":"publish","type":"product","link":"https:\/\/e.kosmolat.eu\/lt\/produktas\/tresemme-keratin-smooth-matu-maska-440-ml\/","title":{"rendered":"TRESEMME Keratin Smooth Smoothing plauk\u0173 kauk\u0117, 440 ml"},"content":{"rendered":"<p>Pa\u017eangi prie\u017ei\u016bra su maruli\u0173 aliejumi suma\u017eina purum\u0105 iki 72 valand\u0173, apsaugod nuo dr\u0117gm\u0117s ir psuteikia plaukams glotnumo ir spindesio..<\/p>\n<p><strong>Naudojimas: <\/strong>paskirstykite ant i&scaron;plaut\u0173, dr\u0117gn\u0173 plauk\u0173, palikite 3-5 minutes, i&scaron;skalaukite. Naudokite vien\u0105 ar daugiau kart\u0173 per savait\u0119. Vengti patekimo \u012f akis. Gali sukelti dirginim\u0105. Patekus \u012f akis, kruop&scaron;\u010diai nuplaukite vandeniu.<\/p>\n<p>Laikyti nuo +5 &deg;C iki +25 &deg;C temperat\u016broje.<br \/>\n&nbsp;<\/p>\n","protected":false},"excerpt":{"rendered":"<p>Pa\u017eangi prie\u017ei\u016bra su maruli\u0173 aliejumi suma\u017eina purum\u0105 iki 72 valand\u0173, apsaugod nuo dr\u0117gm\u0117s ir psuteikia plaukams glotnumo ir spindesio.. Naudojimas: paskirstykite ant i&scaron;plaut\u0173, dr\u0117gn\u0173 plauk\u0173, palikite 3-5 minutes, i&scaron;skalaukite. Naudokite vien\u0105 ar daugiau kart\u0173 per savait\u0119. Vengti patekimo \u012f akis. Gali sukelti dirginim\u0105. Patekus \u012f akis, kruop&scaron;\u010diai nuplaukite vandeniu. Laikyti nuo +5 &deg;C iki +25 [&#8230;]\n","protected":false},"featured_media":98339,"template":"","meta":[],"product_cat":[1640],"product_tag":[],"class_list":{"0":"post-40963","1":"product","2":"type-product","3":"status-publish","4":"has-post-thumbnail","6":"product_brand-unilever-ua-lt","7":"product_cat-balzamai","9":"first","10":"outofstock","11":"taxable","12":"shipping-taxable","13":"product-type-simple"},"_links":{"self":[{"href":"https:\/\/e.kosmolat.eu\/lt\/wp-json\/wp\/v2\/product\/40963","targetHints":{"allow":["GET"]}}],"collection":[{"href":"https:\/\/e.kosmolat.eu\/lt\/wp-json\/wp\/v2\/product"}],"about":[{"href":"https:\/\/e.kosmolat.eu\/lt\/wp-json\/wp\/v2\/types\/product"}],"wp:featuredmedia":[{"embeddable":true,"href":"https:\/\/e.kosmolat.eu\/lt\/wp-json\/wp\/v2\/media\/98339"}],"wp:attachment":[{"href":"https:\/\/e.kosmolat.eu\/lt\/wp-json\/wp\/v2\/media?parent=40963"}],"wp:term":[{"taxonomy":"product_cat","embeddable":true,"href":"https:\/\/e.kosmolat.eu\/lt\/wp-json\/wp\/v2\/product_cat?post=40963"},{"taxonomy":"product_tag","embeddable":true,"href":"https:\/\/e.kosmolat.eu\/lt\/wp-json\/wp\/v2\/product_tag?post=40963"}],"curies":[{"name":"wp","href":"https:\/\/api.w.org\/{rel}","templated":true}]}}