{"id":40951,"date":"2023-12-23T02:13:58","date_gmt":"2023-12-23T02:13:58","guid":{"rendered":"https:\/\/e.kosmolat.eu\/product\/family-ideal-tir-pulveris-citrons-500-g\/"},"modified":"2026-05-08T18:01:07","modified_gmt":"2026-05-08T18:01:07","slug":"family-ideal-tir-pulveris-citrons-500-g","status":"publish","type":"product","link":"https:\/\/e.kosmolat.eu\/lt\/produktas\/family-ideal-tir-pulveris-citrons-500-g\/","title":{"rendered":"FAMILY IDEAL Milteliai valomieji Citrina, 500 g"},"content":{"rendered":"<p>Veiksmingi citrin\u0173 kvapo \u0161veitimo milteliai, skirti pa\u0161alinti \u012fsisen\u0117jusius riebalus, kalki\u0173 nuos\u0117das ir kitus ne\u0161varumus. Priemon\u0117 idealiai tinka virtuv\u0117s pavir\u0161iams, indams, plytel\u0117ms, vonios kambariams, tualetams ir grindims valyti. Negadina pavir\u0161i\u0173, suteikia malon\u0173 citrinos kvap\u0105 ir higieni\u0161k\u0105 \u0161var\u0105. Lengva naudoti ir ekonomi\u0161ka.<\/p>\n<p><strong>Naudojimas:<\/strong> u\u017etepkite nedidel\u012f produkto kiek\u012f ant valymo kempin\u0117s arba tiesiai ant i\u0161 anksto sudr\u0117kinto u\u017eter\u0161to pavir\u0161iaus, nuvalykite ir nuplaukite vandeniu. Valydami naudokite gumines pir\u0161tines.<\/p>\n<p>Laikyti sausoje vietoje nuo +5&deg;C iki +25&deg;C temperat\u016broje.<\/p>\n<p><strong>Geriausias: <\/strong>24 m\u0117nesiai nuo pagaminomo datos<\/p>\n<p><strong>Sud\u0117tis: <\/strong>ma\u017eiau kaip, 5 % anijonini\u0173 &nbsp;aktyvi\u0173j\u0173 pavir\u0161inio med\u017eiagos. Kvapai.<\/p>\n<p>&nbsp;<\/p>\n<p><img decoding=\"async\" alt=\"\" src=\"data:image\/png;base64,iVBORw0KGgoAAAANSUhEUgAAADgAAAA6CAYAAAGSSaqDAAAAAXNSR0IArs4c6QAAAARnQU1BAACxjwv8YQUAAAAJcEhZcwAAFxEAABcRAcom8z8AAA6NSURBVFhHxVkLcFTlFV4VKyAkJCFP8tpkd\/MmL0gAURGLj4FSKVOtTotF7dgntthhwFqRaseOj+roiDjWMi1qW6e1o7YDiChqpbajtQK7997dTUKAECCQhLyT3c3pOee\/\/+7d3Zt9hDD9Mpt7\/+f5z\/nPfx7\/tYAB\/oBffxMINgbGx\/npXlzJT0KwcXSgFyyXWmAcO3n0DhYqnD+4nwsb79\/IjQRvc6UYqVjncoURSmlWaNr2Vdfqb9hQPo+fYQs688RW0Bodeo2h0QxhjWIpIQQbtQYb+PA5JooMblTLc7iQV1TIo+UMFqUoTX8FyMzP1d9wgYEAWM4+97heDKHv43385GlbVy7nQu\/58+AfH8F5xcTBBan69HIDCGGsRMK8EQe7m8rAvahCr4hG2EB\/YByU2mK9FIK3qRrXGdBLAjzQj+tzObJg7EQrVxIuu3IG5BUX6iUBT3MVjKNoCJYuFI9WHd5BYtqsmfpbCOff\/iNo1gxBcRz\/Ou5bj6qRF9yOVV9dDdlF+aKAGO45Dao1PSi9KOG0LmuEo+vW6iUxj2rC94RSdZVksmTHI4QiYT4Qce713zILEyFqIHUdHugBrbYEPE0OqSlRiB4YGAN3ZRG\/t1y\/ANq+fjO\/RyJqoFpXEjy2RM6DlI9951ZRNiBsoLsxJAza\/JW3rGY+1ZIM6Hr2Ma6XCA70NIXrJQ18+pmn9RKAE21F35uv6SV9oAeVOVLsdDyNoNWrRXNg6PODXLa4F1fxSyRyiwr0txACOLnsb8EDAdqSCjDf5hD82KEFT4kEL5Vk6FkcqiQYlxoAP6jNZXpJICgcGuzGwZLye++\/p7\/hihbY9bcQwraDBnmba3gSQsDvw4NtDZaNCBso4V4kBqsVwvCZwXQgwb2oCkZPtemlaEw4MB6SGkg67O\/uBHdzBWg1hSyToF4niIQI0qQB\/xDuigO0CuGxWm5sBnVJNbTdsHhC+ZkhJkE\/WlCazFNnA291qag0gNpaltaCtmg+HL11ZVylJZgSlGJSqwrwZKPRwXciLnHo8CEYGh7i9\/FxP7drJVl8Njsf3RyTY1OCWhkOXlgGIx3t6ELDh8+Yk8LnNLe4ABZfvVSvFaAlqfZsPCgV0P3KC7gYUW8EEyRHRaDww9tUBUPKIS6bwWq38THNxd\/xY8f02mi4CtM48Onb\/VfwBSh+EGCCrsJUPAeV0Lv3zSiOInHwnwfZ9qVkpes15gigqAkKOkMNtXrkmMZliw9N1pmdz\/NqFFsmV8ZDatZcuORL0\/SSOQIYGPbueQPddzVbcgmxh8gU8dWxbRNqXDV4bDkxNa6mvhY2bd6sl8JBhMbaVD6rzqJUUWkQWpTSEKH227+CK6vEcxd9FB74+YMs0vScLL0mBN9wP2jovJ2ObC4bgywJUy0lEOG2FUvQulZB25oVHDaawa8fC7XRBipan3iYkCCBziNNptlz2TWdvP\/7wVVTxEnQqgtArS\/hd7RH\/IyFmAQlJBGtZC4qVw2cf+M1cJXhItAB+UeHYJz8XoJIiGAk1NK5MOJ1hSlDokiKIImReOk7sAcPc+JcGZEwwXE0CMTQYQxSPY3l\/C4tVDJIjKCuPCq6Jg8qj9ZgBw\/+qC5ZkgkRpEndDSWsqW13ruWyVmsDrc6egF6GIy5BOn\/eq2o4SDt65xrBkTwuuAhtfvyzZ0RMgmR+WzB3YGJrlolKA5hooxXDDZGMUCgZD6YEaf00tOXLzeBeUgOt1zXq9eEgw+DDZZEJVCowI0IYHbUZoghSUEETt3\/zFtDIg9SKrMGI3Xv26G9EADPlgXOgLSwHd6lwWbE4NSGIXuOn97KCaLhqI1cv79wJOYX5bLxnZczRa5EoUh1p0zDrKgcFQ41ISRgRRtDv98PpLT8GFWNptSI\/auDz27czMQovMvJEui9BRmHgs084vNBKhLcwQ5BgAImdenwrh89OR66pund2dnI8k4e\/K9N1X2cABQv9\/\/4QvBhMOW3mnDJBcppdv3mWxagWh7yzGTLz85jgtBlX6DXROP\/uW7jwcjhSLPbUSNhC2fu5P72MxFBB8lNEbQyTlTI3ncVaUBydVkvQ8O43MblHBlwFaUxQhp6W3vf2YjhQCWqhUIJ49nEaXTsgh\/dt\/IleYw4Kxs69+AzGqlWgFIUCLouGxpgyl4H\/iKQxHqbNnM4cfnTwY70mNrTqYo7aev+yi8u8hxSPqlg5+MW\/gqybgdpW3HQjZOPRSAQKOmwNpdf\/j\/0oVl2k\/B\/hdGRhYxUMe48Ew4eJMDQ0NGEfOfERDIQ1lFwfhopGFpig7KTYcEVNDvAP9ZqaKOLw\/Q8OQGGJVa8Jh\/SZriKMujHc7Hplh2gwIMihvGvSyvLBs8AG4z7igqvCMCc7k5Vm+uxZeo0AXTAQMbUkDc9hFXQ990QwFjIiSJDgw8NPUKsL0QsgUS6F4\/LZ4nLM6rDpNSEo9kx20J0P3T+hyMMIEvx+4Sm02mJwzw8XnZzkldde5acE1Xqvmo9urBI6frAu5tGKIkig\/jREqbeCWht9hWIE9fNeU4N7hknpurWmJtEIU4ISNBl79cp5PFHkkaENaL2pGfesBtrX3mC6BZGISZBYJVVQF9pBcQjvQESlBNpWX8dpXiuKU7bFQ2yCCDoeIz2nQWkuA5dD3JfTtMfv+hraygpUsNgij0RcggQfnq9hjxOJloOreA6cfnQLirEaY5miuHsWiYQIEujCefCLT\/jigC67VDyvyRIjJEyQQMei74O9oJbnT5i+xUNSBKcCF5UgpT50dEa1Q6hwmRg0W8E30CO2IpEzNAWYegZx4fLGZOzkcdQtzFsx7SfnwSFTgwPTFDv4hge4TwKx+gVhyhikAJFMBH+xOtkBKhpDN8biHrRDbtTpM7\/8GZz40XpQa9AlILPeulJowSRiDPeTNpPixouBC2aQkgjpef24WKUMM9aGMvRTVeBGJo+vv437UTv9CN5ldaDUFYOnGXPAenxe08D1tJnxYptkMWkG2Svo8QvBvbAM3Bgh0LWZimetbbXIJXnRBj2knZLMelF1NRQGq25NAbSvvIb78JzcSc4+eUyaQbnktlXXIkO4CxhZuOeXgmd5I6sptcdyjaTO1Mc31M+hk7vRjupcA0pVPpz43jruExLL5JEUg7xp+nv7rTdyXkyBRUs9BiDLGth5JStzKYRRdO9aRQHG\/g7wYkrlwsy044EN3IYR3aSREIMUHQcZu+s2UCoxSl6MIRpaxJalNRgKGD+Eh+OHGzZw5mO54nJ8zgDLtEvBUVkBh74QF+qSQcnDSNdJDiG0pkrcUVRdey6c3CpSNLJDyYowJoOUfssFtN\/zDfbwniUYwyxAs4+7NjY6yG0TYcuWzTArfQ5H6JQW0FcA+mVh9pwbI\/MiiiPHW0Apz+YLCkojldJcOP3Eg9xO6h1L\/Y2IYpDVEP\/J8ace2QwuShVQFT10G2LNgDGUMoGIxKJz4MABkSjThQcxqDNKHwO+ffddeq9o0LzyK8bQ4c\/AmZ\/CTFLmrmCC3vOGyDCIdrxEPYxBY9czO54EFbM7CgQ99CHAmgojbW7uY5YxTgT6YMRXSLR7xGhxAVw+awbs3rOb22PtBLXJ698BjBGdhSnIJK5nUTk481Jg4J234hqiIIOUshK6\/7CTL7I58sC8+0hRCvR\/uI8nmsy17\/IbVkB6XnaQwZyifJiROjsmY5GgnjIQ6P7zLlAKMnB9ldDSXAlOWw4MfPoRt5nBIiXU8\/br4CrJ4AyIfs6STOjf9zdumwRfQezYsQNmpqUE1TQjNweWr7heb00e43qY37XrJXCVpjOjGv4UezYMOj\/lNqPftXRtfwqcpZnsbFnP0af1vSMYmwr09vSw5ZTnb2ZaKmzf8YLeOnlIHs7+\/kW0uuiHcf1056SWZgfPKIFVtHvvW+AqnM2HmG7alKIM6N\/\/d+7gD\/iSUicj5DhHRbm4d0QmLZddAr29vVw\/GVAoRz+a+dzvXgCXleyE2EW1OA0GvYdFRx18XykX0vXsY6ym5Gg9eP6UwjQYPapwG\/VJllHZf9\/+d2F6ymywWCzw8C+2cV0yYN+Hc+lmAvo\/fh+OoMHx0q7RlXNBGvTsF1onPEBonUEjQzslA93OrZtAtWXzjnoWorPFlGfsbCe3TQWSFRTxRyujr+1sJ1DLyE5o6LLOvvoSd5EpWiRM\/KBIeQgdmzags80TBxmDaVedDcZ6u1g9EsXn\/\/2cd44s6VxUUzqPW7c9rLfGBu0YMTZ4og2cZTkY3eBuoT9W7Rmobb\/iPiJ0nxhRDBrBqoE49t1vifCMbmIaHRjJOMA3Msit8VzH4quXQnouuYkCtKK6m4i46IwEn3t8jnS0Y8qVj5kKuYT5cMSeBV2\/foT7yLXFQ0wGJaTRbb9jNX\/CZkbrkVF0uMwk\/mjnJ0JD80I2LpdhTDo9dRb0ne\/TW4wgpz7G843294AXg203hYQUplE8+lDsTwYTISEG6cwYr47brm8GtZZMczUcqS\/ChDX0aU8GDBLxzhvJhQ4FCwl\/Wo24eaa80lORB8fuuZ37EWiu2LNFIyEGJWjxHOjqZQ0Db3ddKYdzrup8aF+\/Vm\/RGYuxGsF3qEPrzYtAqy3F9AuDDPRrLatE8kuMX0iWnxSDErQsYpSI+4aHwN1QikbIjlJHi1sxD05uvDuupOWS225fCe5qKwcZChqx1hVN3CYY4y4XhEkxaATvKj5Hz50CT62VP+HwGXVkwUnMREQffvC2SQt9fN0aPM+ojkvQl9XboGVZE84jvlUk7UZi4IIZlJDWdOzUcdDI4mJqRZZPwSzkzFOPcRv1OHHvHeCsykNVnM93OJRfUr1kfKoxZQzS7jCLuvCHPIdBLUznEIp3FGNcrbaEbwLIzajl89DV9OmqStEHv0w5po5BA9jq6tZ08PCnnMdR6OdGR60Uz4HR7tPMGF85SolcJFwUBiWIUam6p57cBt27XuR3Yn4qz1ksXFQG\/\/8A+B+wvM13GZLiGgAAAABJRU5ErkJggg==\" style=\"height:41px; width:40px\" \/><strong>GHS07 Atsargiai<\/strong><br \/>\nH319 Sukelia smark\u0173 aki\u0173 dirginim\u0105.<br \/>\nP102 Laikyti vaikams neprieinamoje vietoje<br \/>\nP264 Po naudojimo kruop\u0161\u010diai nuplaukite rankas<br \/>\nP280 M\u016bv\u0117ti apsaugines pir\u0161tines\/d\u0117v\u0117ti apsauginius drabu\u017eius\/naudoti aki\u0173 (veido) apsaugos priemones.<br \/>\nP305+P351+P338 Patekus \u012f akis: Kelias minutes atsargiai plauti vandeniu. I\u0161imti kontaktinius l\u0119\u0161ius, jeigu jie yra ir jeigu lengvai galima tai padaryti. Toliau plauti akis.<br \/>\nP337+P313 Jei aki\u0173 dirginimas nepraeina: kreiptis \u012f gydytoj\u0105&nbsp;<br \/>\n&nbsp;<\/p>\n","protected":false},"excerpt":{"rendered":"<p>Veiksmingi citrin\u0173 kvapo \u0161veitimo milteliai, skirti pa\u0161alinti \u012fsisen\u0117jusius riebalus, kalki\u0173 nuos\u0117das ir kitus ne\u0161varumus. Priemon\u0117 idealiai tinka virtuv\u0117s pavir\u0161iams, indams, plytel\u0117ms, vonios kambariams, tualetams ir grindims valyti. Negadina pavir\u0161i\u0173, suteikia malon\u0173 citrinos kvap\u0105 ir higieni\u0161k\u0105 \u0161var\u0105. Lengva naudoti ir ekonomi\u0161ka. Naudojimas: u\u017etepkite nedidel\u012f produkto kiek\u012f ant valymo kempin\u0117s arba tiesiai ant i\u0161 anksto sudr\u0117kinto u\u017eter\u0161to [&#8230;]\n","protected":false},"featured_media":105224,"template":"","meta":[],"product_cat":[1453],"product_tag":[],"class_list":{"0":"post-40951","1":"product","2":"type-product","3":"status-publish","4":"has-post-thumbnail","6":"product_brand-bioton_ua-lt","7":"product_cat-vonios-kambariui-ir-tualetui","9":"first","10":"instock","11":"taxable","12":"shipping-taxable","13":"product-type-simple"},"_links":{"self":[{"href":"https:\/\/e.kosmolat.eu\/lt\/wp-json\/wp\/v2\/product\/40951","targetHints":{"allow":["GET"]}}],"collection":[{"href":"https:\/\/e.kosmolat.eu\/lt\/wp-json\/wp\/v2\/product"}],"about":[{"href":"https:\/\/e.kosmolat.eu\/lt\/wp-json\/wp\/v2\/types\/product"}],"wp:featuredmedia":[{"embeddable":true,"href":"https:\/\/e.kosmolat.eu\/lt\/wp-json\/wp\/v2\/media\/105224"}],"wp:attachment":[{"href":"https:\/\/e.kosmolat.eu\/lt\/wp-json\/wp\/v2\/media?parent=40951"}],"wp:term":[{"taxonomy":"product_cat","embeddable":true,"href":"https:\/\/e.kosmolat.eu\/lt\/wp-json\/wp\/v2\/product_cat?post=40951"},{"taxonomy":"product_tag","embeddable":true,"href":"https:\/\/e.kosmolat.eu\/lt\/wp-json\/wp\/v2\/product_tag?post=40951"}],"curies":[{"name":"wp","href":"https:\/\/api.w.org\/{rel}","templated":true}]}}