{"id":40939,"date":"2023-12-23T02:12:40","date_gmt":"2023-12-23T02:12:40","guid":{"rendered":"https:\/\/e.kosmolat.eu\/product\/biosun-nomierinoss-krems-pec-saulosanas-150-ml\/"},"modified":"2025-07-25T06:26:16","modified_gmt":"2025-07-25T06:26:16","slug":"biosun-nomierinoss-krems-pec-saulosanas-150-ml","status":"publish","type":"product","link":"https:\/\/e.kosmolat.eu\/lt\/produktas\/biosun-nomierinoss-krems-pec-saulosanas-150-ml\/","title":{"rendered":"BIOSUN Raminantis kremas po \u012fdegio, 150 ml"},"content":{"rendered":"<p>Kremas akimirksniu nuramina od\u0105 pabuvus saul\u0117je, suma\u017eina odos tempimo jausm\u0105, \u012fdeg\u012f padaro tolygesn\u012f. Persik\u0173 aliejus ir glicerinas intensyviai dr\u0117kina od\u0105, atkuria jos hidrolipid\u0173 balans\u0105. D-pantenolis ir alantoinas skatina pa\u017eeist\u0173 audini\u0173 regeneracij\u0105, mal\u0161ina nie\u017eul\u012f, apsaugo nuo lupimosi ir prie\u0161laikinio odos sen\u0117jimo.<\/p>\n<p><strong>Naudojimas:<\/strong> lengvais judesiais tepkite ant \u0161varios, sausos veido ir k\u016bno odos po saul\u0117s voni\u0173.<\/p>\n<p><strong>Atsargumo priemon\u0117s: <\/strong>Tik i\u0161oriniam naudojimui. Laikyti vaikams ir gyv\u016bnams nepasiekiamoje vietoje.<\/p>\n<p>Laikyti nuo +5 &deg;C iki +25 &deg;C temperat\u016broje.<\/p>\n<p><strong>Geriausias: <\/strong>36 m\u0117n. nuo pagaminimo datos<br \/>\n&nbsp;<\/p>\n","protected":false},"excerpt":{"rendered":"<p>Kremas akimirksniu nuramina od\u0105 pabuvus saul\u0117je, suma\u017eina odos tempimo jausm\u0105, \u012fdeg\u012f padaro tolygesn\u012f. Persik\u0173 aliejus ir glicerinas intensyviai dr\u0117kina od\u0105, atkuria jos hidrolipid\u0173 balans\u0105. D-pantenolis ir alantoinas skatina pa\u017eeist\u0173 audini\u0173 regeneracij\u0105, mal\u0161ina nie\u017eul\u012f, apsaugo nuo lupimosi ir prie\u0161laikinio odos sen\u0117jimo. Naudojimas: lengvais judesiais tepkite ant \u0161varios, sausos veido ir k\u016bno odos po saul\u0117s voni\u0173. Atsargumo [&#8230;]\n","protected":false},"featured_media":11809,"template":"","meta":[],"product_cat":[2181],"product_tag":[],"class_list":{"0":"post-40939","1":"product","2":"type-product","3":"status-publish","4":"has-post-thumbnail","6":"product_brand-bioton_ua-lt","7":"product_cat-bez-kategorijas-lt","9":"first","10":"outofstock","11":"taxable","12":"shipping-taxable","13":"product-type-simple"},"_links":{"self":[{"href":"https:\/\/e.kosmolat.eu\/lt\/wp-json\/wp\/v2\/product\/40939","targetHints":{"allow":["GET"]}}],"collection":[{"href":"https:\/\/e.kosmolat.eu\/lt\/wp-json\/wp\/v2\/product"}],"about":[{"href":"https:\/\/e.kosmolat.eu\/lt\/wp-json\/wp\/v2\/types\/product"}],"wp:featuredmedia":[{"embeddable":true,"href":"https:\/\/e.kosmolat.eu\/lt\/wp-json\/wp\/v2\/media\/11809"}],"wp:attachment":[{"href":"https:\/\/e.kosmolat.eu\/lt\/wp-json\/wp\/v2\/media?parent=40939"}],"wp:term":[{"taxonomy":"product_cat","embeddable":true,"href":"https:\/\/e.kosmolat.eu\/lt\/wp-json\/wp\/v2\/product_cat?post=40939"},{"taxonomy":"product_tag","embeddable":true,"href":"https:\/\/e.kosmolat.eu\/lt\/wp-json\/wp\/v2\/product_tag?post=40939"}],"curies":[{"name":"wp","href":"https:\/\/api.w.org\/{rel}","templated":true}]}}