{"id":40899,"date":"2023-12-23T02:07:03","date_gmt":"2023-12-23T02:07:03","guid":{"rendered":"https:\/\/e.kosmolat.eu\/product\/tresemme-atjaunin-matu-maska-biotin-repair-440-ml\/"},"modified":"2025-04-01T10:46:25","modified_gmt":"2025-04-01T10:46:25","slug":"tresemme-atjaunin-matu-maska-biotin-repair-440-ml","status":"publish","type":"product","link":"https:\/\/e.kosmolat.eu\/lt\/produktas\/tresemme-atjaunin-matu-maska-biotin-repair-440-ml\/","title":{"rendered":"TRESEMME Plauk\u0173 kauk\u0117 Biotin Repair, 440 ml"},"content":{"rendered":"<p>Pa\u017eangus produktas su matomais rezultatais: nuo pirmo naudojimo pa\u0161alina 7 r\u016b\u0161i\u0173 plauk\u0173 pa\u017eeidimus, atsiradusius d\u0117l d\u017eiovinimo, \u0161viesinimo, \u0161ukavimo, tiesinimo, da\u017eymo, pynimo, garbanojimo. Plaukai taps atspar\u016bs pa\u017eeidimams jau po pirmo panaudojimo. Sud\u0117tyje yra Biotino ir Pro-Bond komplekso.<\/p>\n<p><strong>Naudojimas:<\/strong> Tepkite ant i\u0161plaut\u0173, dr\u0117gn\u0173 plauk\u0173, palikite 3-5 minutes, i\u0161skalaukite. Naudokite vien\u0105 ar daugiau kart\u0173 per savait\u0119. Vengti patekimo \u012f akis. Gali sukelti dirginim\u0105. Patekus \u012f akis, kruop\u0161\u010diai nuplaukite vandeniu.<\/p>\n<p>Laikyti nuo +5&deg;\u0421 iki +25&deg;\u0421 temperat\u016broje<br \/>\n&nbsp;<\/p>\n","protected":false},"excerpt":{"rendered":"<p>Pa\u017eangus produktas su matomais rezultatais: nuo pirmo naudojimo pa\u0161alina 7 r\u016b\u0161i\u0173 plauk\u0173 pa\u017eeidimus, atsiradusius d\u0117l d\u017eiovinimo, \u0161viesinimo, \u0161ukavimo, tiesinimo, da\u017eymo, pynimo, garbanojimo. Plaukai taps atspar\u016bs pa\u017eeidimams jau po pirmo panaudojimo. Sud\u0117tyje yra Biotino ir Pro-Bond komplekso. Naudojimas: Tepkite ant i\u0161plaut\u0173, dr\u0117gn\u0173 plauk\u0173, palikite 3-5 minutes, i\u0161skalaukite. Naudokite vien\u0105 ar daugiau kart\u0173 per savait\u0119. Vengti patekimo [&#8230;]\n","protected":false},"featured_media":11641,"template":"","meta":[],"product_cat":[1256],"product_tag":[],"class_list":{"0":"post-40899","1":"product","2":"type-product","3":"status-publish","4":"has-post-thumbnail","6":"product_brand-unilever-ua-lt","7":"product_cat-plauku-kaukes","9":"first","10":"instock","11":"taxable","12":"shipping-taxable","13":"product-type-simple"},"_links":{"self":[{"href":"https:\/\/e.kosmolat.eu\/lt\/wp-json\/wp\/v2\/product\/40899","targetHints":{"allow":["GET"]}}],"collection":[{"href":"https:\/\/e.kosmolat.eu\/lt\/wp-json\/wp\/v2\/product"}],"about":[{"href":"https:\/\/e.kosmolat.eu\/lt\/wp-json\/wp\/v2\/types\/product"}],"wp:featuredmedia":[{"embeddable":true,"href":"https:\/\/e.kosmolat.eu\/lt\/wp-json\/wp\/v2\/media\/11641"}],"wp:attachment":[{"href":"https:\/\/e.kosmolat.eu\/lt\/wp-json\/wp\/v2\/media?parent=40899"}],"wp:term":[{"taxonomy":"product_cat","embeddable":true,"href":"https:\/\/e.kosmolat.eu\/lt\/wp-json\/wp\/v2\/product_cat?post=40899"},{"taxonomy":"product_tag","embeddable":true,"href":"https:\/\/e.kosmolat.eu\/lt\/wp-json\/wp\/v2\/product_tag?post=40899"}],"curies":[{"name":"wp","href":"https:\/\/api.w.org\/{rel}","templated":true}]}}