{"id":40803,"date":"2023-12-23T01:56:21","date_gmt":"2023-12-23T01:56:21","guid":{"rendered":"https:\/\/e.kosmolat.eu\/product\/my-style-mitr-salvetes-hipoalerg-99-udens-15-gab\/"},"modified":"2025-03-31T05:32:44","modified_gmt":"2025-03-31T05:32:44","slug":"my-style-mitr-salvetes-hipoalerg-99-udens-15-gab","status":"publish","type":"product","link":"https:\/\/e.kosmolat.eu\/lt\/produktas\/my-style-mitr-salvetes-hipoalerg-99-udens-15-gab\/","title":{"rendered":"MY STYLE Dr\u0117gnos servet\u0117l\u0117s hipoalergin\u0117s 99% vandens, 15 vnt."},"content":{"rendered":"<p>Sukurta greitam ir \u0161velniam rank\u0173 ir k\u016bno odos valymui. Mink\u0161tina ir dr\u0117kina od\u0105, suteik jai gaivumo ir komforto poj\u016bt\u012f. Impregnanto sud\u0117tyje yra 99% vandens. Sud\u0117tyje n\u0117ra etilo alkoholio.<\/p>\n<p><strong>Naudojimas: <\/strong>atidarykite vo\u017etuv\u0105, i\u0161imkite servet\u0117l\u0119, sandariai u\u017edarykite vo\u017etuv\u0105, apdorokite od\u0105.<\/p>\n<p><strong>Atsargumo priemon\u0117s:<\/strong> Vengti patekimo \u012f akis. Nenaudoti esant padid\u0117jusiam jautrumui atskiriems kompozicijos komponentams.<\/p>\n<p><strong>Laikymo s\u0105lygos:<\/strong> laikyti nuo -20 iki +30 temperat\u016broje atokiau nuo \u0161ildymo prietais\u0173. Venkite tiesiogini\u0173 saul\u0117s spinduli\u0173.<br \/>\n&nbsp;<\/p>\n","protected":false},"excerpt":{"rendered":"<p>Sukurta greitam ir \u0161velniam rank\u0173 ir k\u016bno odos valymui. Mink\u0161tina ir dr\u0117kina od\u0105, suteik jai gaivumo ir komforto poj\u016bt\u012f. Impregnanto sud\u0117tyje yra 99% vandens. Sud\u0117tyje n\u0117ra etilo alkoholio. Naudojimas: atidarykite vo\u017etuv\u0105, i\u0161imkite servet\u0117l\u0119, sandariai u\u017edarykite vo\u017etuv\u0105, apdorokite od\u0105. Atsargumo priemon\u0117s: Vengti patekimo \u012f akis. Nenaudoti esant padid\u0117jusiam jautrumui atskiriems kompozicijos komponentams. Laikymo s\u0105lygos: laikyti nuo [&#8230;]\n","protected":false},"featured_media":11465,"template":"","meta":[],"product_cat":[1808],"product_tag":[],"class_list":{"0":"post-40803","1":"product","2":"type-product","3":"status-publish","4":"has-post-thumbnail","6":"product_brand-cotton-ua-lt","7":"product_cat-dregnos-serveteles-ir-nosines","9":"first","10":"outofstock","11":"taxable","12":"shipping-taxable","13":"product-type-simple"},"_links":{"self":[{"href":"https:\/\/e.kosmolat.eu\/lt\/wp-json\/wp\/v2\/product\/40803","targetHints":{"allow":["GET"]}}],"collection":[{"href":"https:\/\/e.kosmolat.eu\/lt\/wp-json\/wp\/v2\/product"}],"about":[{"href":"https:\/\/e.kosmolat.eu\/lt\/wp-json\/wp\/v2\/types\/product"}],"wp:featuredmedia":[{"embeddable":true,"href":"https:\/\/e.kosmolat.eu\/lt\/wp-json\/wp\/v2\/media\/11465"}],"wp:attachment":[{"href":"https:\/\/e.kosmolat.eu\/lt\/wp-json\/wp\/v2\/media?parent=40803"}],"wp:term":[{"taxonomy":"product_cat","embeddable":true,"href":"https:\/\/e.kosmolat.eu\/lt\/wp-json\/wp\/v2\/product_cat?post=40803"},{"taxonomy":"product_tag","embeddable":true,"href":"https:\/\/e.kosmolat.eu\/lt\/wp-json\/wp\/v2\/product_tag?post=40803"}],"curies":[{"name":"wp","href":"https:\/\/api.w.org\/{rel}","templated":true}]}}