{"id":40779,"date":"2023-12-23T01:54:13","date_gmt":"2023-12-23T01:54:13","guid":{"rendered":"https:\/\/e.kosmolat.eu\/product\/tresemme-termoaizsarg-matu-sprejs-keratin-smooth-200-ml\/"},"modified":"2025-07-15T05:32:39","modified_gmt":"2025-07-15T05:32:39","slug":"tresemme-termoaizsarg-matu-sprejs-keratin-smooth-200-ml","status":"publish","type":"product","link":"https:\/\/e.kosmolat.eu\/lt\/produktas\/tresemme-termoaizsarg-matu-sprejs-keratin-smooth-200-ml\/","title":{"rendered":"TRESEMME Apsaugantis plauk\u0173 pur\u0161kiklis Keratin Smooth, 200 ml"},"content":{"rendered":"<p>Pa\u017eangus produktas, skirtas apsaugoti plaukus nuo auk\u0161tos temperat\u016bros iki 230&deg;C formuojant kar\u0161\u010diu. &Scaron;ilumin\u0117s apsaugos pur\u0161kiklis suteikia penkis privalumus: Daro plaukus paklusnius &nbsp;72 valandas, i\u0161valo plaukus, suteikia blizgesio, suteikia \u0161velnumo ir padaro plaukus paklusnius. Sud\u0117tyje yra hidrolizuoto keratino.<\/p>\n<p><strong>Naudojimas:<\/strong> prie\u0161 naudodami plauk\u0173 d\u017eiovintuv\u0105, purk\u0161ti ant dr\u0117gn\u0173 plauk\u0173 arba purk\u0161ti i\u0161 15-20 cm atstumo prie\u0161 tiesindami ar garbanodami plaukus. Nor\u0117dami gauti geriausius rezultatus, u\u017ebaikite su TRESemme Shine Oil plauk\u0173 serumu.<\/p>\n<p>Laikyti nuo +5 &deg;C iki +25 &deg;C temperat\u016broje.<br \/>\n&nbsp;<\/p>\n","protected":false},"excerpt":{"rendered":"<p>Pa\u017eangus produktas, skirtas apsaugoti plaukus nuo auk\u0161tos temperat\u016bros iki 230&deg;C formuojant kar\u0161\u010diu. &Scaron;ilumin\u0117s apsaugos pur\u0161kiklis suteikia penkis privalumus: Daro plaukus paklusnius &nbsp;72 valandas, i\u0161valo plaukus, suteikia blizgesio, suteikia \u0161velnumo ir padaro plaukus paklusnius. Sud\u0117tyje yra hidrolizuoto keratino. Naudojimas: prie\u0161 naudodami plauk\u0173 d\u017eiovintuv\u0105, purk\u0161ti ant dr\u0117gn\u0173 plauk\u0173 arba purk\u0161ti i\u0161 15-20 cm atstumo prie\u0161 tiesindami ar [&#8230;]\n","protected":false},"featured_media":11425,"template":"","meta":[],"product_cat":[2181],"product_tag":[],"class_list":{"0":"post-40779","1":"product","2":"type-product","3":"status-publish","4":"has-post-thumbnail","6":"product_brand-unilever-ua-lt","7":"product_cat-bez-kategorijas-lt","9":"first","10":"outofstock","11":"taxable","12":"shipping-taxable","13":"product-type-simple"},"_links":{"self":[{"href":"https:\/\/e.kosmolat.eu\/lt\/wp-json\/wp\/v2\/product\/40779","targetHints":{"allow":["GET"]}}],"collection":[{"href":"https:\/\/e.kosmolat.eu\/lt\/wp-json\/wp\/v2\/product"}],"about":[{"href":"https:\/\/e.kosmolat.eu\/lt\/wp-json\/wp\/v2\/types\/product"}],"wp:featuredmedia":[{"embeddable":true,"href":"https:\/\/e.kosmolat.eu\/lt\/wp-json\/wp\/v2\/media\/11425"}],"wp:attachment":[{"href":"https:\/\/e.kosmolat.eu\/lt\/wp-json\/wp\/v2\/media?parent=40779"}],"wp:term":[{"taxonomy":"product_cat","embeddable":true,"href":"https:\/\/e.kosmolat.eu\/lt\/wp-json\/wp\/v2\/product_cat?post=40779"},{"taxonomy":"product_tag","embeddable":true,"href":"https:\/\/e.kosmolat.eu\/lt\/wp-json\/wp\/v2\/product_tag?post=40779"}],"curies":[{"name":"wp","href":"https:\/\/api.w.org\/{rel}","templated":true}]}}