{"id":40751,"date":"2023-12-23T01:51:43","date_gmt":"2023-12-23T01:51:43","guid":{"rendered":"https:\/\/e.kosmolat.eu\/product\/dp-greenlife-stiklu-tirisanas-lidzeklis-750-ml\/"},"modified":"2025-04-01T10:45:52","modified_gmt":"2025-04-01T10:45:52","slug":"dp-greenlife-stiklu-tirisanas-lidzeklis-750-ml","status":"publish","type":"product","link":"https:\/\/e.kosmolat.eu\/lt\/produktas\/dp-greenlife-stiklu-tirisanas-lidzeklis-750-ml\/","title":{"rendered":"DUAL POWER GREENLIFE Stiklo valiklis, 750 ml"},"content":{"rendered":"<p>Universalus stiklo, veidrod\u017ei\u0173 ir chromuot\u0173 pavir\u0161i\u0173 valiklis. Suteikia blizgesio ir gaivaus kvapo nepalikdamas dry\u017ei\u0173. Nat\u016bralios pavir\u0161iaus aktyviosios med\u017eiagos formul\u0117 u\u017etikrina geriausi\u0105 rezultat\u0105. Rekomenduojama doz\u0117 leid\u017eia sutaupyti produkto ir suma\u017einti poveik\u012f aplinkai.<\/p>\n<p><strong>Naudojimas:<\/strong> purk\u0161ti produkt\u0105 ant u\u017eter\u0161to pavir\u0161iaus. Nuvalykite ir nusausinkite \u0161varia \u0161luoste, kol visi\u0161kai i\u0161d\u017eius. Produktas n\u0117ra skirtas dideli\u0173 plot\u0173 valymui. Dozavimas: paruo\u0161tas naudojimui.<\/p>\n<p><strong>Sud\u0117tis: <\/strong>ma\u017eiau kaip, 5 % &nbsp;izopropilo alkoholis.<\/p>\n<p>P101 Jei reikalinga gydytojo konsultacija, su savimi tur\u0117kite produkto talpykl\u0105 ar jo etiket\u0119.<br \/>\nP102 Laikyti vaikams neprieinamoje vietoje<br \/>\nP103 Prie\u0161 naudojim\u0105 perskaityti etiket\u0119.<br \/>\n&nbsp;<\/p>\n","protected":false},"excerpt":{"rendered":"<p>Universalus stiklo, veidrod\u017ei\u0173 ir chromuot\u0173 pavir\u0161i\u0173 valiklis. Suteikia blizgesio ir gaivaus kvapo nepalikdamas dry\u017ei\u0173. Nat\u016bralios pavir\u0161iaus aktyviosios med\u017eiagos formul\u0117 u\u017etikrina geriausi\u0105 rezultat\u0105. Rekomenduojama doz\u0117 leid\u017eia sutaupyti produkto ir suma\u017einti poveik\u012f aplinkai. Naudojimas: purk\u0161ti produkt\u0105 ant u\u017eter\u0161to pavir\u0161iaus. Nuvalykite ir nusausinkite \u0161varia \u0161luoste, kol visi\u0161kai i\u0161d\u017eius. Produktas n\u0117ra skirtas dideli\u0173 plot\u0173 valymui. Dozavimas: paruo\u0161tas naudojimui. Sud\u0117tis: [&#8230;]\n","protected":false},"featured_media":11369,"template":"","meta":[],"product_cat":[1722],"product_tag":[],"class_list":{"0":"post-40751","1":"product","2":"type-product","3":"status-publish","4":"has-post-thumbnail","6":"product_brand-italchimica-it-lt","7":"product_cat-langams-ir-stiklui","9":"first","10":"instock","11":"taxable","12":"shipping-taxable","13":"product-type-simple"},"_links":{"self":[{"href":"https:\/\/e.kosmolat.eu\/lt\/wp-json\/wp\/v2\/product\/40751","targetHints":{"allow":["GET"]}}],"collection":[{"href":"https:\/\/e.kosmolat.eu\/lt\/wp-json\/wp\/v2\/product"}],"about":[{"href":"https:\/\/e.kosmolat.eu\/lt\/wp-json\/wp\/v2\/types\/product"}],"wp:featuredmedia":[{"embeddable":true,"href":"https:\/\/e.kosmolat.eu\/lt\/wp-json\/wp\/v2\/media\/11369"}],"wp:attachment":[{"href":"https:\/\/e.kosmolat.eu\/lt\/wp-json\/wp\/v2\/media?parent=40751"}],"wp:term":[{"taxonomy":"product_cat","embeddable":true,"href":"https:\/\/e.kosmolat.eu\/lt\/wp-json\/wp\/v2\/product_cat?post=40751"},{"taxonomy":"product_tag","embeddable":true,"href":"https:\/\/e.kosmolat.eu\/lt\/wp-json\/wp\/v2\/product_tag?post=40751"}],"curies":[{"name":"wp","href":"https:\/\/api.w.org\/{rel}","templated":true}]}}