{"id":40739,"date":"2023-12-23T01:50:13","date_gmt":"2023-12-23T01:50:13","guid":{"rendered":"https:\/\/e.kosmolat.eu\/product\/dp-greenlife-trauku-mazg-masinas-zeleja-660-ml\/"},"modified":"2026-03-31T10:32:18","modified_gmt":"2026-03-31T10:32:18","slug":"dp-greenlife-trauku-mazg-masinas-zeleja-660-ml","status":"publish","type":"product","link":"https:\/\/e.kosmolat.eu\/lt\/produktas\/dp-greenlife-trauku-mazg-masinas-zeleja-660-ml\/","title":{"rendered":"DUAL POWER GREENLIFE Gelinis ploviklis indaplov\u0117ms, 660 ml"},"content":{"rendered":"<p>R\u016bpinantis aplinka, fermentin\u0117 formul\u0117 su augalin\u0117s kilm\u0117s \u017ealiavomis veikia akimirksniu, indai spindi \u0161vara. Pa\u0161alina kvapus ir veikia kaip skalavimo priemon\u0117. 660 ml skalbiklio atitinka 33 dozes, skirtas ma\u017eai ne\u0161variems indams plauti.<\/p>\n<p><strong>Naudojimas: <\/strong>nor\u0117dami atidaryti, paspauskite dangtelio kra\u0161tus ir pakelkite j\u012f auk\u0161tyn. Supilkite norim\u0105 skalbiklio kiek\u012f \u012f skalbimo priemoni\u0173 stal\u010di\u0173 ir paleiskite norim\u0105 program\u0105.<\/p>\n<p><strong>Dozavimas: <\/strong>lengvai sutepti indai &#8211; 20 ml, vidutini\u0161kai sutepti indai &#8211; 25 ml, labai ne\u0161var\u016bs indai &#8211; 30 ml.<\/p>\n<p><strong>Sud\u0117tis: <\/strong>ma\u017eiau kaip 5 % &nbsp;nejonini\u0173 &nbsp;aktyvi\u0173j\u0173 pavir\u0161iaus med\u017eiag\u0173. Fermentai. Kvapai. Konservavimo med\u017eiaga: Benzisothiazolinone\/ Methylchloroisothiazolinone\/ Methylisothiazolinone.&nbsp;<\/p>\n<p>EUH208 Sud\u0117tyje yra Metilchlorizotiazolinonas ir metilizotiazolinonas. Gali sukelti alergin\u0119 reakcij\u0105.<br \/>\nP101 Jei reikalinga gydytojo konsultacija, su savimi tur\u0117kite produkto talpykl\u0105 ar jo etiket\u0119.<br \/>\nP102 Laikyti vaikams neprieinamoje vietoje<br \/>\nP103 Prie\u0161 naudojim\u0105 perskaityti etiket\u0119.<br \/>\n&nbsp;<\/p>\n","protected":false},"excerpt":{"rendered":"<p>R\u016bpinantis aplinka, fermentin\u0117 formul\u0117 su augalin\u0117s kilm\u0117s \u017ealiavomis veikia akimirksniu, indai spindi \u0161vara. Pa\u0161alina kvapus ir veikia kaip skalavimo priemon\u0117. 660 ml skalbiklio atitinka 33 dozes, skirtas ma\u017eai ne\u0161variems indams plauti. Naudojimas: nor\u0117dami atidaryti, paspauskite dangtelio kra\u0161tus ir pakelkite j\u012f auk\u0161tyn. Supilkite norim\u0105 skalbiklio kiek\u012f \u012f skalbimo priemoni\u0173 stal\u010di\u0173 ir paleiskite norim\u0105 program\u0105. Dozavimas: lengvai [&#8230;]\n","protected":false},"featured_media":102947,"template":"","meta":[],"product_cat":[1493],"product_tag":[],"class_list":{"0":"post-40739","1":"product","2":"type-product","3":"status-publish","4":"has-post-thumbnail","6":"product_brand-italchimica-it-lt","7":"product_cat-priemones-indams-plauti-indaplovese","9":"first","10":"instock","11":"taxable","12":"shipping-taxable","13":"product-type-simple"},"_links":{"self":[{"href":"https:\/\/e.kosmolat.eu\/lt\/wp-json\/wp\/v2\/product\/40739","targetHints":{"allow":["GET"]}}],"collection":[{"href":"https:\/\/e.kosmolat.eu\/lt\/wp-json\/wp\/v2\/product"}],"about":[{"href":"https:\/\/e.kosmolat.eu\/lt\/wp-json\/wp\/v2\/types\/product"}],"wp:featuredmedia":[{"embeddable":true,"href":"https:\/\/e.kosmolat.eu\/lt\/wp-json\/wp\/v2\/media\/102947"}],"wp:attachment":[{"href":"https:\/\/e.kosmolat.eu\/lt\/wp-json\/wp\/v2\/media?parent=40739"}],"wp:term":[{"taxonomy":"product_cat","embeddable":true,"href":"https:\/\/e.kosmolat.eu\/lt\/wp-json\/wp\/v2\/product_cat?post=40739"},{"taxonomy":"product_tag","embeddable":true,"href":"https:\/\/e.kosmolat.eu\/lt\/wp-json\/wp\/v2\/product_tag?post=40739"}],"curies":[{"name":"wp","href":"https:\/\/api.w.org\/{rel}","templated":true}]}}