{"id":40719,"date":"2023-12-23T01:47:43","date_gmt":"2023-12-23T01:47:43","guid":{"rendered":"https:\/\/e.kosmolat.eu\/product\/bd-sejas-toneris-serums-2in1-readyglow-100-ml\/"},"modified":"2026-04-17T11:09:11","modified_gmt":"2026-04-17T11:09:11","slug":"bd-sejas-toneris-serums-2in1-ready-glow-100-ml","status":"publish","type":"product","link":"https:\/\/e.kosmolat.eu\/lt\/produktas\/bd-sejas-toneris-serums-2in1-ready-glow-100-ml\/","title":{"rendered":"BEAUTYDERM Toneris- serumas veidui 2in1 Ready? Glow!, 100 ml"},"content":{"rendered":"<p>Daugiafunkcis gaminys, apjungiantis dviej\u0173 produkt\u0173 veikim\u0105. Kaip tonikas, i\u0161laiko nat\u016bral\u0173 odos pH balans\u0105 po prausimosi, j\u0105 ramina. Kartu jis turi serumui b\u016bding\u0173 savybi\u0173, b\u016btent: palaiko optimal\u0173 odos dr\u0117kinimo lyg\u012f, taip pat nat\u016brali\u0105 barjerin\u0119 funkcij\u0105 ir elastingum\u0105, i\u0161lygina odos mikroreljef\u0105.<\/p>\n<p>Veikliosios med\u017eiagos: keramid\u0173 kompleksas, dr\u0117kinamasis kompleksas, peptid\u0173 kompleksas.<\/p>\n<p><strong>Naudojimas:<\/strong> Nedidel\u012f kiek\u012f tonerio-serumo du kartus per dien\u0105 tepkite ant \u0161varios veido, kaklo ir dekolt\u0117 odos. Jis gali b\u016bti naudojamas ant odos po akimis ir kaip makia\u017eo pagrindas. Palikite, kol visi\u0161kai \u012fsigers.<\/p>\n<p><strong>Atsargiai: <\/strong>prie\u0161 naudodami i\u0161bandykite tonerio serum\u0105 ant nedidelio odos ploto. Jei pasirei\u0161kia alergin\u0117 reakcija, nustokite naudoti. Tik i\u0161oriniam naudojimui. Patekus \u012f akis, gerai nuplauti dideliu kiekiu tekan\u010dio vandens.<\/p>\n<p><strong>Kontraindikacijos: <\/strong>individualus jautrumas tonerio-serumo komponentams.<\/p>\n<p>Laikyti nuo +5&deg;C iki +25&deg;C temperat\u016broje, o santykin\u0117 oro dr\u0117gm\u0117 55-70%, apsaugota nuo tiesiogini\u0173 saul\u0117s spinduli\u0173, ne ma\u017eesniu kaip 1 m atstumu nuo auk\u0161tos temperat\u016bros \u0161altini\u0173.<\/p>\n<p><strong>Geriausia: <\/strong>36 m\u0117n. nuo pagaminimo datos<br \/>\n&nbsp;<\/p>\n","protected":false},"excerpt":{"rendered":"<p>Daugiafunkcis gaminys, apjungiantis dviej\u0173 produkt\u0173 veikim\u0105. Kaip tonikas, i\u0161laiko nat\u016bral\u0173 odos pH balans\u0105 po prausimosi, j\u0105 ramina. Kartu jis turi serumui b\u016bding\u0173 savybi\u0173, b\u016btent: palaiko optimal\u0173 odos dr\u0117kinimo lyg\u012f, taip pat nat\u016brali\u0105 barjerin\u0119 funkcij\u0105 ir elastingum\u0105, i\u0161lygina odos mikroreljef\u0105. Veikliosios med\u017eiagos: keramid\u0173 kompleksas, dr\u0117kinamasis kompleksas, peptid\u0173 kompleksas. Naudojimas: Nedidel\u012f kiek\u012f tonerio-serumo du kartus per dien\u0105 [&#8230;]\n","protected":false},"featured_media":103309,"template":"","meta":[],"product_cat":[1580],"product_tag":[],"class_list":{"0":"post-40719","1":"product","2":"type-product","3":"status-publish","4":"has-post-thumbnail","6":"product_brand-naturpro_ua-lt","7":"product_cat-losjonai-ir-tonikai","9":"first","10":"instock","11":"taxable","12":"shipping-taxable","13":"product-type-simple"},"_links":{"self":[{"href":"https:\/\/e.kosmolat.eu\/lt\/wp-json\/wp\/v2\/product\/40719","targetHints":{"allow":["GET"]}}],"collection":[{"href":"https:\/\/e.kosmolat.eu\/lt\/wp-json\/wp\/v2\/product"}],"about":[{"href":"https:\/\/e.kosmolat.eu\/lt\/wp-json\/wp\/v2\/types\/product"}],"wp:featuredmedia":[{"embeddable":true,"href":"https:\/\/e.kosmolat.eu\/lt\/wp-json\/wp\/v2\/media\/103309"}],"wp:attachment":[{"href":"https:\/\/e.kosmolat.eu\/lt\/wp-json\/wp\/v2\/media?parent=40719"}],"wp:term":[{"taxonomy":"product_cat","embeddable":true,"href":"https:\/\/e.kosmolat.eu\/lt\/wp-json\/wp\/v2\/product_cat?post=40719"},{"taxonomy":"product_tag","embeddable":true,"href":"https:\/\/e.kosmolat.eu\/lt\/wp-json\/wp\/v2\/product_tag?post=40719"}],"curies":[{"name":"wp","href":"https:\/\/api.w.org\/{rel}","templated":true}]}}