{"id":40715,"date":"2023-12-23T01:47:19","date_gmt":"2023-12-23T01:47:19","guid":{"rendered":"https:\/\/e.kosmolat.eu\/product\/bd-attirosas-kremputas-ready-glow-150-ml\/"},"modified":"2026-02-18T09:24:58","modified_gmt":"2026-02-18T09:24:58","slug":"bd-attirosas-kremputas-norm-un-saus-ad-150-ml","status":"publish","type":"product","link":"https:\/\/e.kosmolat.eu\/lt\/produktas\/bd-attirosas-kremputas-norm-un-saus-ad-150-ml\/","title":{"rendered":"BEAUTYDERM Prausimosi putos normaliai ir sausai odai, 150 ml"},"content":{"rendered":"<p>&Scaron;velniai valo od\u0105, tod\u0117l ji tampa \u0161velni ir lygi, taip pat palaiko optimal\u0173 vandens balans\u0105 ir nat\u016bral\u0173 apsaugin\u012f epidermio barjer\u0105. D\u0117l put\u0173 sud\u0117tyje esan\u010dio skvalano po prausimosi nelieka sausumo ir tempimo jausmo, oda jau\u010diasi dr\u0117kinama, atrodo gaivi ir \u0161vytinti.&nbsp;Veikliosios med\u017eiagos: skvalanas, keramido kompleksas, alantoinas<\/p>\n<p><strong>Naudojimas:<\/strong> Tepkite krem\u0105-putas ant dr\u0117gnos odos, \u0161velniais masa\u017eo judesiais suputokite. Nuplaukite \u0161iltu vandeniu. Tinka kasdieniam naudojimui.<\/p>\n<p><strong>Atsargiai: <\/strong>prie\u0161 naudojim\u0105 b\u016btina i\u0161bandyti putplas\u010dio krem\u0105 ant nedidelio odos ploto. Jei pasirei\u0161kia alergin\u0117 reakcija, nustokite vartoti. Tik i\u0161oriniam naudojimui. Patekus \u012f akis, gerai nuplauti dideliu kiekiu tekan\u010diu vandeniu.<\/p>\n<p><strong>Kontraindikacijos:<\/strong> individualus jautrumas putplas\u010dio kremo komponentams.<\/p>\n<p>Laikyti nuo +5&deg;C iki +25&deg;C temperat\u016broje, o santykin\u0117 oro dr\u0117gm\u0117 55-70%, apsaugota nuo tiesiogini\u0173 saul\u0117s spinduli\u0173, ne ma\u017eesniu kaip 1 m atstumu nuo auk\u0161tos temperat\u016bros \u0161altini\u0173.<\/p>\n<p><strong>Geriausia: <\/strong>36 m\u0117n. nuo pagaminimo datos<br \/>\n&nbsp;<\/p>\n","protected":false},"excerpt":{"rendered":"<p>&Scaron;velniai valo od\u0105, tod\u0117l ji tampa \u0161velni ir lygi, taip pat palaiko optimal\u0173 vandens balans\u0105 ir nat\u016bral\u0173 apsaugin\u012f epidermio barjer\u0105. D\u0117l put\u0173 sud\u0117tyje esan\u010dio skvalano po prausimosi nelieka sausumo ir tempimo jausmo, oda jau\u010diasi dr\u0117kinama, atrodo gaivi ir \u0161vytinti.&nbsp;Veikliosios med\u017eiagos: skvalanas, keramido kompleksas, alantoinas Naudojimas: Tepkite krem\u0105-putas ant dr\u0117gnos odos, \u0161velniais masa\u017eo judesiais suputokite. Nuplaukite [&#8230;]\n","protected":false},"featured_media":0,"template":"","meta":[],"product_cat":[1835],"product_tag":[],"class_list":{"0":"post-40715","1":"product","2":"type-product","3":"status-publish","5":"product_brand-naturpro_ua-lt","6":"product_cat-prausimosi-putos","8":"first","9":"outofstock","10":"taxable","11":"shipping-taxable","12":"product-type-simple"},"_links":{"self":[{"href":"https:\/\/e.kosmolat.eu\/lt\/wp-json\/wp\/v2\/product\/40715","targetHints":{"allow":["GET"]}}],"collection":[{"href":"https:\/\/e.kosmolat.eu\/lt\/wp-json\/wp\/v2\/product"}],"about":[{"href":"https:\/\/e.kosmolat.eu\/lt\/wp-json\/wp\/v2\/types\/product"}],"wp:attachment":[{"href":"https:\/\/e.kosmolat.eu\/lt\/wp-json\/wp\/v2\/media?parent=40715"}],"wp:term":[{"taxonomy":"product_cat","embeddable":true,"href":"https:\/\/e.kosmolat.eu\/lt\/wp-json\/wp\/v2\/product_cat?post=40715"},{"taxonomy":"product_tag","embeddable":true,"href":"https:\/\/e.kosmolat.eu\/lt\/wp-json\/wp\/v2\/product_tag?post=40715"}],"curies":[{"name":"wp","href":"https:\/\/api.w.org\/{rel}","templated":true}]}}