{"id":40711,"date":"2023-12-23T01:46:56","date_gmt":"2023-12-23T01:46:56","guid":{"rendered":"https:\/\/e.kosmolat.eu\/product\/bd-sejas-pilinga-skrubis-sebum-no-75-ml\/"},"modified":"2026-04-22T08:14:43","modified_gmt":"2026-04-22T08:14:43","slug":"bd-sejas-pilinga-skrubis-sebum-no-75-ml","status":"publish","type":"product","link":"https:\/\/e.kosmolat.eu\/lt\/produktas\/bd-sejas-pilinga-skrubis-sebum-no-75-ml\/","title":{"rendered":"BEAUTYDERM Pilingas- \u0161veitiklis Sebum?No!, 75 ml"},"content":{"rendered":"<p>Aktyv\u016bs ingredientai: nat\u016bralus prebiotikas, abrikos\u0173 kauliuk\u0173 milteliai, pieno r\u016bg\u0161tis.<br \/>\nVizualiai i\u0161lygina odos pavir\u0161i\u0173, padaro j\u0105 lygi\u0105 ir spindin\u010di\u0105, taip pat pa\u0161alina ne\u0161varumus nuo epidermio pavir\u0161iaus bei i\u0161valo poras. Produkto sud\u0117tyje yra prebiotiko, kuris padeda u\u017ekirsti keli\u0105 pleiskanojimui ir i\u0161laikyti nat\u016bral\u0173 apsaugin\u012f odos barjer\u0105.<\/p>\n<p><strong>Naudojimas:<\/strong> tepkite ant dr\u0117gno veido, masa\u017euokite ir nuplaukite vandeniu.<\/p>\n<p><strong>Atsargiai: <\/strong>prie\u0161 naudojim\u0105 b\u016btina i\u0161bandyti \u0161veitikl\u012f ant nedidelio odos ploto. Jei pasirei\u0161kia alergin\u0117 reakcija, nustokite naudoti. Tik i\u0161oriniam naudojimui. Patekus \u012f akis, gerai nuplauti dideliu kiekiu tekan\u010dio vandens.<\/p>\n<p><strong>Kontraindikacijos: <\/strong>individualus jautrumas \u0161veitiklio komponentams.<\/p>\n<p>Laikyti nuo +5&deg;C iki +25&deg;C temperat\u016broje, o santykin\u0117 oro dr\u0117gm\u0117 55-70%, apsaugota nuo tiesiogini\u0173 saul\u0117s spinduli\u0173, ne ma\u017eesniu kaip 1 m atstumu nuo auk\u0161tos temperat\u016bros \u0161altini\u0173.<\/p>\n<p><strong>Geriausia: 3<\/strong>6 m\u0117n. nuo pagaminimo datos<br \/>\n&nbsp;<\/p>\n","protected":false},"excerpt":{"rendered":"<p>Aktyv\u016bs ingredientai: nat\u016bralus prebiotikas, abrikos\u0173 kauliuk\u0173 milteliai, pieno r\u016bg\u0161tis. Vizualiai i\u0161lygina odos pavir\u0161i\u0173, padaro j\u0105 lygi\u0105 ir spindin\u010di\u0105, taip pat pa\u0161alina ne\u0161varumus nuo epidermio pavir\u0161iaus bei i\u0161valo poras. Produkto sud\u0117tyje yra prebiotiko, kuris padeda u\u017ekirsti keli\u0105 pleiskanojimui ir i\u0161laikyti nat\u016bral\u0173 apsaugin\u012f odos barjer\u0105. Naudojimas: tepkite ant dr\u0117gno veido, masa\u017euokite ir nuplaukite vandeniu. Atsargiai: prie\u0161 naudojim\u0105 [&#8230;]\n","protected":false},"featured_media":102639,"template":"","meta":[],"product_cat":[2181],"product_tag":[],"class_list":{"0":"post-40711","1":"product","2":"type-product","3":"status-publish","4":"has-post-thumbnail","6":"product_brand-naturpro_ua-lt","7":"product_cat-bez-kategorijas-lt","9":"first","10":"instock","11":"taxable","12":"shipping-taxable","13":"product-type-simple"},"_links":{"self":[{"href":"https:\/\/e.kosmolat.eu\/lt\/wp-json\/wp\/v2\/product\/40711","targetHints":{"allow":["GET"]}}],"collection":[{"href":"https:\/\/e.kosmolat.eu\/lt\/wp-json\/wp\/v2\/product"}],"about":[{"href":"https:\/\/e.kosmolat.eu\/lt\/wp-json\/wp\/v2\/types\/product"}],"wp:featuredmedia":[{"embeddable":true,"href":"https:\/\/e.kosmolat.eu\/lt\/wp-json\/wp\/v2\/media\/102639"}],"wp:attachment":[{"href":"https:\/\/e.kosmolat.eu\/lt\/wp-json\/wp\/v2\/media?parent=40711"}],"wp:term":[{"taxonomy":"product_cat","embeddable":true,"href":"https:\/\/e.kosmolat.eu\/lt\/wp-json\/wp\/v2\/product_cat?post=40711"},{"taxonomy":"product_tag","embeddable":true,"href":"https:\/\/e.kosmolat.eu\/lt\/wp-json\/wp\/v2\/product_tag?post=40711"}],"curies":[{"name":"wp","href":"https:\/\/api.w.org\/{rel}","templated":true}]}}