{"id":40699,"date":"2023-12-23T01:45:55","date_gmt":"2023-12-23T01:45:55","guid":{"rendered":"https:\/\/e.kosmolat.eu\/product\/so-smooch-parfim-udens-nude-30-ml\/"},"modified":"2026-04-22T08:56:37","modified_gmt":"2026-04-22T08:56:37","slug":"so-smooch-parfim-udens-nude-30-ml","status":"publish","type":"product","link":"https:\/\/e.kosmolat.eu\/lt\/produktas\/so-smooch-parfim-udens-nude-30-ml\/","title":{"rendered":"SO&#8230;? SMOOCH Parfumuotas vanduo  Nude, 30 ml"},"content":{"rendered":"<p><strong>Atsargumo priemon\u0117s:<\/strong> Labai degi. Nenaudokite \u0161alia ugnies, liepsnos ar \u0161ilumos \u0161altini\u0173.<\/p>\n","protected":false},"excerpt":{"rendered":"<p>Atsargumo priemon\u0117s: Labai degi. Nenaudokite \u0161alia ugnies, liepsnos ar \u0161ilumos \u0161altini\u0173.<\/p>\n","protected":false},"featured_media":98820,"template":"","meta":[],"product_cat":[2181],"product_tag":[],"class_list":{"0":"post-40699","1":"product","2":"type-product","3":"status-publish","4":"has-post-thumbnail","6":"product_brand-incos_gb-lt","7":"product_cat-bez-kategorijas-lt","9":"first","10":"instock","11":"taxable","12":"shipping-taxable","13":"product-type-simple"},"_links":{"self":[{"href":"https:\/\/e.kosmolat.eu\/lt\/wp-json\/wp\/v2\/product\/40699","targetHints":{"allow":["GET"]}}],"collection":[{"href":"https:\/\/e.kosmolat.eu\/lt\/wp-json\/wp\/v2\/product"}],"about":[{"href":"https:\/\/e.kosmolat.eu\/lt\/wp-json\/wp\/v2\/types\/product"}],"wp:featuredmedia":[{"embeddable":true,"href":"https:\/\/e.kosmolat.eu\/lt\/wp-json\/wp\/v2\/media\/98820"}],"wp:attachment":[{"href":"https:\/\/e.kosmolat.eu\/lt\/wp-json\/wp\/v2\/media?parent=40699"}],"wp:term":[{"taxonomy":"product_cat","embeddable":true,"href":"https:\/\/e.kosmolat.eu\/lt\/wp-json\/wp\/v2\/product_cat?post=40699"},{"taxonomy":"product_tag","embeddable":true,"href":"https:\/\/e.kosmolat.eu\/lt\/wp-json\/wp\/v2\/product_tag?post=40699"}],"curies":[{"name":"wp","href":"https:\/\/api.w.org\/{rel}","templated":true}]}}