{"id":40691,"date":"2023-12-23T01:45:05","date_gmt":"2023-12-23T01:45:05","guid":{"rendered":"https:\/\/e.kosmolat.eu\/product\/so-smooch-parfim-udens-cupid-30ml\/"},"modified":"2026-04-14T16:27:28","modified_gmt":"2026-04-14T16:27:28","slug":"so-smooch-parfim-udens-cupid-30ml","status":"publish","type":"product","link":"https:\/\/e.kosmolat.eu\/lt\/produktas\/so-smooch-parfim-udens-cupid-30ml\/","title":{"rendered":"SO&#8230;? SMOOCH Parfumuotas vanduo  Cupid, 30 ml"},"content":{"rendered":"<p><strong>Atsargumo priemon\u0117s:<\/strong> Labai degi. Nenaudokite \u0161alia ugnies, liepsnos ar \u0161ilumos \u0161altini\u0173.<\/p>\n","protected":false},"excerpt":{"rendered":"<p>Atsargumo priemon\u0117s: Labai degi. Nenaudokite \u0161alia ugnies, liepsnos ar \u0161ilumos \u0161altini\u0173.<\/p>\n","protected":false},"featured_media":98816,"template":"","meta":[],"product_cat":[1447],"product_tag":[],"class_list":{"0":"post-40691","1":"product","2":"type-product","3":"status-publish","4":"has-post-thumbnail","6":"product_brand-incos_gb-lt","7":"product_cat-kvepalai-ir-tualetinis-vanduo-moterims","9":"first","10":"instock","11":"taxable","12":"shipping-taxable","13":"product-type-simple"},"_links":{"self":[{"href":"https:\/\/e.kosmolat.eu\/lt\/wp-json\/wp\/v2\/product\/40691","targetHints":{"allow":["GET"]}}],"collection":[{"href":"https:\/\/e.kosmolat.eu\/lt\/wp-json\/wp\/v2\/product"}],"about":[{"href":"https:\/\/e.kosmolat.eu\/lt\/wp-json\/wp\/v2\/types\/product"}],"wp:featuredmedia":[{"embeddable":true,"href":"https:\/\/e.kosmolat.eu\/lt\/wp-json\/wp\/v2\/media\/98816"}],"wp:attachment":[{"href":"https:\/\/e.kosmolat.eu\/lt\/wp-json\/wp\/v2\/media?parent=40691"}],"wp:term":[{"taxonomy":"product_cat","embeddable":true,"href":"https:\/\/e.kosmolat.eu\/lt\/wp-json\/wp\/v2\/product_cat?post=40691"},{"taxonomy":"product_tag","embeddable":true,"href":"https:\/\/e.kosmolat.eu\/lt\/wp-json\/wp\/v2\/product_tag?post=40691"}],"curies":[{"name":"wp","href":"https:\/\/api.w.org\/{rel}","templated":true}]}}