{"id":40651,"date":"2023-12-23T01:41:04","date_gmt":"2023-12-23T01:41:04","guid":{"rendered":"https:\/\/e.kosmolat.eu\/product\/spaaroma-kermena-sviests-ar-olivellu-250-ml\/"},"modified":"2025-09-22T12:02:33","modified_gmt":"2025-09-22T12:02:33","slug":"spaaroma-kermena-sviests-ar-olivellu-250-ml","status":"publish","type":"product","link":"https:\/\/e.kosmolat.eu\/lt\/produktas\/spaaroma-kermena-sviests-ar-olivellu-250-ml\/","title":{"rendered":"SPA&#038;AROMA K\u016bno sviestas su alyvuogi\u0173 aliejumi, 250 ml"},"content":{"rendered":"<p>Alyvuogi\u0173 aliejus maitina ir dr\u0117kina od\u0105 giliame l\u0105steli\u0173 lygyje. Reguliariai naudojant, alyvuogi\u0173 k\u016bno sviestas suteikia maksimali\u0105 apsaug\u0105 ir visapusi\u0161k\u0105 odos prie\u017ei\u016br\u0105 visai dienai. Turi malon\u0173 atpalaiduojant\u012f kvap\u0105.<\/p>\n<p><strong>Naudojimas: <\/strong>tepkite ant \u0161varios odos lengvais masa\u017euojamaisiais judesiais.<\/p>\n<p><strong>Atsargumo priemon\u0117s: <\/strong>Tik i\u0161oriniam naudojimui. Saugoti nuo vaik\u0173.<\/p>\n<p><strong>Geriausias: <\/strong>24 m\u0117nesiai nuo pagaminimo datos.<\/p>\n<p>Laikyti nuo +5 &ordm;C iki +25 &ordm;C temperat\u016broje.<\/p>\n","protected":false},"excerpt":{"rendered":"<p>Alyvuogi\u0173 aliejus maitina ir dr\u0117kina od\u0105 giliame l\u0105steli\u0173 lygyje. Reguliariai naudojant, alyvuogi\u0173 k\u016bno sviestas suteikia maksimali\u0105 apsaug\u0105 ir visapusi\u0161k\u0105 odos prie\u017ei\u016br\u0105 visai dienai. Turi malon\u0173 atpalaiduojant\u012f kvap\u0105. Naudojimas: tepkite ant \u0161varios odos lengvais masa\u017euojamaisiais judesiais. Atsargumo priemon\u0117s: Tik i\u0161oriniam naudojimui. Saugoti nuo vaik\u0173. Geriausias: 24 m\u0117nesiai nuo pagaminimo datos. Laikyti nuo +5 &ordm;C iki +25 [&#8230;]\n","protected":false},"featured_media":96440,"template":"","meta":[],"product_cat":[1390],"product_tag":[],"class_list":{"0":"post-40651","1":"product","2":"type-product","3":"status-publish","4":"has-post-thumbnail","6":"product_brand-bioton_ua-lt","7":"product_cat-kremai-aliejai-kuno-pienelis","9":"first","10":"instock","11":"taxable","12":"shipping-taxable","13":"product-type-simple"},"_links":{"self":[{"href":"https:\/\/e.kosmolat.eu\/lt\/wp-json\/wp\/v2\/product\/40651","targetHints":{"allow":["GET"]}}],"collection":[{"href":"https:\/\/e.kosmolat.eu\/lt\/wp-json\/wp\/v2\/product"}],"about":[{"href":"https:\/\/e.kosmolat.eu\/lt\/wp-json\/wp\/v2\/types\/product"}],"wp:featuredmedia":[{"embeddable":true,"href":"https:\/\/e.kosmolat.eu\/lt\/wp-json\/wp\/v2\/media\/96440"}],"wp:attachment":[{"href":"https:\/\/e.kosmolat.eu\/lt\/wp-json\/wp\/v2\/media?parent=40651"}],"wp:term":[{"taxonomy":"product_cat","embeddable":true,"href":"https:\/\/e.kosmolat.eu\/lt\/wp-json\/wp\/v2\/product_cat?post=40651"},{"taxonomy":"product_tag","embeddable":true,"href":"https:\/\/e.kosmolat.eu\/lt\/wp-json\/wp\/v2\/product_tag?post=40651"}],"curies":[{"name":"wp","href":"https:\/\/api.w.org\/{rel}","templated":true}]}}