{"id":40631,"date":"2023-12-23T01:39:10","date_gmt":"2023-12-23T01:39:10","guid":{"rendered":"https:\/\/e.kosmolat.eu\/product\/i_-bc-roku-krems-alveja-500-ml\/"},"modified":"2026-02-19T07:36:41","modified_gmt":"2026-02-19T07:36:41","slug":"i_-bc-roku-krems-alveja-500-ml","status":"publish","type":"product","link":"https:\/\/e.kosmolat.eu\/lt\/produktas\/i_-bc-roku-krems-alveja-500-ml\/","title":{"rendered":"BIOTON COSMETICS Rank\u0173 kremas Alavijai, 500 ml"},"content":{"rendered":"<p>Kremas idealiai tinka kasdienei sausos, \u0161iurk\u0161\u010dios, \u012f skilin\u0117jim\u0105 linkusios odos prie\u017ei\u016brai. Alavij\u0173 ekstraktas dr\u0117kina ir maitina od\u0105, skatina jos atsinaujinim\u0105.<\/p>\n<p><strong>Naudojimas:<\/strong> tepkite ant \u0161vari\u0173 rank\u0173.<\/p>\n<p><strong>Atsargumo priemon\u0117s: <\/strong>Tik i\u0161oriniam naudojimui.<\/p>\n<p><strong>Geriausias: <\/strong>24 m\u0117nesiai nuo pagaminimo datos<\/p>\n<p>Laikyti nuo +5 &deg;C iki +25 &deg;C temperat\u016broje.<br \/>\n&nbsp;<\/p>\n","protected":false},"excerpt":{"rendered":"<p>Kremas idealiai tinka kasdienei sausos, \u0161iurk\u0161\u010dios, \u012f skilin\u0117jim\u0105 linkusios odos prie\u017ei\u016brai. Alavij\u0173 ekstraktas dr\u0117kina ir maitina od\u0105, skatina jos atsinaujinim\u0105. Naudojimas: tepkite ant \u0161vari\u0173 rank\u0173. Atsargumo priemon\u0117s: Tik i\u0161oriniam naudojimui. Geriausias: 24 m\u0117nesiai nuo pagaminimo datos Laikyti nuo +5 &deg;C iki +25 &deg;C temperat\u016broje. &nbsp;<\/p>\n","protected":false},"featured_media":103721,"template":"","meta":[],"product_cat":[1304],"product_tag":[],"class_list":{"0":"post-40631","1":"product","2":"type-product","3":"status-publish","4":"has-post-thumbnail","6":"product_brand-bioton_ua-lt","7":"product_cat-ranku-prieziuros-kosmetika","9":"first","10":"instock","11":"taxable","12":"shipping-taxable","13":"product-type-simple"},"_links":{"self":[{"href":"https:\/\/e.kosmolat.eu\/lt\/wp-json\/wp\/v2\/product\/40631","targetHints":{"allow":["GET"]}}],"collection":[{"href":"https:\/\/e.kosmolat.eu\/lt\/wp-json\/wp\/v2\/product"}],"about":[{"href":"https:\/\/e.kosmolat.eu\/lt\/wp-json\/wp\/v2\/types\/product"}],"wp:featuredmedia":[{"embeddable":true,"href":"https:\/\/e.kosmolat.eu\/lt\/wp-json\/wp\/v2\/media\/103721"}],"wp:attachment":[{"href":"https:\/\/e.kosmolat.eu\/lt\/wp-json\/wp\/v2\/media?parent=40631"}],"wp:term":[{"taxonomy":"product_cat","embeddable":true,"href":"https:\/\/e.kosmolat.eu\/lt\/wp-json\/wp\/v2\/product_cat?post=40631"},{"taxonomy":"product_tag","embeddable":true,"href":"https:\/\/e.kosmolat.eu\/lt\/wp-json\/wp\/v2\/product_tag?post=40631"}],"curies":[{"name":"wp","href":"https:\/\/api.w.org\/{rel}","templated":true}]}}