{"id":40583,"date":"2023-12-23T01:35:03","date_gmt":"2023-12-23T01:35:03","guid":{"rendered":"https:\/\/e.kosmolat.eu\/product\/abs-atsvaidzinoss-apavu-aerosols-150-ml\/"},"modified":"2026-03-29T05:38:57","modified_gmt":"2026-03-29T05:38:57","slug":"abs-atsvaidzinoss-apavu-aerosols-150-ml","status":"publish","type":"product","link":"https:\/\/e.kosmolat.eu\/lt\/produktas\/abs-atsvaidzinoss-apavu-aerosols-150-ml\/","title":{"rendered":"ABS Gaivus pur\u0161kiklis avalynei, 150 ml"},"content":{"rendered":"<p>Dezodorantas, skirtas apsaugoti bat\u0173 pamu&scaron;alus ir pa&scaron;alinti kvapus.<\/p>\n<p><strong>Naudojimas:<\/strong> prie&scaron; naudojim\u0105 gerai suplakti ir purk&scaron;ti tiesiai ant bato vidin\u0117s pus\u0117s. Leiskite visi&scaron;kai i&scaron;d\u017ei\u016bti. Nepurk&scaron;kite ant bat\u0173 i&scaron;or\u0117s. Naudokite pagal poreik\u012f. Prie&scaron; naudojim\u0105 i&scaron;bandykite ant nedidel\u0117s nepastebimos vietos, kad patikrintum\u0117te med\u017eiagos jautrum\u0105 produktui.<\/p>\n<p><strong>Pavojinga!&nbsp;<\/strong>Ypa\u010d degus aerozolis.&nbsp;Sl\u0117gin\u0117 talpykla. Kaitinama gali sprogti.&nbsp;Laikyti vaikams neprieinamoje vietoje.&nbsp;Laikyti atokiau nuo &scaron;ilumos &scaron;altini\u0173, kar&scaron;t\u0173 pavir&scaron;i\u0173, \u017eie\u017eirb\u0173, atviros liepsnos arba kit\u0173 degimo &scaron;altini\u0173. Ner\u016bkyti.&nbsp;Nepurk&scaron;ti \u012f atvir\u0105 liepsn\u0105 arba kitus degimo &scaron;altinius.&nbsp;Nepradurti ir nedeginti net panaudoto.&nbsp;Stengtis ne\u012fkv\u0117pti aerozolio.&nbsp;Saugotis, kad nepatekt\u0173 \u012f akis.&nbsp;Saugoti nuo saul\u0117s &scaron;viesos. Nelaikyti auk&scaron;tesn\u0117je kaip 50 &ordm;C\/122 &ordm;F temperat\u016broje.<br \/>\n&nbsp;<\/p>\n","protected":false},"excerpt":{"rendered":"<p>Dezodorantas, skirtas apsaugoti bat\u0173 pamu&scaron;alus ir pa&scaron;alinti kvapus. Naudojimas: prie&scaron; naudojim\u0105 gerai suplakti ir purk&scaron;ti tiesiai ant bato vidin\u0117s pus\u0117s. Leiskite visi&scaron;kai i&scaron;d\u017ei\u016bti. Nepurk&scaron;kite ant bat\u0173 i&scaron;or\u0117s. Naudokite pagal poreik\u012f. Prie&scaron; naudojim\u0105 i&scaron;bandykite ant nedidel\u0117s nepastebimos vietos, kad patikrintum\u0117te med\u017eiagos jautrum\u0105 produktui. Pavojinga!&nbsp;Ypa\u010d degus aerozolis.&nbsp;Sl\u0117gin\u0117 talpykla. Kaitinama gali sprogti.&nbsp;Laikyti vaikams neprieinamoje vietoje.&nbsp;Laikyti atokiau nuo &scaron;ilumos [&#8230;]\n","protected":false},"featured_media":100300,"template":"","meta":[],"product_cat":[2181],"product_tag":[],"class_list":{"0":"post-40583","1":"product","2":"type-product","3":"status-publish","4":"has-post-thumbnail","6":"product_brand-statestrong_gb-lt","7":"product_cat-bez-kategorijas-lt","9":"first","10":"outofstock","11":"taxable","12":"shipping-taxable","13":"product-type-simple"},"_links":{"self":[{"href":"https:\/\/e.kosmolat.eu\/lt\/wp-json\/wp\/v2\/product\/40583","targetHints":{"allow":["GET"]}}],"collection":[{"href":"https:\/\/e.kosmolat.eu\/lt\/wp-json\/wp\/v2\/product"}],"about":[{"href":"https:\/\/e.kosmolat.eu\/lt\/wp-json\/wp\/v2\/types\/product"}],"wp:featuredmedia":[{"embeddable":true,"href":"https:\/\/e.kosmolat.eu\/lt\/wp-json\/wp\/v2\/media\/100300"}],"wp:attachment":[{"href":"https:\/\/e.kosmolat.eu\/lt\/wp-json\/wp\/v2\/media?parent=40583"}],"wp:term":[{"taxonomy":"product_cat","embeddable":true,"href":"https:\/\/e.kosmolat.eu\/lt\/wp-json\/wp\/v2\/product_cat?post=40583"},{"taxonomy":"product_tag","embeddable":true,"href":"https:\/\/e.kosmolat.eu\/lt\/wp-json\/wp\/v2\/product_tag?post=40583"}],"curies":[{"name":"wp","href":"https:\/\/api.w.org\/{rel}","templated":true}]}}