{"id":40579,"date":"2023-12-23T01:34:34","date_gmt":"2023-12-23T01:34:34","guid":{"rendered":"https:\/\/e.kosmolat.eu\/product\/abs-atsvaidzinoas-kaju-aerosols-150-ml\/"},"modified":"2026-04-21T13:28:03","modified_gmt":"2026-04-21T13:28:03","slug":"abs-atsvaidzinoas-kaju-aerosols-150-ml","status":"publish","type":"product","link":"https:\/\/e.kosmolat.eu\/lt\/produktas\/abs-atsvaidzinoas-kaju-aerosols-150-ml\/","title":{"rendered":"ABS Gaivus pur\u0161kiklis p\u0117doms, 150 ml"},"content":{"rendered":"<p>Greitai d\u017ei\u016bstantis dezodorantas, apsaugantis nuo nemalonaus kvapo ir &scaron;lapi\u0173 koj\u0173.<\/p>\n<p><strong>Naudojimas: <\/strong>Prie&scaron; naudojim\u0105 gerai suplakite ir tolygiai u\u017epurk&scaron;kite ant p\u0117d\u0173 odos i&scaron; 15 cm atstumo, leiskite visi&scaron;kai i&scaron;d\u017ei\u016bti prie&scaron; apsimaunant kojines ir\/ar batus.<\/p>\n<p><strong>Pavojinga!&nbsp;<\/strong>Ypa\u010d degus aerozolis.&nbsp;Sl\u0117gin\u0117 talpykla. Kaitinama gali sprogti.Laikyti vaikams neprieinamoje vietoje.&nbsp;Laikyti atokiau nuo &scaron;ilumos &scaron;altini\u0173, kar&scaron;t\u0173 pavir&scaron;i\u0173, \u017eie\u017eirb\u0173, atviros liepsnos arba kit\u0173 degimo &scaron;altini\u0173. Ner\u016bkyti.&nbsp;Nepurk&scaron;ti \u012f atvir\u0105 liepsn\u0105 arba kitus degimo &scaron;altinius.&nbsp;Nepradurti ir nedeginti net panaudoto.&nbsp;Stengtis ne\u012fkv\u0117pti aerozolio.&nbsp;Saugotis, kad nepatekt\u0173 \u012f akis.&nbsp;Saugoti nuo saul\u0117s &scaron;viesos. Nelaikyti auk&scaron;tesn\u0117je kaip 50 &ordm;C\/122 &ordm;F temperat\u016broje.<br \/>\n&nbsp;<\/p>\n","protected":false},"excerpt":{"rendered":"<p>Greitai d\u017ei\u016bstantis dezodorantas, apsaugantis nuo nemalonaus kvapo ir &scaron;lapi\u0173 koj\u0173. Naudojimas: Prie&scaron; naudojim\u0105 gerai suplakite ir tolygiai u\u017epurk&scaron;kite ant p\u0117d\u0173 odos i&scaron; 15 cm atstumo, leiskite visi&scaron;kai i&scaron;d\u017ei\u016bti prie&scaron; apsimaunant kojines ir\/ar batus. Pavojinga!&nbsp;Ypa\u010d degus aerozolis.&nbsp;Sl\u0117gin\u0117 talpykla. Kaitinama gali sprogti.Laikyti vaikams neprieinamoje vietoje.&nbsp;Laikyti atokiau nuo &scaron;ilumos &scaron;altini\u0173, kar&scaron;t\u0173 pavir&scaron;i\u0173, \u017eie\u017eirb\u0173, atviros liepsnos arba kit\u0173 degimo [&#8230;]\n","protected":false},"featured_media":99349,"template":"","meta":[],"product_cat":[1763],"product_tag":[],"class_list":{"0":"post-40579","1":"product","2":"type-product","3":"status-publish","4":"has-post-thumbnail","6":"product_brand-statestrong_gb-lt","7":"product_cat-koju-prieziuros-kosmetika","9":"first","10":"instock","11":"taxable","12":"shipping-taxable","13":"product-type-simple"},"_links":{"self":[{"href":"https:\/\/e.kosmolat.eu\/lt\/wp-json\/wp\/v2\/product\/40579","targetHints":{"allow":["GET"]}}],"collection":[{"href":"https:\/\/e.kosmolat.eu\/lt\/wp-json\/wp\/v2\/product"}],"about":[{"href":"https:\/\/e.kosmolat.eu\/lt\/wp-json\/wp\/v2\/types\/product"}],"wp:featuredmedia":[{"embeddable":true,"href":"https:\/\/e.kosmolat.eu\/lt\/wp-json\/wp\/v2\/media\/99349"}],"wp:attachment":[{"href":"https:\/\/e.kosmolat.eu\/lt\/wp-json\/wp\/v2\/media?parent=40579"}],"wp:term":[{"taxonomy":"product_cat","embeddable":true,"href":"https:\/\/e.kosmolat.eu\/lt\/wp-json\/wp\/v2\/product_cat?post=40579"},{"taxonomy":"product_tag","embeddable":true,"href":"https:\/\/e.kosmolat.eu\/lt\/wp-json\/wp\/v2\/product_tag?post=40579"}],"curies":[{"name":"wp","href":"https:\/\/api.w.org\/{rel}","templated":true}]}}