{"id":40567,"date":"2023-12-23T01:31:23","date_gmt":"2023-12-23T01:31:23","guid":{"rendered":"https:\/\/e.kosmolat.eu\/product\/bd-micelarais-udens-ready-glow-200-ml\/"},"modified":"2026-04-07T09:15:59","modified_gmt":"2026-04-07T09:15:59","slug":"bd-micelarais-udens-ready-glow-200-ml","status":"publish","type":"product","link":"https:\/\/e.kosmolat.eu\/lt\/produktas\/bd-micelarais-udens-ready-glow-200-ml\/","title":{"rendered":"BEAUTYDERM Micelinis makia\u017eo valiklis Ready? Glow!, 200 ml"},"content":{"rendered":"<p>Veiksmingai pa\u0161alina veido, aki\u0173 ir l\u016bp\u0173 makia\u017e\u0105, \u0161velniai valo od\u0105, apsaugo nuo dr\u0117gm\u0117s praradimo i\u0161laikant nat\u016bral\u0173 apsaugin\u012f odos barjer\u0105.<\/p>\n<p>Veikliosios med\u017eiagos: keramid\u0173 kompleksas, vitamin\u0173 A, E, PP kompleksas<\/p>\n<p><strong>Naudojimas: <\/strong>sudr\u0117kinkite vatos diskel\u012f miceliniu vandeniu ir \u0161velniai, be nereikalingos trinties nuvalykite veido, aki\u0173 ir l\u016bp\u0173 od\u0105.<\/p>\n<p><strong>Atsargiai: <\/strong>prie\u0161 naudojim\u0105 b\u016btina i\u0161bandyti micelin\u012f vanden\u012f nedideliame odos plote. Jei pasirei\u0161kia alergin\u0117 reakcija, nustokite naudoti. Tik i\u0161oriniam naudojimui. Patekus \u012f akis, gerai nuplauti dideliu kiekiu tekan\u010dio vandens.<\/p>\n<p><strong>Kontraindikacijos:<\/strong> individualus jautrumas micelinio vandens komponentams.<\/p>\n<p>Laikyti nuo +5&deg;C iki +25&deg;C temperat\u016broje, o santykin\u0117 oro dr\u0117gm\u0117 55-70%, apsaugota nuo tiesiogini\u0173 saul\u0117s spinduli\u0173, ne ma\u017eesniu kaip 1 m atstumu nuo auk\u0161tos temperat\u016bros \u0161altini\u0173.<\/p>\n<p><strong>Geriausia:<\/strong> 36 m\u0117n. nuo pagaminimo datos<br \/>\n&nbsp;<\/p>\n","protected":false},"excerpt":{"rendered":"<p>Veiksmingai pa\u0161alina veido, aki\u0173 ir l\u016bp\u0173 makia\u017e\u0105, \u0161velniai valo od\u0105, apsaugo nuo dr\u0117gm\u0117s praradimo i\u0161laikant nat\u016bral\u0173 apsaugin\u012f odos barjer\u0105. Veikliosios med\u017eiagos: keramid\u0173 kompleksas, vitamin\u0173 A, E, PP kompleksas Naudojimas: sudr\u0117kinkite vatos diskel\u012f miceliniu vandeniu ir \u0161velniai, be nereikalingos trinties nuvalykite veido, aki\u0173 ir l\u016bp\u0173 od\u0105. Atsargiai: prie\u0161 naudojim\u0105 b\u016btina i\u0161bandyti micelin\u012f vanden\u012f nedideliame odos plote. [&#8230;]\n","protected":false},"featured_media":100292,"template":"","meta":[],"product_cat":[2181],"product_tag":[],"class_list":{"0":"post-40567","1":"product","2":"type-product","3":"status-publish","4":"has-post-thumbnail","6":"product_brand-naturpro_ua-lt","7":"product_cat-bez-kategorijas-lt","9":"first","10":"instock","11":"taxable","12":"shipping-taxable","13":"product-type-simple"},"_links":{"self":[{"href":"https:\/\/e.kosmolat.eu\/lt\/wp-json\/wp\/v2\/product\/40567","targetHints":{"allow":["GET"]}}],"collection":[{"href":"https:\/\/e.kosmolat.eu\/lt\/wp-json\/wp\/v2\/product"}],"about":[{"href":"https:\/\/e.kosmolat.eu\/lt\/wp-json\/wp\/v2\/types\/product"}],"wp:featuredmedia":[{"embeddable":true,"href":"https:\/\/e.kosmolat.eu\/lt\/wp-json\/wp\/v2\/media\/100292"}],"wp:attachment":[{"href":"https:\/\/e.kosmolat.eu\/lt\/wp-json\/wp\/v2\/media?parent=40567"}],"wp:term":[{"taxonomy":"product_cat","embeddable":true,"href":"https:\/\/e.kosmolat.eu\/lt\/wp-json\/wp\/v2\/product_cat?post=40567"},{"taxonomy":"product_tag","embeddable":true,"href":"https:\/\/e.kosmolat.eu\/lt\/wp-json\/wp\/v2\/product_tag?post=40567"}],"curies":[{"name":"wp","href":"https:\/\/api.w.org\/{rel}","templated":true}]}}