{"id":40559,"date":"2023-12-23T01:30:35","date_gmt":"2023-12-23T01:30:35","guid":{"rendered":"https:\/\/e.kosmolat.eu\/product\/bd-nakts-sejas-krems-ready-glow-50-ml\/"},"modified":"2026-04-23T12:38:19","modified_gmt":"2026-04-23T12:38:19","slug":"i_bd-nakts-sejas-krems-ready-glow-50-ml","status":"publish","type":"product","link":"https:\/\/e.kosmolat.eu\/lt\/produktas\/i_bd-nakts-sejas-krems-ready-glow-50-ml\/","title":{"rendered":"I_BEAUTYDERM naktinis veido kremas Ready?Glow!, 50 ml"},"content":{"rendered":"<p>Veikliosios med\u017eiagos: argano ir makadamij\u0173 aliejus, skvalanas, keramid\u0173 kompleksas<\/p>\n<p><strong>Naudojimas: <\/strong>tepkite krem\u0105 ant nuvalytos veido odos.<\/p>\n<p><strong>Atsargiai: <\/strong>prie\u0161 naudodami krem\u0105 i\u0161bandykite ant nedidelio odos ploto. Jei pasirei\u0161kia alergin\u0117 reakcija, nustokite naudoti. Tik i\u0161oriniam naudojimui. Patekus \u012f akis, gerai nuplauti dideliu kiekiu tekan\u010dio vandens.<\/p>\n<p><strong>Kontraindikacijos: <\/strong>individualus jautrumas kremo komponentams.<\/p>\n<p>Laikyti nuo +5&deg;C iki +25&deg;C temperat\u016broje, o santykin\u0117 oro dr\u0117gm\u0117 55-70%, apsaugota nuo tiesiogini\u0173 saul\u0117s spinduli\u0173, ne ma\u017eesniu kaip 1 m atstumu nuo auk\u0161tos temperat\u016bros \u0161altini\u0173.<\/p>\n<p><strong>Geriausia: <\/strong>36 m\u0117n. nuo pagaminimo datos<br \/>\n&nbsp;<\/p>\n","protected":false},"excerpt":{"rendered":"<p>Veikliosios med\u017eiagos: argano ir makadamij\u0173 aliejus, skvalanas, keramid\u0173 kompleksas Naudojimas: tepkite krem\u0105 ant nuvalytos veido odos. Atsargiai: prie\u0161 naudodami krem\u0105 i\u0161bandykite ant nedidelio odos ploto. Jei pasirei\u0161kia alergin\u0117 reakcija, nustokite naudoti. Tik i\u0161oriniam naudojimui. Patekus \u012f akis, gerai nuplauti dideliu kiekiu tekan\u010dio vandens. Kontraindikacijos: individualus jautrumas kremo komponentams. Laikyti nuo +5&deg;C iki +25&deg;C temperat\u016broje, o [&#8230;]\n","protected":false},"featured_media":101009,"template":"","meta":[],"product_cat":[1322],"product_tag":[],"class_list":{"0":"post-40559","1":"product","2":"type-product","3":"status-publish","4":"has-post-thumbnail","6":"product_brand-sale-lt","7":"product_cat-veido-kremai","9":"first","10":"outofstock","11":"taxable","12":"shipping-taxable","13":"product-type-simple"},"_links":{"self":[{"href":"https:\/\/e.kosmolat.eu\/lt\/wp-json\/wp\/v2\/product\/40559","targetHints":{"allow":["GET"]}}],"collection":[{"href":"https:\/\/e.kosmolat.eu\/lt\/wp-json\/wp\/v2\/product"}],"about":[{"href":"https:\/\/e.kosmolat.eu\/lt\/wp-json\/wp\/v2\/types\/product"}],"wp:featuredmedia":[{"embeddable":true,"href":"https:\/\/e.kosmolat.eu\/lt\/wp-json\/wp\/v2\/media\/101009"}],"wp:attachment":[{"href":"https:\/\/e.kosmolat.eu\/lt\/wp-json\/wp\/v2\/media?parent=40559"}],"wp:term":[{"taxonomy":"product_cat","embeddable":true,"href":"https:\/\/e.kosmolat.eu\/lt\/wp-json\/wp\/v2\/product_cat?post=40559"},{"taxonomy":"product_tag","embeddable":true,"href":"https:\/\/e.kosmolat.eu\/lt\/wp-json\/wp\/v2\/product_tag?post=40559"}],"curies":[{"name":"wp","href":"https:\/\/api.w.org\/{rel}","templated":true}]}}