{"id":40555,"date":"2023-12-23T01:30:08","date_gmt":"2023-12-23T01:30:08","guid":{"rendered":"https:\/\/e.kosmolat.eu\/product\/bd-dienas-sejas-krems-ready-glow-50-ml\/"},"modified":"2026-04-22T13:09:20","modified_gmt":"2026-04-22T13:09:20","slug":"bd-dienas-sejas-krems-ready-glow-50-ml","status":"publish","type":"product","link":"https:\/\/e.kosmolat.eu\/lt\/produktas\/bd-dienas-sejas-krems-ready-glow-50-ml\/","title":{"rendered":"BEAUTYDERM dieninis kremas Ready? Glow!, 50 ml"},"content":{"rendered":"<p>Aktyv\u016bs ingredientai: skvalanas, keramido kompleksas, hialurono r\u016bg\u0161tis<\/p>\n<p><strong>Naudojimas:<\/strong> tepkite krem\u0105 ant nuvalytos veido odos.<\/p>\n<p><strong>Atsargiai: <\/strong>prie\u0161 naudodami krem\u0105 i\u0161bandykite ant nedidelio odos ploto. Jei pasirei\u0161kia alergin\u0117 reakcija, nustokite vartoti. Tik i\u0161oriniam naudojimui. Patekus \u012f akis, gerai nuplauti dideliu kiekiu tekan\u010diu vandeniu.<\/p>\n<p><strong>Kontraindikacijos:<\/strong> individualus jautrumas kremo komponentams.<\/p>\n<p>Laikyti nuo +5&deg;C iki +25&deg;C temperat\u016broje, o santykin\u0117 oro dr\u0117gm\u0117 55-70%, apsaugota nuo tiesiogini\u0173 saul\u0117s spinduli\u0173, ne ma\u017eesniu kaip 1 m atstumu nuo auk\u0161tos temperat\u016bros \u0161altini\u0173.<\/p>\n<p><strong>Geriausia: <\/strong>36 m\u0117n. nuo pagaminimo datos<br \/>\n&nbsp;<\/p>\n","protected":false},"excerpt":{"rendered":"<p>Aktyv\u016bs ingredientai: skvalanas, keramido kompleksas, hialurono r\u016bg\u0161tis Naudojimas: tepkite krem\u0105 ant nuvalytos veido odos. Atsargiai: prie\u0161 naudodami krem\u0105 i\u0161bandykite ant nedidelio odos ploto. Jei pasirei\u0161kia alergin\u0117 reakcija, nustokite vartoti. Tik i\u0161oriniam naudojimui. Patekus \u012f akis, gerai nuplauti dideliu kiekiu tekan\u010diu vandeniu. Kontraindikacijos: individualus jautrumas kremo komponentams. Laikyti nuo +5&deg;C iki +25&deg;C temperat\u016broje, o santykin\u0117 oro [&#8230;]\n","protected":false},"featured_media":99345,"template":"","meta":[],"product_cat":[2181],"product_tag":[],"class_list":{"0":"post-40555","1":"product","2":"type-product","3":"status-publish","4":"has-post-thumbnail","6":"product_brand-naturpro_ua-lt","7":"product_cat-bez-kategorijas-lt","9":"first","10":"instock","11":"taxable","12":"shipping-taxable","13":"product-type-simple"},"_links":{"self":[{"href":"https:\/\/e.kosmolat.eu\/lt\/wp-json\/wp\/v2\/product\/40555","targetHints":{"allow":["GET"]}}],"collection":[{"href":"https:\/\/e.kosmolat.eu\/lt\/wp-json\/wp\/v2\/product"}],"about":[{"href":"https:\/\/e.kosmolat.eu\/lt\/wp-json\/wp\/v2\/types\/product"}],"wp:featuredmedia":[{"embeddable":true,"href":"https:\/\/e.kosmolat.eu\/lt\/wp-json\/wp\/v2\/media\/99345"}],"wp:attachment":[{"href":"https:\/\/e.kosmolat.eu\/lt\/wp-json\/wp\/v2\/media?parent=40555"}],"wp:term":[{"taxonomy":"product_cat","embeddable":true,"href":"https:\/\/e.kosmolat.eu\/lt\/wp-json\/wp\/v2\/product_cat?post=40555"},{"taxonomy":"product_tag","embeddable":true,"href":"https:\/\/e.kosmolat.eu\/lt\/wp-json\/wp\/v2\/product_tag?post=40555"}],"curies":[{"name":"wp","href":"https:\/\/api.w.org\/{rel}","templated":true}]}}