{"id":40547,"date":"2023-12-23T01:29:21","date_gmt":"2023-12-23T01:29:21","guid":{"rendered":"https:\/\/e.kosmolat.eu\/product\/ec-lupu-balzams-rich-vanilla-9-g\/"},"modified":"2026-01-21T12:46:18","modified_gmt":"2026-01-21T12:46:18","slug":"ec-lupu-balzams-rich-vanilla-9-g","status":"publish","type":"product","link":"https:\/\/e.kosmolat.eu\/lt\/produktas\/ec-lupu-balzams-rich-vanilla-9-g\/","title":{"rendered":"ELEN COSMETICS l\u016bp\u0173 balzamas Rich Vanilla, 9 g"},"content":{"rendered":"<p>Padeda maitinti ir apsaugoti gle\u017en\u0105 l\u016bp\u0173 od\u0105, tod\u0117l jos atrodo sudr\u0117kintos, neskilin\u0117ja.<\/p>\n<p><strong>Naudojimas:<\/strong> Jei reikia, u\u017etepkite nedidel\u012f kiek\u012f l\u016bp\u0173 balzamo.<\/p>\n<p><strong>Atsargiai: <\/strong>prie\u0161 naudodami balzam\u0105 turite i\u0161bandyti ant nedidelio odos ploto. Jei pasirei\u0161kia alergin\u0117 reakcija, nustokite naudoti. Tik i\u0161oriniam naudojimui. Patekus \u012f akis, gerai nuplauti dideliu kiekiu tekan\u010diu vandeniu.<\/p>\n<p>Kontraindikacijos: individualus jautrumas balzamo komponentams.<br \/>\nLaikyti nuo +5&deg;C iki +25&deg;C temperat\u016broje, o santykin\u0117 oro dr\u0117gm\u0117 55-70%, apsaugota nuo tiesiogini\u0173 saul\u0117s spinduli\u0173, ne ma\u017eesniu kaip 1 m atstumu nuo auk\u0161tos temperat\u016bros \u0161altini\u0173.<\/p>\n<p><strong>Geriausia: <\/strong>36 m\u0117n. nuo pagaminimo datos<br \/>\n&nbsp;<\/p>\n","protected":false},"excerpt":{"rendered":"<p>Padeda maitinti ir apsaugoti gle\u017en\u0105 l\u016bp\u0173 od\u0105, tod\u0117l jos atrodo sudr\u0117kintos, neskilin\u0117ja. Naudojimas: Jei reikia, u\u017etepkite nedidel\u012f kiek\u012f l\u016bp\u0173 balzamo. Atsargiai: prie\u0161 naudodami balzam\u0105 turite i\u0161bandyti ant nedidelio odos ploto. Jei pasirei\u0161kia alergin\u0117 reakcija, nustokite naudoti. Tik i\u0161oriniam naudojimui. Patekus \u012f akis, gerai nuplauti dideliu kiekiu tekan\u010diu vandeniu. Kontraindikacijos: individualus jautrumas balzamo komponentams. Laikyti nuo [&#8230;]\n","protected":false},"featured_media":101318,"template":"","meta":[],"product_cat":[1593],"product_tag":[],"class_list":{"0":"post-40547","1":"product","2":"type-product","3":"status-publish","4":"has-post-thumbnail","6":"product_brand-naturpro_ua-lt","7":"product_cat-lupu-prieziura","9":"first","10":"outofstock","11":"taxable","12":"shipping-taxable","13":"product-type-simple"},"_links":{"self":[{"href":"https:\/\/e.kosmolat.eu\/lt\/wp-json\/wp\/v2\/product\/40547","targetHints":{"allow":["GET"]}}],"collection":[{"href":"https:\/\/e.kosmolat.eu\/lt\/wp-json\/wp\/v2\/product"}],"about":[{"href":"https:\/\/e.kosmolat.eu\/lt\/wp-json\/wp\/v2\/types\/product"}],"wp:featuredmedia":[{"embeddable":true,"href":"https:\/\/e.kosmolat.eu\/lt\/wp-json\/wp\/v2\/media\/101318"}],"wp:attachment":[{"href":"https:\/\/e.kosmolat.eu\/lt\/wp-json\/wp\/v2\/media?parent=40547"}],"wp:term":[{"taxonomy":"product_cat","embeddable":true,"href":"https:\/\/e.kosmolat.eu\/lt\/wp-json\/wp\/v2\/product_cat?post=40547"},{"taxonomy":"product_tag","embeddable":true,"href":"https:\/\/e.kosmolat.eu\/lt\/wp-json\/wp\/v2\/product_tag?post=40547"}],"curies":[{"name":"wp","href":"https:\/\/api.w.org\/{rel}","templated":true}]}}