{"id":40539,"date":"2023-12-23T01:28:23","date_gmt":"2023-12-23T01:28:23","guid":{"rendered":"https:\/\/e.kosmolat.eu\/product\/naturpro-dabiga-indijas-henna-25-g\/"},"modified":"2026-02-24T06:41:21","modified_gmt":"2026-02-24T06:41:21","slug":"naturpro-dabiga-indijas-henna-25-g","status":"publish","type":"product","link":"https:\/\/e.kosmolat.eu\/lt\/produktas\/naturpro-dabiga-indijas-henna-25-g\/","title":{"rendered":"NATURPRO Chna nat\u016brali indi\u0161ka, 25 g"},"content":{"rendered":"<p>Indi\u0161ka chna TM Naturpro yra nat\u016brali \u017eoleli\u0173 kilm\u0117s priemon\u0117 plaukams da\u017eyti. Jau po pirmo naudojimo plaukai pastebimai stipr\u0117ja, \u012fgauna sveik\u0105 i\u0161vaizd\u0105 ir ry\u0161k\u0173 blizges\u012f, atsiranda papildomos apimties.<\/p>\n<p><strong>Naudojimas: <\/strong>25-100 g chna, priklausomai nuo plauk\u0173 ilgio ir storio, u\u017epilti kar\u0161tu vandeniu (80-100&deg;C) ir i\u0161mai\u0161yti iki purios mas\u0117s. Chna tepkite ant saus\u0173, \u0161vari\u0173 plauk\u0173 \u0161epet\u0117liu, pradedant nuo pakau\u0161io, paskui iki galvos vir\u0161aus. Pabaigoje paskirstykite suspensij\u0105 per vis\u0105 plauk\u0173 ilg\u012f. U\u017etepus reikia masa\u017euoti galv\u0105, kad chna pasiskirstyt\u0173 tolygiai, ir u\u017ed\u0117ti \u0161ildant\u012f galvos apdangal\u0105.<br \/>\nDa\u017eymo laikas 30-60 minu\u010di\u0173, priklausomai nuo norimo rezultato. Pasibaigus nurodytam laikui, nuplaukite \u0161iltu vandeniu, nenaudodami \u0161amp\u016bno. Norint maksimaliai fiksuoti spalv\u0105, rekomenduojama neplauti plauk\u0173 kitas 2-3 dienas nuo da\u017eymo momento.<\/p>\n<p><strong>D\u0117mesio:<\/strong> prie\u0161 naudojim\u0105 b\u016btina i\u0161bandyti chn\u0105 ant nedidelio odos ploto. Jei pasirei\u0161kia alergin\u0117 reakcija, nustokite naudoti. Tik i\u0161oriniam naudojimui. Patekus \u012f akis, gerai nuplauti dideliu kiekiu tekan\u010dio vandens. Chna nerekomenduojama naudoti anks\u010diau kaip po 2 savai\u010di\u0173 po cheminio su\u0161ukavimo ar ilgalaikio da\u017eymo. Jei chna pateko ant veido ar kaklo odos, nuplaukite j\u0105 \u0161iltu vandeniu ir muilu. Nenaudokite metalini\u0173 ind\u0173.<\/p>\n<p><strong>Kontraindikacijos: <\/strong>individualus chna netoleravimas.<\/p>\n<p>Laikyti nuo +5&deg;C iki +25&deg;C temperat\u016broje ir 55-70% santykin\u0117je oro dr\u0117gm\u0117je, apsaugotoje nuo tiesiogini\u0173 saul\u0117s spinduli\u0173, ne ma\u017eesniu kaip vieno metro atstumu nuo auk\u0161tos temperat\u016bros \u0161altini\u0173.<\/p>\n<p><strong>Geriausia: <\/strong>36 m\u0117n. nuo pagaminimo datos<br \/>\n&nbsp;<\/p>\n","protected":false},"excerpt":{"rendered":"<p>Indi\u0161ka chna TM Naturpro yra nat\u016brali \u017eoleli\u0173 kilm\u0117s priemon\u0117 plaukams da\u017eyti. Jau po pirmo naudojimo plaukai pastebimai stipr\u0117ja, \u012fgauna sveik\u0105 i\u0161vaizd\u0105 ir ry\u0161k\u0173 blizges\u012f, atsiranda papildomos apimties. Naudojimas: 25-100 g chna, priklausomai nuo plauk\u0173 ilgio ir storio, u\u017epilti kar\u0161tu vandeniu (80-100&deg;C) ir i\u0161mai\u0161yti iki purios mas\u0117s. Chna tepkite ant saus\u0173, \u0161vari\u0173 plauk\u0173 \u0161epet\u0117liu, pradedant nuo [&#8230;]\n","protected":false},"featured_media":99200,"template":"","meta":[],"product_cat":[1660],"product_tag":[],"class_list":{"0":"post-40539","1":"product","2":"type-product","3":"status-publish","4":"has-post-thumbnail","6":"product_brand-naturpro_ua-lt","7":"product_cat-chna-ir-basma","9":"first","10":"outofstock","11":"taxable","12":"shipping-taxable","13":"product-type-simple"},"_links":{"self":[{"href":"https:\/\/e.kosmolat.eu\/lt\/wp-json\/wp\/v2\/product\/40539","targetHints":{"allow":["GET"]}}],"collection":[{"href":"https:\/\/e.kosmolat.eu\/lt\/wp-json\/wp\/v2\/product"}],"about":[{"href":"https:\/\/e.kosmolat.eu\/lt\/wp-json\/wp\/v2\/types\/product"}],"wp:featuredmedia":[{"embeddable":true,"href":"https:\/\/e.kosmolat.eu\/lt\/wp-json\/wp\/v2\/media\/99200"}],"wp:attachment":[{"href":"https:\/\/e.kosmolat.eu\/lt\/wp-json\/wp\/v2\/media?parent=40539"}],"wp:term":[{"taxonomy":"product_cat","embeddable":true,"href":"https:\/\/e.kosmolat.eu\/lt\/wp-json\/wp\/v2\/product_cat?post=40539"},{"taxonomy":"product_tag","embeddable":true,"href":"https:\/\/e.kosmolat.eu\/lt\/wp-json\/wp\/v2\/product_tag?post=40539"}],"curies":[{"name":"wp","href":"https:\/\/api.w.org\/{rel}","templated":true}]}}