{"id":40535,"date":"2023-12-23T01:27:59","date_gmt":"2023-12-23T01:27:59","guid":{"rendered":"https:\/\/e.kosmolat.eu\/product\/i_ec-barojoss-sampuns-dusas-zeleja-2in1-250-ml\/"},"modified":"2025-09-16T05:20:45","modified_gmt":"2025-09-16T05:20:45","slug":"i_ec-barojoss-sampuns-dusas-zeleja-2in1-250-ml","status":"publish","type":"product","link":"https:\/\/e.kosmolat.eu\/lt\/produktas\/i_ec-barojoss-sampuns-dusas-zeleja-2in1-250-ml\/","title":{"rendered":"I_ELEN COSMETICS \u0160amp\u016bnas \u2013du\u0161o gelis 2in1 maitinantis, 250 ml"},"content":{"rendered":"<p>Elen Cosmetics &Scaron;amp\u016bnas &ndash;du\u0161o gelis 2in1 dr\u0117kina ir maitina od\u0105 ir plaukus.<\/p>\n<p><strong>Aktyv\u016bs ingredientai: <\/strong>&nbsp;migdol\u0173 aliejus, medaus ekstraktas<\/p>\n<p><strong>Naudojimas: <\/strong>Tepkite ant dr\u0117gno k\u016bno ar plauk\u0173, suputokite ir nuplaukite vandeniu. Jei reikia, pakartokite.<\/p>\n<p><strong>Atsargiai: <\/strong>prie\u0161 naudodami produkt\u0105 turite i\u0161bandyti ant nedidelio odos ploto. Jei pasirei\u0161kia alergin\u0117 reakcija, nustokite vartoti. Tik i\u0161oriniam naudojimui. Patekus \u012f akis, gerai nuplauti dideliu kiekiu tekan\u010diu vandeniu.&nbsp;<\/p>\n<p><strong>Kontraindikacijos: <\/strong>individualus jautrumas vaisto sudedamosioms dalims.<\/p>\n<p>Laikyti nuo +5 iki +25&deg;C temperat\u016broje ir 55-70% santykin\u0117je oro dr\u0117gm\u0117je, apsaugotoje nuo tiesiogini\u0173 saul\u0117s spinduli\u0173, ne ma\u017eesniu kaip 1 m (m) atstumu nuo auk\u0161tos temperat\u016bros \u0161altini\u0173.<\/p>\n<p><strong>Tinkamumo laikas:<\/strong> 36 m\u0117n.<br \/>\n&nbsp;<\/p>\n","protected":false},"excerpt":{"rendered":"<p>Elen Cosmetics &Scaron;amp\u016bnas &ndash;du\u0161o gelis 2in1 dr\u0117kina ir maitina od\u0105 ir plaukus. Aktyv\u016bs ingredientai: &nbsp;migdol\u0173 aliejus, medaus ekstraktas Naudojimas: Tepkite ant dr\u0117gno k\u016bno ar plauk\u0173, suputokite ir nuplaukite vandeniu. Jei reikia, pakartokite. Atsargiai: prie\u0161 naudodami produkt\u0105 turite i\u0161bandyti ant nedidelio odos ploto. Jei pasirei\u0161kia alergin\u0117 reakcija, nustokite vartoti. Tik i\u0161oriniam naudojimui. Patekus \u012f akis, gerai [&#8230;]\n","protected":false},"featured_media":0,"template":"","meta":[],"product_cat":[2181],"product_tag":[],"class_list":{"0":"post-40535","1":"product","2":"type-product","3":"status-publish","5":"product_brand-naturpro_ua-lt","6":"product_cat-bez-kategorijas-lt","8":"first","9":"outofstock","10":"taxable","11":"shipping-taxable","12":"product-type-simple"},"_links":{"self":[{"href":"https:\/\/e.kosmolat.eu\/lt\/wp-json\/wp\/v2\/product\/40535","targetHints":{"allow":["GET"]}}],"collection":[{"href":"https:\/\/e.kosmolat.eu\/lt\/wp-json\/wp\/v2\/product"}],"about":[{"href":"https:\/\/e.kosmolat.eu\/lt\/wp-json\/wp\/v2\/types\/product"}],"wp:attachment":[{"href":"https:\/\/e.kosmolat.eu\/lt\/wp-json\/wp\/v2\/media?parent=40535"}],"wp:term":[{"taxonomy":"product_cat","embeddable":true,"href":"https:\/\/e.kosmolat.eu\/lt\/wp-json\/wp\/v2\/product_cat?post=40535"},{"taxonomy":"product_tag","embeddable":true,"href":"https:\/\/e.kosmolat.eu\/lt\/wp-json\/wp\/v2\/product_tag?post=40535"}],"curies":[{"name":"wp","href":"https:\/\/api.w.org\/{rel}","templated":true}]}}