{"id":40531,"date":"2023-12-23T01:27:32","date_gmt":"2023-12-23T01:27:32","guid":{"rendered":"https:\/\/e.kosmolat.eu\/product\/i_ec-stiprinoss-sampuns-ar-natres-ekstraktu-250-ml\/"},"modified":"2025-07-08T13:04:47","modified_gmt":"2025-07-08T13:04:47","slug":"i_ec-stiprinoss-sampuns-ar-natres-ekstraktu-250-ml","status":"publish","type":"product","link":"https:\/\/e.kosmolat.eu\/lt\/produktas\/i_ec-stiprinoss-sampuns-ar-natres-ekstraktu-250-ml\/","title":{"rendered":"I_ELEN COSMETICS \u0160amp\u016bnas visai \u0161eimai su dilg\u0117li\u0173 ekstraktu, 250 ml"},"content":{"rendered":"<p>Elen Cosmetics \u0161amp\u016bnas stiprinantis dilg\u0117li\u0173 ekstraktu valo, skatina \u017evilgesio efekt\u0105 ir padeda stiprinti plaukus.<\/p>\n<p><strong>Aktyv\u016bs ingredientai:<\/strong> Dilg\u0117li\u0173 lap\u0173 ekstraktas<\/p>\n<p><strong>Naudojimas:<\/strong> i\u0161tepkite reikiam\u0105 kiek\u012f \u0161amp\u016bno ant dr\u0117gn\u0173 plauk\u0173, suputokite, kruop\u0161\u010diai i\u0161skalaukite vandeniu. Jei reikia, pakartokite proced\u016br\u0105.<\/p>\n<p><strong>Atsargiai:<\/strong> prie\u0161 naudodami, turite i\u0161bandyti \u0161amp\u016bn\u0105 ant nedidelio odos ploto. Jei pasirei\u0161kia alergin\u0117 reakcija, nustokite vartoti. Tik i\u0161oriniam naudojimui. Patekus \u012f akis, gerai nuplauti dideliu kiekiu tekan\u010diu vandeniu.<\/p>\n<p><strong>Kontraindikacijos:<\/strong> individualus jautrumas \u0161amp\u016bno komponentams.<\/p>\n<p>Laikyti nuo +5 iki +25&deg;C temperat\u016broje ir 55-70% santykin\u0117je oro dr\u0117gm\u0117je, apsaugotoje nuo tiesiogini\u0173 saul\u0117s spinduli\u0173, ne ma\u017eesniu kaip 1 m atstumu nuo auk\u0161tos temperat\u016bros \u0161altini\u0173.<\/p>\n<p><strong>Tinkamumo laikas: <\/strong>36 m\u0117n.<br \/>\n&nbsp;<\/p>\n","protected":false},"excerpt":{"rendered":"<p>Elen Cosmetics \u0161amp\u016bnas stiprinantis dilg\u0117li\u0173 ekstraktu valo, skatina \u017evilgesio efekt\u0105 ir padeda stiprinti plaukus. Aktyv\u016bs ingredientai: Dilg\u0117li\u0173 lap\u0173 ekstraktas Naudojimas: i\u0161tepkite reikiam\u0105 kiek\u012f \u0161amp\u016bno ant dr\u0117gn\u0173 plauk\u0173, suputokite, kruop\u0161\u010diai i\u0161skalaukite vandeniu. Jei reikia, pakartokite proced\u016br\u0105. Atsargiai: prie\u0161 naudodami, turite i\u0161bandyti \u0161amp\u016bn\u0105 ant nedidelio odos ploto. Jei pasirei\u0161kia alergin\u0117 reakcija, nustokite vartoti. Tik i\u0161oriniam naudojimui. Patekus [&#8230;]\n","protected":false},"featured_media":12253,"template":"","meta":[],"product_cat":[1251],"product_tag":[],"class_list":{"0":"post-40531","1":"product","2":"type-product","3":"status-publish","4":"has-post-thumbnail","6":"product_brand-naturpro_ua-lt","7":"product_cat-sampunai","9":"first","10":"outofstock","11":"taxable","12":"shipping-taxable","13":"product-type-simple"},"_links":{"self":[{"href":"https:\/\/e.kosmolat.eu\/lt\/wp-json\/wp\/v2\/product\/40531","targetHints":{"allow":["GET"]}}],"collection":[{"href":"https:\/\/e.kosmolat.eu\/lt\/wp-json\/wp\/v2\/product"}],"about":[{"href":"https:\/\/e.kosmolat.eu\/lt\/wp-json\/wp\/v2\/types\/product"}],"wp:featuredmedia":[{"embeddable":true,"href":"https:\/\/e.kosmolat.eu\/lt\/wp-json\/wp\/v2\/media\/12253"}],"wp:attachment":[{"href":"https:\/\/e.kosmolat.eu\/lt\/wp-json\/wp\/v2\/media?parent=40531"}],"wp:term":[{"taxonomy":"product_cat","embeddable":true,"href":"https:\/\/e.kosmolat.eu\/lt\/wp-json\/wp\/v2\/product_cat?post=40531"},{"taxonomy":"product_tag","embeddable":true,"href":"https:\/\/e.kosmolat.eu\/lt\/wp-json\/wp\/v2\/product_tag?post=40531"}],"curies":[{"name":"wp","href":"https:\/\/api.w.org\/{rel}","templated":true}]}}