{"id":40523,"date":"2023-12-23T01:26:40","date_gmt":"2023-12-23T01:26:40","guid":{"rendered":"https:\/\/e.kosmolat.eu\/product\/bd-sejas-maska-pleve-black-75-ml\/"},"modified":"2026-04-02T13:09:45","modified_gmt":"2026-04-02T13:09:45","slug":"bd-sejas-maska-pleve-black-75-ml","status":"publish","type":"product","link":"https:\/\/e.kosmolat.eu\/lt\/produktas\/bd-sejas-maska-pleve-black-75-ml\/","title":{"rendered":"BEAUTYDERM Kauk\u0117-pl\u0117vel\u0117 veidui Juoda, 75ml"},"content":{"rendered":"<p>Nulupama veido kauk\u0117 i\u0161valo od\u0105 ir padeda sutraukti poras bei i\u0161lygina veido spalv\u0105.&nbsp;Veikliosios med\u017eiagos: bambuk\u0173 anglis, alavij\u0173 ekstraktas.<\/p>\n<p><strong>Naudojimas: <\/strong>U\u017etepkite kauk\u0119 lygiu plonu sluoksniu ant nuvalyto veido, vengdami srities aplink akis ir burn\u0105. Visi\u0161kai i\u0161d\u017ei\u016bvus (po 25-30 minu\u010di\u0173) nuimkite pl\u0117vel\u0119 i\u0161 apa\u010dios \u012f vir\u0161\u0173, likusi\u0105 kauk\u0117s dal\u012f nuplaukite \u0161iltu vandeniu.<\/p>\n<p><strong>Atsargiai: <\/strong>rekomenduojama naudoti 1-2 kartus per savait\u0119. Prie\u0161 naudodami kauk\u0119 i\u0161bandykite ant nedidelio odos ploto. Jei pasirei\u0161kia alergin\u0117 reakcija, nustokite naudoti. Tik i\u0161oriniam naudojimui. &nbsp;Patekus \u012f akis, gerai nuplauti dideliu kiekiu tekan\u010dio vandens. Naudojant, gali atsirasti nedidelis odos dilg\u010diojimas, kuris atsiranda d\u0117l veikli\u0173j\u0173 med\u017eiag\u0173 veikimo. Po naudojimo galimas nedidelis odos paraudimas, kuris praeina per trump\u0105 laik\u0105.<\/p>\n<p><strong>Kontraindikacijos:<\/strong> individualus jautrumas kauk\u0117s komponentams.<\/p>\n<p>Laikyti nuo +5 iki +25&deg;C temperat\u016broje ir 55-70% santykin\u0117je oro dr\u0117gm\u0117je, apsaugotoje nuo tiesiogini\u0173 saul\u0117s spinduli\u0173, ne ma\u017eesniu kaip 1 m atstumu nuo auk\u0161tos temperat\u016bros \u0161altini\u0173.<\/p>\n<p><strong>Geriausia: <\/strong>36 m\u0117n. nuo pagaminimo datos<br \/>\n&nbsp;<\/p>\n","protected":false},"excerpt":{"rendered":"<p>Nulupama veido kauk\u0117 i\u0161valo od\u0105 ir padeda sutraukti poras bei i\u0161lygina veido spalv\u0105.&nbsp;Veikliosios med\u017eiagos: bambuk\u0173 anglis, alavij\u0173 ekstraktas. Naudojimas: U\u017etepkite kauk\u0119 lygiu plonu sluoksniu ant nuvalyto veido, vengdami srities aplink akis ir burn\u0105. Visi\u0161kai i\u0161d\u017ei\u016bvus (po 25-30 minu\u010di\u0173) nuimkite pl\u0117vel\u0119 i\u0161 apa\u010dios \u012f vir\u0161\u0173, likusi\u0105 kauk\u0117s dal\u012f nuplaukite \u0161iltu vandeniu. Atsargiai: rekomenduojama naudoti 1-2 kartus [&#8230;]\n","protected":false},"featured_media":98900,"template":"","meta":[],"product_cat":[1341],"product_tag":[],"class_list":{"0":"post-40523","1":"product","2":"type-product","3":"status-publish","4":"has-post-thumbnail","6":"product_brand-naturpro_ua-lt","7":"product_cat-valomosios-kaukes","9":"first","10":"instock","11":"taxable","12":"shipping-taxable","13":"product-type-simple"},"_links":{"self":[{"href":"https:\/\/e.kosmolat.eu\/lt\/wp-json\/wp\/v2\/product\/40523","targetHints":{"allow":["GET"]}}],"collection":[{"href":"https:\/\/e.kosmolat.eu\/lt\/wp-json\/wp\/v2\/product"}],"about":[{"href":"https:\/\/e.kosmolat.eu\/lt\/wp-json\/wp\/v2\/types\/product"}],"wp:featuredmedia":[{"embeddable":true,"href":"https:\/\/e.kosmolat.eu\/lt\/wp-json\/wp\/v2\/media\/98900"}],"wp:attachment":[{"href":"https:\/\/e.kosmolat.eu\/lt\/wp-json\/wp\/v2\/media?parent=40523"}],"wp:term":[{"taxonomy":"product_cat","embeddable":true,"href":"https:\/\/e.kosmolat.eu\/lt\/wp-json\/wp\/v2\/product_cat?post=40523"},{"taxonomy":"product_tag","embeddable":true,"href":"https:\/\/e.kosmolat.eu\/lt\/wp-json\/wp\/v2\/product_tag?post=40523"}],"curies":[{"name":"wp","href":"https:\/\/api.w.org\/{rel}","templated":true}]}}