{"id":40515,"date":"2023-12-23T01:25:47","date_gmt":"2023-12-23T01:25:47","guid":{"rendered":"https:\/\/e.kosmolat.eu\/product\/bd-sejas-maska-pleve-golden-10-ml\/"},"modified":"2025-08-01T09:41:32","modified_gmt":"2025-08-01T09:41:32","slug":"i_bd-sejas-maska-pleve-golden-10-ml","status":"publish","type":"product","link":"https:\/\/e.kosmolat.eu\/lt\/produktas\/i_bd-sejas-maska-pleve-golden-10-ml\/","title":{"rendered":"I_BEAUTYDERM Gold Shine Nulupama veido kauk\u0117, 10 ml"},"content":{"rendered":"<p>Golden TM BEAUTYDERM VEIDO KAUK\u0116&ndash; tai efektyvi veido odos valymo kauk\u0117, turinti tikro koloidinio aukso. Rekomenduojama normaliai, mi&scaron;riai ir riebiai odai.&nbsp;Kauk\u0117 paruo&scaron;ta naudoti.<\/p>\n<p><strong>D\u0117mesio:<\/strong> prie&scaron; naudodami kauk\u0119 turite i&scaron;bandyti ant nedidelio odos ploto. Jei pasirei&scaron;kia alergin\u0117 reakcija, nustokite naudoti. Tik i&scaron;oriniam naudojimui. Atidarius pakuot\u0119, rekomenduojama sunaudoti i&scaron; karto. Po naudojimo galimas nedidelis odos paraudimas, kuris praeina per trump\u0105 laik\u0105.<\/p>\n<p><strong>Kontraindikacijos: <\/strong>individualus netoleravimas kauk\u0117s komponentams.<\/p>\n<p>Laikyti nuo +5&deg;C iki +25&deg;C ir 55-75% santykin\u0117je dr\u0117gm\u0117je, vietojeapsaugotoje nuo tiesiogini\u0173 saul\u0117s spinduli\u0173. Nelaikykite gaminio ar\u010diau kaip 1 m atstumu nuo auk&scaron;tos temperat\u016bros &scaron;altini\u0173.<\/p>\n<p><strong>Tinkamumo laikas:<\/strong>&nbsp;24 m\u0117nesiai nuo pagaminimo datos. Atidarius sunaudoti per 12 m\u0117nesi\u0173.<\/p>\n","protected":false},"excerpt":{"rendered":"<p>Golden TM BEAUTYDERM VEIDO KAUK\u0116&ndash; tai efektyvi veido odos valymo kauk\u0117, turinti tikro koloidinio aukso. Rekomenduojama normaliai, mi&scaron;riai ir riebiai odai.&nbsp;Kauk\u0117 paruo&scaron;ta naudoti. D\u0117mesio: prie&scaron; naudodami kauk\u0119 turite i&scaron;bandyti ant nedidelio odos ploto. Jei pasirei&scaron;kia alergin\u0117 reakcija, nustokite naudoti. Tik i&scaron;oriniam naudojimui. Atidarius pakuot\u0119, rekomenduojama sunaudoti i&scaron; karto. Po naudojimo galimas nedidelis odos paraudimas, kuris [&#8230;]\n","protected":false},"featured_media":12221,"template":"","meta":[],"product_cat":[1341],"product_tag":[],"class_list":{"0":"post-40515","1":"product","2":"type-product","3":"status-publish","4":"has-post-thumbnail","6":"product_brand-naturpro_ua-lt","7":"product_cat-valomosios-kaukes","9":"first","10":"outofstock","11":"taxable","12":"shipping-taxable","13":"product-type-simple"},"_links":{"self":[{"href":"https:\/\/e.kosmolat.eu\/lt\/wp-json\/wp\/v2\/product\/40515","targetHints":{"allow":["GET"]}}],"collection":[{"href":"https:\/\/e.kosmolat.eu\/lt\/wp-json\/wp\/v2\/product"}],"about":[{"href":"https:\/\/e.kosmolat.eu\/lt\/wp-json\/wp\/v2\/types\/product"}],"wp:featuredmedia":[{"embeddable":true,"href":"https:\/\/e.kosmolat.eu\/lt\/wp-json\/wp\/v2\/media\/12221"}],"wp:attachment":[{"href":"https:\/\/e.kosmolat.eu\/lt\/wp-json\/wp\/v2\/media?parent=40515"}],"wp:term":[{"taxonomy":"product_cat","embeddable":true,"href":"https:\/\/e.kosmolat.eu\/lt\/wp-json\/wp\/v2\/product_cat?post=40515"},{"taxonomy":"product_tag","embeddable":true,"href":"https:\/\/e.kosmolat.eu\/lt\/wp-json\/wp\/v2\/product_tag?post=40515"}],"curies":[{"name":"wp","href":"https:\/\/api.w.org\/{rel}","templated":true}]}}