{"id":40507,"date":"2023-12-23T01:24:47","date_gmt":"2023-12-23T01:24:47","guid":{"rendered":"https:\/\/e.kosmolat.eu\/product\/bd-sejas-maska-pleve-black-10-ml\/"},"modified":"2025-07-08T13:03:16","modified_gmt":"2025-07-08T13:03:16","slug":"i_bd-sejas-maska-pleve-black-10-ml","status":"publish","type":"product","link":"https:\/\/e.kosmolat.eu\/lt\/produktas\/i_bd-sejas-maska-pleve-black-10-ml\/","title":{"rendered":"I_BEAUTYDERM Black Shine Nulupama veido kauk\u0117, 10 ml"},"content":{"rendered":"<p>BEAUTYDERM FACE MASK-FILM BLACK yra efektyvi veido odos valymo kauk\u0117 su aktyvuota anglimi. Rekomenduojama normaliai, mi\u0161riai ir riebiai odai.&nbsp;Kauk\u0117 paruo\u0161ta naudoti.<\/p>\n<p><strong>D\u0117mesio: <\/strong>prie\u0161 naudodami kauk\u0119 turite i\u0161bandyti ant nedidelio odos ploto. Jei pasirei\u0161kia alergin\u0117 reakcija, nustokite naudoti. Tik i\u0161oriniam naudojimui. Atidarius pakuot\u0119, rekomenduojama sunaudoti i\u0161 karto. Po naudojimo galimas nedidelis odos paraudimas, kuris praeina per trump\u0105 laik\u0105.<\/p>\n<p><strong>Kontraindikacijos:<\/strong> individualus netoleravimas kauk\u0117s komponentams.<\/p>\n<p>Laikyti nuo +5&deg;C iki +25&deg;C ir 55-75% santykin\u0117je dr\u0117gm\u0117je, vietojeapsaugotoje nuo tiesiogini\u0173 saul\u0117s spinduli\u0173. Nelaikykite gaminio ar\u010diau kaip 1 m atstumu nuo auk\u0161tos temperat\u016bros \u0161altini\u0173.<\/p>\n<p><strong>Tinkamumo laikas: <\/strong>36 m\u0117nesiai nuo pagaminimo datos.<\/p>\n","protected":false},"excerpt":{"rendered":"<p>BEAUTYDERM FACE MASK-FILM BLACK yra efektyvi veido odos valymo kauk\u0117 su aktyvuota anglimi. Rekomenduojama normaliai, mi\u0161riai ir riebiai odai.&nbsp;Kauk\u0117 paruo\u0161ta naudoti. D\u0117mesio: prie\u0161 naudodami kauk\u0119 turite i\u0161bandyti ant nedidelio odos ploto. Jei pasirei\u0161kia alergin\u0117 reakcija, nustokite naudoti. Tik i\u0161oriniam naudojimui. Atidarius pakuot\u0119, rekomenduojama sunaudoti i\u0161 karto. Po naudojimo galimas nedidelis odos paraudimas, kuris praeina per [&#8230;]\n","protected":false},"featured_media":12205,"template":"","meta":[],"product_cat":[1341],"product_tag":[],"class_list":{"0":"post-40507","1":"product","2":"type-product","3":"status-publish","4":"has-post-thumbnail","6":"product_brand-naturpro_ua-lt","7":"product_cat-valomosios-kaukes","9":"first","10":"outofstock","11":"taxable","12":"shipping-taxable","13":"product-type-simple"},"_links":{"self":[{"href":"https:\/\/e.kosmolat.eu\/lt\/wp-json\/wp\/v2\/product\/40507","targetHints":{"allow":["GET"]}}],"collection":[{"href":"https:\/\/e.kosmolat.eu\/lt\/wp-json\/wp\/v2\/product"}],"about":[{"href":"https:\/\/e.kosmolat.eu\/lt\/wp-json\/wp\/v2\/types\/product"}],"wp:featuredmedia":[{"embeddable":true,"href":"https:\/\/e.kosmolat.eu\/lt\/wp-json\/wp\/v2\/media\/12205"}],"wp:attachment":[{"href":"https:\/\/e.kosmolat.eu\/lt\/wp-json\/wp\/v2\/media?parent=40507"}],"wp:term":[{"taxonomy":"product_cat","embeddable":true,"href":"https:\/\/e.kosmolat.eu\/lt\/wp-json\/wp\/v2\/product_cat?post=40507"},{"taxonomy":"product_tag","embeddable":true,"href":"https:\/\/e.kosmolat.eu\/lt\/wp-json\/wp\/v2\/product_tag?post=40507"}],"curies":[{"name":"wp","href":"https:\/\/api.w.org\/{rel}","templated":true}]}}