{"id":40491,"date":"2023-12-23T01:22:49","date_gmt":"2023-12-23T01:22:49","guid":{"rendered":"https:\/\/e.kosmolat.eu\/product\/fitodoctor-masazas-krems-100-g\/"},"modified":"2026-04-22T07:18:57","modified_gmt":"2026-04-22T07:18:57","slug":"fitodoctor-masazas-krems-100-g","status":"publish","type":"product","link":"https:\/\/e.kosmolat.eu\/lt\/produktas\/fitodoctor-masazas-krems-100-g\/","title":{"rendered":"FITODOCTOR Kremas masa\u017eui, 100 g"},"content":{"rendered":"<p>Dilg\u0117li\u0173, apyni\u0173 spurg\u0173 ir kamparo ekstrakt\u0173 kompleksas tonizuoja od\u0105, gerina med\u017eiag\u0173 apykaitos procesus, skatina kraujotak\u0105 ir odos kv\u0117pavim\u0105. Kremas turi ger\u0105 slydim\u0105, \u0161ildant\u012f ir atpalaiduojant\u012f poveik\u012f.<\/p>\n<p><strong>Naudojimas: <\/strong>Tepkite ant \u0161varios odos prie\u0161 masa\u017e\u0105.<\/p>\n<p><strong>Atsargumo priemon\u0117s: <\/strong>Tik i\u0161oriniam naudojimui.<\/p>\n<p><strong>Laikymo s\u0105lygos:<\/strong> nuo 0 &ordm;C iki +25 &ordm;C.<br \/>\n&nbsp;<\/p>\n","protected":false},"excerpt":{"rendered":"<p>Dilg\u0117li\u0173, apyni\u0173 spurg\u0173 ir kamparo ekstrakt\u0173 kompleksas tonizuoja od\u0105, gerina med\u017eiag\u0173 apykaitos procesus, skatina kraujotak\u0105 ir odos kv\u0117pavim\u0105. Kremas turi ger\u0105 slydim\u0105, \u0161ildant\u012f ir atpalaiduojant\u012f poveik\u012f. Naudojimas: Tepkite ant \u0161varios odos prie\u0161 masa\u017e\u0105. Atsargumo priemon\u0117s: Tik i\u0161oriniam naudojimui. Laikymo s\u0105lygos: nuo 0 &ordm;C iki +25 &ordm;C. &nbsp;<\/p>\n","protected":false},"featured_media":101314,"template":"","meta":[],"product_cat":[2181],"product_tag":[],"class_list":{"0":"post-40491","1":"product","2":"type-product","3":"status-publish","4":"has-post-thumbnail","6":"product_brand-fitodoktor_ua-lt","7":"product_cat-bez-kategorijas-lt","9":"first","10":"instock","11":"taxable","12":"shipping-taxable","13":"product-type-simple"},"_links":{"self":[{"href":"https:\/\/e.kosmolat.eu\/lt\/wp-json\/wp\/v2\/product\/40491","targetHints":{"allow":["GET"]}}],"collection":[{"href":"https:\/\/e.kosmolat.eu\/lt\/wp-json\/wp\/v2\/product"}],"about":[{"href":"https:\/\/e.kosmolat.eu\/lt\/wp-json\/wp\/v2\/types\/product"}],"wp:featuredmedia":[{"embeddable":true,"href":"https:\/\/e.kosmolat.eu\/lt\/wp-json\/wp\/v2\/media\/101314"}],"wp:attachment":[{"href":"https:\/\/e.kosmolat.eu\/lt\/wp-json\/wp\/v2\/media?parent=40491"}],"wp:term":[{"taxonomy":"product_cat","embeddable":true,"href":"https:\/\/e.kosmolat.eu\/lt\/wp-json\/wp\/v2\/product_cat?post=40491"},{"taxonomy":"product_tag","embeddable":true,"href":"https:\/\/e.kosmolat.eu\/lt\/wp-json\/wp\/v2\/product_tag?post=40491"}],"curies":[{"name":"wp","href":"https:\/\/api.w.org\/{rel}","templated":true}]}}