{"id":40487,"date":"2023-12-23T01:22:19","date_gmt":"2023-12-23T01:22:19","guid":{"rendered":"https:\/\/e.kosmolat.eu\/product\/7d-detox-davanu-kompl-prof-un-kompleks-ad-kops-aha-kaolina-sos-maskas-3-gab\/"},"modified":"2026-03-10T12:24:14","modified_gmt":"2026-03-10T12:24:14","slug":"i_7d-detox-davanu-kompl-prof-un-kompleks-ad-kops-aha-kaolina-sos-maskas-3-gab","status":"publish","type":"product","link":"https:\/\/e.kosmolat.eu\/lt\/produktas\/i_7d-detox-davanu-kompl-prof-un-kompleks-ad-kops-aha-kaolina-sos-maskas-3-gab\/","title":{"rendered":"7DAYS DETOX Rinkinys Profesionaliai kompleksinei prie\u017ei\u016brai (AHA, kaolinas, SOS-kauk\u0117), 3 vnt."},"content":{"rendered":"<p><strong>1 \u017dingsnis PILINGAS<\/strong><\/p>\n<p><strong>7DAYS DETOX lak\u0161tin\u0117 \u0161vei\u010diamoji kauk\u0117 su AHA (5%) ir BHA r\u016bg\u0161timis<\/strong><br \/>\n&Scaron;vei\u010diamoji lak\u0161tin\u0117 kauk\u0117 su AHA ir BHA r\u016bg\u0161timis yra 1-asis 7DAYS DETOX odos valymo sistemos etapas. Kauk\u0117 i\u0161valys j\u016bs\u0173 od\u0105 nuo negyv\u0173 l\u0105steli\u0173 ir paruo\u0161 veid\u0105 kitam valymo etapui su valom\u0105ja veido kauke su kaolinu ir DETOX j\u016bros dumbliais. D\u0117l 5% AHA r\u016bg\u0161\u010di\u0173 koncentracijos kauk\u0117 subtiliai, tolygiai ir nepa\u017eeisdama odos, sumink\u0161tina ir pa\u0161alina negyvas l\u0105steles nuo epidermio pavir\u0161iaus, skatindama l\u0105steli\u0173 atsinaujinimo procesus bei nat\u016bralaus kolageno ir elastino gamyb\u0105. Tropini\u0173 vaisi\u0173 ekstrakt\u0173 kompleksas sukuria tonizuojant\u012f poveik\u012f, i\u0161lygina odos mikrotekst\u016br\u0105 ir atkuria jos spindes\u012f.<\/p>\n<p><strong>Naudojimas: <\/strong>1. Nuvalykite makia\u017e\u0105 nuo odos. 2. U\u017ed\u0117kite kauk\u0119 5 minut\u0117ms ir steb\u0117kite odos reakcij\u0105. Jei n\u0117ra paraudimo ir diskomforto, palikite kauk\u0119 ant veido 2-3 minutes. 3. Nuimkite kauk\u0119 ir nuplaukite veid\u0105 vandeniu. Norint sustiprinti \u0161veitimo efekt\u0105, kauk\u0117s liku\u010dius galima palikti. 7DAYS DETOX kaukes galima naudoti kaip piln\u0105 trij\u0173 pakop\u0173 kurs\u0105 maksimaliam odos valymui, arba atskirai.<\/p>\n<p><strong>Atsargumo priemon\u0117s: <\/strong>tik i\u0161oriniam naudojimui; nenaudoti pakartotinai; vengti kontakto su akimis. Patekus \u012f akis, nedelsiant praplauti dideliu kiekiu vandens ir, jei reikia, kreiptis \u012f gydytoj\u0105. Netepkite ant pa\u017eeistos odos. Nenaudoti esant padid\u0117jusiam jautrumui bet kuriai kauk\u0117s sudedamajai daliai. Nustokite naudoti, jei atsiranda dirginimas. Saugoti nuo vaik\u0173. Laikyti nuo +5 &deg;C iki +25 &deg;C temperat\u016broje.<br \/>\nPriemon\u0119 su SPF rekomenduojama tepti prie\u0161 kontakt\u0105 su tiesioginiais saul\u0117s spinduliais 2 dienas po kauk\u0117s naudojimo. Lak\u0161tin\u0119 kauk\u0119 naudokite ne da\u017eniau kaip 2 kartus per savait\u0119.<\/p>\n<p>\n<strong>2 \u017dingsnis VALYMAS<\/strong><\/p>\n<p><strong>7DAYS DETOX Lak\u0161tin\u0117 veido kauk\u0117 su kaolinu ir j\u016bros dumbliais<\/strong><br \/>\nValan\u010dioji lak\u0161tin\u0117 kauk\u0117 su kaolinu ir j\u016bros dumbliais &ndash; tai 2-asis 7DAYS DETOX odos valymo sistemos etapas. Kauk\u0117 atkim\u0161 ne\u0161varum\u0173 poras ir paruo\u0161 j\u016bs\u0173 od\u0105 intensyviam dr\u0117kinimui su fibronektino ir skvalano atkurian\u010dia &nbsp;lak\u0161tine DETOX kauke. Dviej\u0173 sud\u0117tyje esan\u010di\u0173 nat\u016brali\u0173 moli\u0173 &#8211; kaolino ir montmorilonito d\u0117ka, kauk\u0117 pasi\u017eymi sugeriamuoju poveikiu, efektyviai sutraukia poras, kovoja su netobulumais, padaro od\u0105 matin\u0119 ir lygi\u0105. J\u016bros dumbli\u0173 mi\u0161inys veikia kaip galingas dr\u0117kinamasis antioksidantas, pripildo l\u0105steles naudingais mikroelementais, suteikia stangrinimo efekt\u0105 ir pagerina veido spalv\u0105.<\/p>\n<p><strong>Naudojimas:<\/strong> 1. Nuvalykite makia\u017e\u0105 nuo odos. 2. Paskirstykite ir u\u017ed\u0117kite kauk\u0119 10-15 minu\u010di\u0173. 3. Nuimkite kauk\u0119 ir nuplaukite veid\u0105 vandeniu. 7DAYS DETOX kaukes galima naudoti kaip piln\u0105 trij\u0173 pakop\u0173 kurs\u0105 maksimaliam odos valymui, arba atskirai.<\/p>\n<p><strong>Atsargumo priemon\u0117s:<\/strong> tik i\u0161oriniam naudojimui; nenaudoti pakartotinai; vengti kontakto su akimis. Patekus \u012f akis, nedelsiant praplauti dideliu kiekiu vandens ir, jei reikia, kreiptis \u012f gydytoj\u0105. Netepkite ant pa\u017eeistos odos. Nenaudoti esant padid\u0117jusiam jautrumui bet kuriai kauk\u0117s sudedamajai daliai. Nustokite naudoti, jei atsiranda dirginimas. Saugoti nuo vaik\u0173. Laikyti nuo +5 &deg;C iki +25 &deg;C temperat\u016broje.<\/p>\n<p>&nbsp;<\/p>\n<p><strong>3 \u017dingsnis NAUJINIMAS<\/strong><br \/>\n<strong>7DAYS DETOX Lak\u0161tin\u0117 SOS veido kauk\u0117 su raminamuoju kompleksu<\/strong><br \/>\nNaujinanti lak\u0161tin\u0117 kauk\u0117 su fibronektinu ir skvalanu &ndash; tai 3-asis 7DAYS DETOX odos valymo sistemos \u017eingsnis. Kauk\u0117 prisideda prie veiksmingo odos atk\u016brimo po \u0161veitimo ir valymo proced\u016br\u0173. D\u0117l sud\u0117tyje esan\u010dio didel\u0117s molekulin\u0117s mas\u0117s baltymo fibronektino, kauk\u0117 atkuria apsaugin\u012f barjer\u0105, padidina elastingum\u0105, suteikia stangrinimo efekt\u0105 ir sulaiko dr\u0117gm\u0119 epidermio viduje l\u0105steli\u0173 lygyje. Nat\u016bralus komponentas skvalanas ramina ir maitina, taip pat ma\u017eina dirginim\u0105.<\/p>\n<p><strong>Naudojimas:<\/strong> 1. Nuvalykite makia\u017e\u0105 nuo odos. 2. Paskirstykite ir u\u017ed\u0117kite kauk\u0119 10-15 minu\u010di\u0173. 3. Nuimkite kauk\u0119 ir nuplaukite veid\u0105 vandeniu. 7DAYS DETOX kaukes galima naudoti kaip piln\u0105 trij\u0173 pakop\u0173 kurs\u0105 maksimaliam odos valymui, arba atskirai.<\/p>\n<p><strong>Atsargumo priemon\u0117s: <\/strong>tik i\u0161oriniam naudojimui; nenaudoti pakartotinai; vengti kontakto su akimis. Patekus \u012f akis, nedelsiant praplauti dideliu kiekiu vandens ir, jei reikia, kreiptis \u012f gydytoj\u0105. Netepkite ant pa\u017eeistos odos. Nenaudoti esant padid\u0117jusiam jautrumui bet kuriai kauk\u0117s sudedamajai daliai. Nustokite naudoti, jei atsiranda dirginimas. Saugoti nuo vaik\u0173. Laikyti nuo +5 &deg;C iki +25 &deg;C temperat\u016broje.<br \/>\n&nbsp;<\/p>\n","protected":false},"excerpt":{"rendered":"<p>1 \u017dingsnis PILINGAS 7DAYS DETOX lak\u0161tin\u0117 \u0161vei\u010diamoji kauk\u0117 su AHA (5%) ir BHA r\u016bg\u0161timis &Scaron;vei\u010diamoji lak\u0161tin\u0117 kauk\u0117 su AHA ir BHA r\u016bg\u0161timis yra 1-asis 7DAYS DETOX odos valymo sistemos etapas. Kauk\u0117 i\u0161valys j\u016bs\u0173 od\u0105 nuo negyv\u0173 l\u0105steli\u0173 ir paruo\u0161 veid\u0105 kitam valymo etapui su valom\u0105ja veido kauke su kaolinu ir DETOX j\u016bros dumbliais. D\u0117l 5% [&#8230;]\n","protected":false},"featured_media":96428,"template":"","meta":[],"product_cat":[2181],"product_tag":[],"class_list":{"0":"post-40487","1":"product","2":"type-product","3":"status-publish","4":"has-post-thumbnail","6":"product_brand-7days_it-lt","7":"product_cat-bez-kategorijas-lt","9":"first","10":"outofstock","11":"taxable","12":"shipping-taxable","13":"product-type-simple"},"_links":{"self":[{"href":"https:\/\/e.kosmolat.eu\/lt\/wp-json\/wp\/v2\/product\/40487","targetHints":{"allow":["GET"]}}],"collection":[{"href":"https:\/\/e.kosmolat.eu\/lt\/wp-json\/wp\/v2\/product"}],"about":[{"href":"https:\/\/e.kosmolat.eu\/lt\/wp-json\/wp\/v2\/types\/product"}],"wp:featuredmedia":[{"embeddable":true,"href":"https:\/\/e.kosmolat.eu\/lt\/wp-json\/wp\/v2\/media\/96428"}],"wp:attachment":[{"href":"https:\/\/e.kosmolat.eu\/lt\/wp-json\/wp\/v2\/media?parent=40487"}],"wp:term":[{"taxonomy":"product_cat","embeddable":true,"href":"https:\/\/e.kosmolat.eu\/lt\/wp-json\/wp\/v2\/product_cat?post=40487"},{"taxonomy":"product_tag","embeddable":true,"href":"https:\/\/e.kosmolat.eu\/lt\/wp-json\/wp\/v2\/product_tag?post=40487"}],"curies":[{"name":"wp","href":"https:\/\/api.w.org\/{rel}","templated":true}]}}