{"id":40483,"date":"2023-12-23T01:21:53","date_gmt":"2023-12-23T01:21:53","guid":{"rendered":"https:\/\/e.kosmolat.eu\/product\/7d-mbw-davanu-kompl-mattifying-paradise-attir-putas-mussserums-b3zn\/"},"modified":"2025-12-03T10:55:28","modified_gmt":"2025-12-03T10:55:28","slug":"i_7d-mbw-davanu-kompl-mattifying-paradise-attir-putas-mussserums-b3zn","status":"publish","type":"product","link":"https:\/\/e.kosmolat.eu\/lt\/produktas\/i_7d-mbw-davanu-kompl-mattifying-paradise-attir-putas-mussserums-b3zn\/","title":{"rendered":"7DAYS MY BEAUTY WEEK RINKINYS Mattifying Paradise"},"content":{"rendered":"<p><strong>1. 7DAYS MY BEAUTY WEEK Prausimosi putos Sea Foam, 50 ml<\/strong><br \/>\nPutos, skirtos \u0161velniai, bet efektyviai nuplauti ne\u0161varumus ir makia\u017eo liku\u010dius. Pantenolis atkuria, ramina ir dr\u0117kina od\u0105. Aloe Vera dr\u0117kina ir pagerina odos geb\u0117jim\u0105 atsinaujinti. Arbatmedis kovoja su ink\u0161tirais, riebiu blizgesiu ir kitais odos tr\u016bkumais.<\/p>\n<p><strong>Naudojimas: <\/strong>paskirstykite produkt\u0105 masa\u017eo judesiais ant dr\u0117gnos odos, nuplaukite vandeniu. Rekomenduojama naudoti du kartus per dien\u0105: ryte ir vakare.<\/p>\n<p><strong>Atsargumo priemon\u0117s: <\/strong>Tik i\u0161oriniam naudojimui. Vengti patekimo \u012f akis. Patekus \u012f akis, nedelsiant praplauti dideliu kiekiu vandens ir, jei reikia, kreiptis \u012f gydytoj\u0105. Netepkite ant pa\u017eeistos odos. Nenaudoti esant padid\u0117jusiam jautrumui bet kuriai produkto sudedamajai daliai. Nustokite naudoti, jei atsiranda dirginimas. Saugoti nuo vaik\u0173. Laikyti nuo +5 &deg;C iki +25 &deg;C temperat\u016broje.<\/p>\n<p><strong>2. 7DAYS MY BEAUTY WEEK Seboreguliuojantis veido &nbsp;serumas B3+ZN, 20 ml<\/strong><br \/>\nSerumas riebiai ir probleminei odai. Cinko ir vitamino B3 d\u0117ka serumas valo od\u0105, kovoja su spuogais ir matina. Cinkas sausina od\u0105, sutraukia poras, aktyvina sebumo kontrol\u0119. Vitaminas B3 padeda dr\u0117kinti, sustiprinti lipid\u0173 sluoksn\u012f ir i\u0161laikyti puiki\u0105 odos b\u016bkl\u0119, efektyviai \u0161alindamas susikaupusius riebalus.<\/p>\n<p><strong>Naudojimas:<\/strong> Sukratykite buteliuk\u0105, nedidel\u012f kiek\u012f produkto u\u017etepkite ant nuvalyto veido ir palaukite, kol visi\u0161kai \u012fsigers.<\/p>\n<p><strong>Atsargumo priemon\u0117s: <\/strong>Tik i\u0161oriniam naudojimui. Vengti patekimo \u012f akis. Patekus \u012f akis, nedelsiant praplauti dideliu kiekiu vandens ir, jei reikia, kreiptis \u012f gydytoj\u0105. Netepkite ant pa\u017eeistos odos. Nenaudoti esant padid\u0117jusiam jautrumui bet kuriai produkto sudedamajai daliai. Nustokite naudoti, jei atsiranda dirginimas. Saugoti nuo vaik\u0173. Laikyti nuo +5 &deg;C iki +25 &deg;C temperat\u016broje.<br \/>\n&nbsp;<\/p>\n","protected":false},"excerpt":{"rendered":"<p>1. 7DAYS MY BEAUTY WEEK Prausimosi putos Sea Foam, 50 ml Putos, skirtos \u0161velniai, bet efektyviai nuplauti ne\u0161varumus ir makia\u017eo liku\u010dius. Pantenolis atkuria, ramina ir dr\u0117kina od\u0105. Aloe Vera dr\u0117kina ir pagerina odos geb\u0117jim\u0105 atsinaujinti. Arbatmedis kovoja su ink\u0161tirais, riebiu blizgesiu ir kitais odos tr\u016bkumais. Naudojimas: paskirstykite produkt\u0105 masa\u017eo judesiais ant dr\u0117gnos odos, nuplaukite vandeniu. [&#8230;]\n","protected":false},"featured_media":101306,"template":"","meta":[],"product_cat":[1855],"product_tag":[],"class_list":{"0":"post-40483","1":"product","2":"type-product","3":"status-publish","4":"has-post-thumbnail","6":"product_brand-7days_it-lt","7":"product_cat-dovanu-rinkiniai-moterim","9":"first","10":"instock","11":"taxable","12":"shipping-taxable","13":"product-type-simple"},"_links":{"self":[{"href":"https:\/\/e.kosmolat.eu\/lt\/wp-json\/wp\/v2\/product\/40483","targetHints":{"allow":["GET"]}}],"collection":[{"href":"https:\/\/e.kosmolat.eu\/lt\/wp-json\/wp\/v2\/product"}],"about":[{"href":"https:\/\/e.kosmolat.eu\/lt\/wp-json\/wp\/v2\/types\/product"}],"wp:featuredmedia":[{"embeddable":true,"href":"https:\/\/e.kosmolat.eu\/lt\/wp-json\/wp\/v2\/media\/101306"}],"wp:attachment":[{"href":"https:\/\/e.kosmolat.eu\/lt\/wp-json\/wp\/v2\/media?parent=40483"}],"wp:term":[{"taxonomy":"product_cat","embeddable":true,"href":"https:\/\/e.kosmolat.eu\/lt\/wp-json\/wp\/v2\/product_cat?post=40483"},{"taxonomy":"product_tag","embeddable":true,"href":"https:\/\/e.kosmolat.eu\/lt\/wp-json\/wp\/v2\/product_tag?post=40483"}],"curies":[{"name":"wp","href":"https:\/\/api.w.org\/{rel}","templated":true}]}}