{"id":40475,"date":"2023-12-23T01:21:09","date_gmt":"2023-12-23T01:21:09","guid":{"rendered":"https:\/\/e.kosmolat.eu\/product\/cistjuna-stiklu-mazgasanas-lidzeklis-500-ml-sprejs\/"},"modified":"2026-05-08T16:55:11","modified_gmt":"2026-05-08T16:55:11","slug":"cistjuna-stiklu-mazgasanas-lidzeklis-500-ml-sprejs","status":"publish","type":"product","link":"https:\/\/e.kosmolat.eu\/lt\/produktas\/cistjuna-stiklu-mazgasanas-lidzeklis-500-ml-sprejs\/","title":{"rendered":"\u010cISTIUNIA Stiklo valymo pur\u0161kiklis, 500 ml"},"content":{"rendered":"<p>Priemon\u0117 stiklams ir blizgiems pavir\u0161iams plauti. Lengvai ir greitai pa\u0161alina ne\u0161varumus, riebalus, suod\u017eius ir kitus ne\u0161varumus nuo lang\u0173 stikl\u0173 pavir\u0161i\u0173, vitrin\u0173, automobili\u0173 stikl\u0173, veidrod\u017ei\u0173, plyteli\u0173, elektros prietais\u0173 i\u0161orini\u0173 pavir\u0161i\u0173, chromuot\u0173 ir nikeliuot\u0173 blizgi\u0173 pavir\u0161i\u0173.<\/p>\n<p><strong>Naudojimas: <\/strong>U\u017etepkite produkt\u0105 ant pavir\u0161iaus purk\u0161tuvu arba mink\u0161tu skudur\u0117liu, lengvais judesiais nusausinkite pavir\u0161i\u0173.<\/p>\n<p><strong>Atsargumo priemon\u0117s: <\/strong>Neapdorokite medini\u0173, lakuot\u0173 ar neatspari\u0173 pavir\u0161i\u0173. Laikyti atokiai nuo maisto, vaikams ir naminiams gyv\u016bn\u0117liams nepasiekiamoje vietoje.<\/p>\n<p><strong>Laikymo s\u0105lygos: <\/strong>nuo -5&deg;C iki +35&deg;\u0421, sandariai u\u017edarytoje talpykloje, , vertikalioje pad\u0117tyje toliau nuo \u0161ilumos \u0161altini\u0173, saul\u0117s spinduli\u0173, krituli\u0173.<br \/>\n&nbsp;<\/p>\n","protected":false},"excerpt":{"rendered":"<p>Priemon\u0117 stiklams ir blizgiems pavir\u0161iams plauti. Lengvai ir greitai pa\u0161alina ne\u0161varumus, riebalus, suod\u017eius ir kitus ne\u0161varumus nuo lang\u0173 stikl\u0173 pavir\u0161i\u0173, vitrin\u0173, automobili\u0173 stikl\u0173, veidrod\u017ei\u0173, plyteli\u0173, elektros prietais\u0173 i\u0161orini\u0173 pavir\u0161i\u0173, chromuot\u0173 ir nikeliuot\u0173 blizgi\u0173 pavir\u0161i\u0173. Naudojimas: U\u017etepkite produkt\u0105 ant pavir\u0161iaus purk\u0161tuvu arba mink\u0161tu skudur\u0117liu, lengvais judesiais nusausinkite pavir\u0161i\u0173. Atsargumo priemon\u0117s: Neapdorokite medini\u0173, lakuot\u0173 ar neatspari\u0173 pavir\u0161i\u0173. [&#8230;]\n","protected":false},"featured_media":100476,"template":"","meta":[],"product_cat":[1722],"product_tag":[],"class_list":{"0":"post-40475","1":"product","2":"type-product","3":"status-publish","4":"has-post-thumbnail","6":"product_brand-elfa_ua-lt","7":"product_cat-langams-ir-stiklui","9":"first","10":"instock","11":"taxable","12":"shipping-taxable","13":"product-type-simple"},"_links":{"self":[{"href":"https:\/\/e.kosmolat.eu\/lt\/wp-json\/wp\/v2\/product\/40475","targetHints":{"allow":["GET"]}}],"collection":[{"href":"https:\/\/e.kosmolat.eu\/lt\/wp-json\/wp\/v2\/product"}],"about":[{"href":"https:\/\/e.kosmolat.eu\/lt\/wp-json\/wp\/v2\/types\/product"}],"wp:featuredmedia":[{"embeddable":true,"href":"https:\/\/e.kosmolat.eu\/lt\/wp-json\/wp\/v2\/media\/100476"}],"wp:attachment":[{"href":"https:\/\/e.kosmolat.eu\/lt\/wp-json\/wp\/v2\/media?parent=40475"}],"wp:term":[{"taxonomy":"product_cat","embeddable":true,"href":"https:\/\/e.kosmolat.eu\/lt\/wp-json\/wp\/v2\/product_cat?post=40475"},{"taxonomy":"product_tag","embeddable":true,"href":"https:\/\/e.kosmolat.eu\/lt\/wp-json\/wp\/v2\/product_tag?post=40475"}],"curies":[{"name":"wp","href":"https:\/\/api.w.org\/{rel}","templated":true}]}}