{"id":40455,"date":"2023-12-23T01:18:58","date_gmt":"2023-12-23T01:18:58","guid":{"rendered":"https:\/\/e.kosmolat.eu\/product\/cm-sf-dusas-zeleja-mellene-un-kadikis-100-ml\/"},"modified":"2025-08-26T07:42:45","modified_gmt":"2025-08-26T07:42:45","slug":"i_cm-sf-dusas-zeleja-mellene-un-kadikis-100-ml","status":"publish","type":"product","link":"https:\/\/e.kosmolat.eu\/lt\/produktas\/i_cm-sf-dusas-zeleja-mellene-un-kadikis-100-ml\/","title":{"rendered":"I_CAFE MIMI SUPER FOOD Du\u0161o \u017eel\u0117 M\u0117lyn\u0117s ir kadagiai, 100 ml"},"content":{"rendered":"<p>Sud\u0117tyje yra m\u0117lyni\u0173, kadagi\u0173 ekstrakto, augalin\u0117s kilm\u0117s betaino. 97,5% nat\u016bralios kilm\u0117s ingredient\u0173. &Scaron;velnus odos valymas. &Scaron;velnumas ir dr\u0117kinimas. Nat\u016bralaus odos vandens balanso atk\u016brimas.<\/p>\n<p><strong>Naudojimas:<\/strong> tepkite ant dr\u0117gnos odos, suputokite, nuplaukite \u0161iltu vandeniu. Tik i\u0161oriniam naudojimui. Laikyti sausoje vietoje, nuo 0 &ordm;C iki +25 &ordm;C temperat\u016broje.<\/p>\n","protected":false},"excerpt":{"rendered":"<p>Sud\u0117tyje yra m\u0117lyni\u0173, kadagi\u0173 ekstrakto, augalin\u0117s kilm\u0117s betaino. 97,5% nat\u016bralios kilm\u0117s ingredient\u0173. &Scaron;velnus odos valymas. &Scaron;velnumas ir dr\u0117kinimas. Nat\u016bralaus odos vandens balanso atk\u016brimas. Naudojimas: tepkite ant dr\u0117gnos odos, suputokite, nuplaukite \u0161iltu vandeniu. Tik i\u0161oriniam naudojimui. Laikyti sausoje vietoje, nuo 0 &ordm;C iki +25 &ordm;C temperat\u016broje.<\/p>\n","protected":false},"featured_media":12077,"template":"","meta":[],"product_cat":[1282],"product_tag":[],"class_list":{"0":"post-40455","1":"product","2":"type-product","3":"status-publish","4":"has-post-thumbnail","6":"product_brand-ecolab_cs-lt","7":"product_cat-duso-geliai-ir-duso-aliejai","9":"first","10":"outofstock","11":"taxable","12":"shipping-taxable","13":"product-type-simple"},"_links":{"self":[{"href":"https:\/\/e.kosmolat.eu\/lt\/wp-json\/wp\/v2\/product\/40455","targetHints":{"allow":["GET"]}}],"collection":[{"href":"https:\/\/e.kosmolat.eu\/lt\/wp-json\/wp\/v2\/product"}],"about":[{"href":"https:\/\/e.kosmolat.eu\/lt\/wp-json\/wp\/v2\/types\/product"}],"wp:featuredmedia":[{"embeddable":true,"href":"https:\/\/e.kosmolat.eu\/lt\/wp-json\/wp\/v2\/media\/12077"}],"wp:attachment":[{"href":"https:\/\/e.kosmolat.eu\/lt\/wp-json\/wp\/v2\/media?parent=40455"}],"wp:term":[{"taxonomy":"product_cat","embeddable":true,"href":"https:\/\/e.kosmolat.eu\/lt\/wp-json\/wp\/v2\/product_cat?post=40455"},{"taxonomy":"product_tag","embeddable":true,"href":"https:\/\/e.kosmolat.eu\/lt\/wp-json\/wp\/v2\/product_tag?post=40455"}],"curies":[{"name":"wp","href":"https:\/\/api.w.org\/{rel}","templated":true}]}}