{"id":40451,"date":"2023-12-23T01:18:39","date_gmt":"2023-12-23T01:18:39","guid":{"rendered":"https:\/\/e.kosmolat.eu\/product\/7d-mbw-davanu-kompl-fall-in-love-with-your-skin-maska-pilings-skvalana-serums\/"},"modified":"2025-11-28T11:02:39","modified_gmt":"2025-11-28T11:02:39","slug":"i_7d-mbw-davanu-kompl-fall-in-love-with-your-skin-maska-pilings-skvalana-serums","status":"publish","type":"product","link":"https:\/\/e.kosmolat.eu\/lt\/produktas\/i_7d-mbw-davanu-kompl-fall-in-love-with-your-skin-maska-pilings-skvalana-serums\/","title":{"rendered":"7DAYS MY BEAUTY WEEK RINKINYS Fall in Love with Your Skin"},"content":{"rendered":"<p><strong>1. 7DAYS MY BEAUTY WEEK &Scaron;vei\u010diamoji molio &nbsp;kauk\u0117 2-in-1 Detox Skin, 50 ml<\/strong><br \/>\nVeido kauk\u0117 + \u0161veitiklis 2 in 1 giliam valymui ir odos prie\u017ei\u016brai. Cinkas ir baltasis molis kaip kauk\u0117s dalis veiksmingai kovoja su spuogais ir odos nelygumais, matina j\u0105. Baltasis molis \u0161velniai i\u0161traukia ne\u0161varumus, sutraukia poras, i\u0161lygina odos atspalv\u012f ir tekst\u016br\u0105. Cinkas sausina od\u0105 ir reguliuoja riebal\u0173 gamyb\u0105. J\u016bros dumbliai dr\u0117kina od\u0105, padeda atkurti pusiausvyr\u0105 ir suteikia liftingo efekt\u0105. Adzuki pupel\u0117s \u0161velniai nu\u0161vei\u010dia ir tirpsta s\u0105ly\u010dio metu nepa\u017eeisdamos odos.<\/p>\n<p><strong>Naudojimas:&nbsp;<\/strong>Nr. 1. Kauk\u0117: Tepkite produkt\u0105 ant nuvalytos odos, kol visi\u0161kai i\u0161d\u017eius, nuplaukite vandeniu.&nbsp;Nr. 2. &Scaron;veitimas: U\u017etepkite priemon\u0119, masa\u017euodami od\u0105 1-2 minutes, nuplaukite vandeniu.<\/p>\n<p><strong>Atsargumo priemon\u0117s:<\/strong> Tik i\u0161oriniam naudojimui. Vengti patekimo \u012f akis. Patekus \u012f akis, nedelsiant praplauti dideliu kiekiu vandens ir, jei reikia, kreiptis \u012f gydytoj\u0105. Netepkite ant pa\u017eeistos odos. Nenaudoti esant padid\u0117jusiam jautrumui bet kuriai produkto sudedamajai daliai. Nustokite naudoti, jei atsiranda dirginimas. Saugoti nuo vaik\u0173. Laikyti nuo +5 &deg;C iki +25 &deg;C temperat\u016broje.<\/p>\n<p><strong>2. 7DAYS MY BEAUTY WEEK Atgaivinantis veido serumas Milky Boost Squalane 1,5%, 20 ml<\/strong><br \/>\nSerumas greitam odos atstatymui ir transformacijai. Skvalanas yra \u012fsiterpia \u012f lipidin\u012f odos sluoksn\u012f, j\u012f stiprina, dr\u0117kina ir mink\u0161tina. J\u016bros dumbliai turi galing\u0105 jauninam\u0105j\u012f poveik\u012f, jie pritraukia ir sulaiko dr\u0117gm\u0119.<\/p>\n<p><strong>Naudojimas: <\/strong>nedidel\u012f kiek\u012f priemon\u0117s u\u017etepkite ant nuvalyto veido ir palaukite, kol visi\u0161kai \u012fsigers.<\/p>\n<p><strong>Atsargumo priemon\u0117s:<\/strong> Tik i\u0161oriniam naudojimui. Vengti patekimo \u012f akis. Patekus \u012f akis, nedelsiant praplauti dideliu kiekiu vandens ir, jei reikia, kreiptis \u012f gydytoj\u0105. Netepkite ant pa\u017eeistos odos. Nenaudoti esant padid\u0117jusiam jautrumui bet kuriai produkto sudedamajai daliai. Nustokite naudoti, jei atsiranda dirginimas. Saugoti nuo vaik\u0173. Laikyti nuo +5 &deg;C iki +25 &deg;C temperat\u016broje.<br \/>\n&nbsp;<\/p>\n","protected":false},"excerpt":{"rendered":"<p>1. 7DAYS MY BEAUTY WEEK &Scaron;vei\u010diamoji molio &nbsp;kauk\u0117 2-in-1 Detox Skin, 50 ml Veido kauk\u0117 + \u0161veitiklis 2 in 1 giliam valymui ir odos prie\u017ei\u016brai. Cinkas ir baltasis molis kaip kauk\u0117s dalis veiksmingai kovoja su spuogais ir odos nelygumais, matina j\u0105. Baltasis molis \u0161velniai i\u0161traukia ne\u0161varumus, sutraukia poras, i\u0161lygina odos atspalv\u012f ir tekst\u016br\u0105. Cinkas sausina [&#8230;]\n","protected":false},"featured_media":101310,"template":"","meta":[],"product_cat":[2181],"product_tag":[],"class_list":{"0":"post-40451","1":"product","2":"type-product","3":"status-publish","4":"has-post-thumbnail","6":"product_brand-7days_it-lt","7":"product_cat-bez-kategorijas-lt","9":"first","10":"outofstock","11":"taxable","12":"shipping-taxable","13":"product-type-simple"},"_links":{"self":[{"href":"https:\/\/e.kosmolat.eu\/lt\/wp-json\/wp\/v2\/product\/40451","targetHints":{"allow":["GET"]}}],"collection":[{"href":"https:\/\/e.kosmolat.eu\/lt\/wp-json\/wp\/v2\/product"}],"about":[{"href":"https:\/\/e.kosmolat.eu\/lt\/wp-json\/wp\/v2\/types\/product"}],"wp:featuredmedia":[{"embeddable":true,"href":"https:\/\/e.kosmolat.eu\/lt\/wp-json\/wp\/v2\/media\/101310"}],"wp:attachment":[{"href":"https:\/\/e.kosmolat.eu\/lt\/wp-json\/wp\/v2\/media?parent=40451"}],"wp:term":[{"taxonomy":"product_cat","embeddable":true,"href":"https:\/\/e.kosmolat.eu\/lt\/wp-json\/wp\/v2\/product_cat?post=40451"},{"taxonomy":"product_tag","embeddable":true,"href":"https:\/\/e.kosmolat.eu\/lt\/wp-json\/wp\/v2\/product_tag?post=40451"}],"curies":[{"name":"wp","href":"https:\/\/api.w.org\/{rel}","templated":true}]}}