{"id":40447,"date":"2023-12-23T01:18:17","date_gmt":"2023-12-23T01:18:17","guid":{"rendered":"https:\/\/e.kosmolat.eu\/product\/i_7d-animal-sej-masku-davanu-kompl-funny-beauty-set-4-gab\/"},"modified":"2026-04-09T15:52:24","modified_gmt":"2026-04-09T15:52:24","slug":"i_7d-animal-sej-masku-davanu-kompl-funny-beauty-set-4-gab","status":"publish","type":"product","link":"https:\/\/e.kosmolat.eu\/lt\/produktas\/i_7d-animal-sej-masku-davanu-kompl-funny-beauty-set-4-gab\/","title":{"rendered":"7DAYS ANIMAL MASK Rinkinys veido kauk\u0117s Funny Beauty 4vnt"},"content":{"rendered":"<p><strong>1. Veido kauk\u0117 Pretty Kitty su avie\u010di\u0173 sultimis ir levand\u0173 ekstraktu, 28 g<\/strong><br \/>\n&Scaron;i kauk\u0117 turi mielo ka\u010diuko charakter\u012f:<br \/>\n&Scaron;velnumas: avie\u010di\u0173 sultys suteikia odai \u0161velnumo ir glotnumo, aksominio spindesio, tod\u0117l od\u0105 malonu liesti. Ramumas: levandos turi ry\u0161k\u0173 raminam\u0105j\u012f poveik\u012f ir puikias atkuriam\u0105sias savybes. Energija: vitamin\u0173 kokteilis giliai regeneruoja, padeda odai atrodyti sveikai. \u017daismingumas: u\u017esid\u0117jus \u0161i\u0105 kauk\u0119 nor\u0117sis murkti.<\/p>\n<p><strong>2. Lak\u0161tin\u0117 veido kauk\u0117 su taigos uog\u0173 ir verben\u0173 ekstraktais Wild Tiger, 28 g<\/strong><br \/>\nKaip ir laukinis tigras, \u0161i kauk\u0117 turi: Stipryb\u0117s: Taigos uog\u0173 ekstraktas pasi\u017eymi galingomis savyb\u0117mis, &#8211; tonizuoja ir suteikia energijos. Ilgaam\u017ei\u0161kumas: Verbenos ekstraktas veiksmingai pa\u0161alina nuovargio po\u017eymius ir padeda odai ilgiau atrodyti gaiviai ir sveikai. Greitis: d\u0117l unikalios formul\u0117s kauk\u0117 veikia greitai ir efektyviai. Pastebimi rezultatai vos per 20 minu\u010di\u0173. Dominavimas: kart\u0105 i\u0161band\u0119 \u0161i\u0105 kauk\u0119, j\u0105 myl\u0117site am\u017einai.<\/p>\n<p><strong>3. Sweet Panda veido kauk\u0117 su bambuko ekstraktu ir soj\u0173 aliejumi, 28 g<\/strong><br \/>\n&Scaron;i kauk\u0117 suteikia tai, k\u0105 m\u0117gsta panda:&nbsp;Grynumas: Bambuko ekstraktas skatina epidermio valymo ir detoksikacijos proces\u0105, gerina odos tonus\u0105 ir elastingum\u0105. Prie\u017ei\u016bra: Vitamin\u0173 A, B, C ir E kompleksas turi gil\u0173 atkuriam\u0105j\u012f poveik\u012f, r\u016bpestingai r\u016bpinasi j\u016bs\u0173 oda. Mink&scaron;tumas: soj\u0173 aliejus suteikia &scaron;velnumo ir glotnumo, suteikia odai lengvumo ir orumo bei padeda &bdquo;spind\u0117ti i&scaron; vidaus&ldquo;. Teigiama: kauk\u0117s dizainas nud\u017eiugins jus ir aplinkinius.&nbsp;<strong>\u012esp\u0117jimas<\/strong><strong>:<\/strong> sud\u0117tyje yra vitamino A. Prie&scaron; naudojant atsi\u017evelgti \u012f paros doz\u0119.<\/p>\n<p><strong>4. Happy Sea Calf lak\u0161tin\u0117 veido kauk\u0117 su dumbli\u0173 ir islandini\u0173 saman\u0173 ekstraktais, 28 g<\/strong><br \/>\nKauk\u0117 suteikia tai, k\u0105 m\u0117gsta visi kailiniai ruoniai: gaivum\u0105: dumbli\u0173 ekstraktas gaivina, pripildo od\u0105 maistin\u0117mis med\u017eiagomis, gerina odos elastingum\u0105 ir tonus\u0105. Suteikia energijos: Islandijos samanos suma\u017eina nuovargio po\u017eymius, tod\u0117l oda ilgiau atrodo gaivi ir sveika. Dr\u0117kinimas: Lengvai, gaivina taukmed\u017eio sviesto ir kvie\u010di\u0173 gemal\u0173 komplekso formul\u0117 puikiai dr\u0117kina ir maitina od\u0105. I\u0161skirtinumas: u\u017esid\u0117ti kauk\u0119, pa\u017ei\u016br\u0117ti \u012f veidrod\u012f. Tai juokinga, ar ne?<\/p>\n<p><strong>Naudojimas:<\/strong> Nuvalykite veid\u0105. U\u017ed\u0117kite kauk\u0119 ant veido 10-15 minu\u010di\u0173. Nor\u0117dami pagyvinti laukim\u0105, galite pasidaryti asmenuk\u0119 ir paskelbti j\u0105 soc. tinkuose. Nu\u0117m\u0119 kauk\u0119 masa\u017euokite veid\u0105. Pa\u0161alinkite pertekli\u0173 su kosmetine servet\u0117le, nuplaukite veid\u0105 vandeniu.<\/p>\n<p><strong>Atsargumo priemon\u0117s:<\/strong> tik i\u0161oriniam naudojimui; nenaudoti pakartotinai; vengti kontakto su akimis. Patekus \u012f akis, nedelsiant praplauti dideliu kiekiu vandens ir, jei reikia, kreiptis \u012f gydytoj\u0105. Netepkite ant pa\u017eeistos odos. Nenaudoti esant padid\u0117jusiam jautrumui bet kuriai kauk\u0117s sudedamajai daliai. Nustokite naudoti, jei atsiranda dirginimas. Saugoti nuo vaik\u0173. Laikyti nuo +5 &deg;C iki +25 &deg;C temperat\u016broje.<br \/>\n&nbsp;<\/p>\n","protected":false},"excerpt":{"rendered":"<p>1. Veido kauk\u0117 Pretty Kitty su avie\u010di\u0173 sultimis ir levand\u0173 ekstraktu, 28 g &Scaron;i kauk\u0117 turi mielo ka\u010diuko charakter\u012f: &Scaron;velnumas: avie\u010di\u0173 sultys suteikia odai \u0161velnumo ir glotnumo, aksominio spindesio, tod\u0117l od\u0105 malonu liesti. Ramumas: levandos turi ry\u0161k\u0173 raminam\u0105j\u012f poveik\u012f ir puikias atkuriam\u0105sias savybes. Energija: vitamin\u0173 kokteilis giliai regeneruoja, padeda odai atrodyti sveikai. \u017daismingumas: u\u017esid\u0117jus \u0161i\u0105 [&#8230;]\n","protected":false},"featured_media":105208,"template":"","meta":[],"product_cat":[1855],"product_tag":[],"class_list":{"0":"post-40447","1":"product","2":"type-product","3":"status-publish","4":"has-post-thumbnail","6":"product_brand-7days_it-lt","7":"product_cat-dovanu-rinkiniai-moterim","9":"first","10":"instock","11":"taxable","12":"shipping-taxable","13":"product-type-simple"},"_links":{"self":[{"href":"https:\/\/e.kosmolat.eu\/lt\/wp-json\/wp\/v2\/product\/40447","targetHints":{"allow":["GET"]}}],"collection":[{"href":"https:\/\/e.kosmolat.eu\/lt\/wp-json\/wp\/v2\/product"}],"about":[{"href":"https:\/\/e.kosmolat.eu\/lt\/wp-json\/wp\/v2\/types\/product"}],"wp:featuredmedia":[{"embeddable":true,"href":"https:\/\/e.kosmolat.eu\/lt\/wp-json\/wp\/v2\/media\/105208"}],"wp:attachment":[{"href":"https:\/\/e.kosmolat.eu\/lt\/wp-json\/wp\/v2\/media?parent=40447"}],"wp:term":[{"taxonomy":"product_cat","embeddable":true,"href":"https:\/\/e.kosmolat.eu\/lt\/wp-json\/wp\/v2\/product_cat?post=40447"},{"taxonomy":"product_tag","embeddable":true,"href":"https:\/\/e.kosmolat.eu\/lt\/wp-json\/wp\/v2\/product_tag?post=40447"}],"curies":[{"name":"wp","href":"https:\/\/api.w.org\/{rel}","templated":true}]}}